{"id":2394,"date":"2021-09-13T16:17:01","date_gmt":"2021-09-13T13:17:01","guid":{"rendered":"https:\/\/www.toisenlainenlahja.fi\/yhteystiedot\/"},"modified":"2026-04-30T14:52:54","modified_gmt":"2026-04-30T11:52:54","slug":"yhteystiedot","status":"publish","type":"page","link":"https:\/\/www.toisenlainenlahja.fi\/sv\/yhteystiedot\/","title":{"rendered":"Kontakt"},"content":{"rendered":"\n<div class=\"block-hero fullbleed \" style=\"background-image:url('https:\/\/www.toisenlainenlahja.fi\/wp-content\/uploads\/2022\/08\/yhteystiedot1920_980.jpg');\" >\n    <div class=\"mobile-image\"  style=\"background-image:url('https:\/\/www.toisenlainenlahja.fi\/wp-content\/uploads\/2022\/08\/yhteystiedot-mobiili.jpg');\" >\n        <div class=\"container\">\n            <div class=\"row\">\n                <div class=\"col-12 col-md-9 col-lg-6\">\n                    <div class=\"hero-text-content d-flex flex-column justify-content-start\">\n                                                <h1 class=\"hero-title h1 h1-with-bg\"><span class=\"bg\">Kontakt<\/span><\/h1>\n                                                                    <\/div>\n                <\/div>\n                            <\/div>\n        <\/div>\n    <\/div>\n<\/div>\n\n\n\n\n<div class=\"block-map\">\n    <div class=\"row justify-content-center\">\n                <div class=\"col-12 col-lg-6 col-xl-5 d-flex align-items-center\">\n            <div class=\"map-holder\">\n                <div class=\"acf-map\" id=\"map\" style=\"min-height:300px;\" data-key=\"AIzaSyDik58nxxOb4C3Wvj_Yr23z0mVXcSVLzt4\">\n                    <div class=\"marker\" data-lat=\"60.1646675\" data-lng=\"24.9524093\"><\/div>\n                <\/div>\n            <\/div>\n        <\/div>\n                <div class=\"col-12 col-lg-6 offset-xl-1 text-content\">\n            <div class=\"tex-holder\">\n                \n\n<h2 class=\"wp-block-heading\">Kundtj\u00e4nsten<\/h2>\n\n\n\n<p>Kundtj\u00e4nsten \u00e4r \u00f6ppen m\u00e5\u2013fr kl. 10\u201314 <br><br><br><br><strong>Du kan \u00e4ven best\u00e4lla Annorlunda G\u00e5vor genom att ringa eller skicka e-post till kundtj\u00e4nsten. <\/strong>Om du har br\u00e5ttom med att skaffa ett kort, ring innan du kommer f\u00f6r att s\u00e4kra dig om att personalen f\u00f6r donationstj\u00e4nsten \u00e4r p\u00e5 plats.<\/p>\n\n\n\n<p>E-post: annorlundagava@kyrkansutlandshjalp.fi<\/p>\n\n\n\n<p>Telefon: 020 787 1201 (p\u00e5 finska)<br>Samtalet kostar 8,35 cent\/samtal + 16,69 cent\/minut.<br><br><\/p>\n\n\n\n<p><strong>Bes\u00f6ksadress:<br><\/strong>S\u00f6dra Kajen 8<br>00130 Helsingfors<\/p>\n\n\n\n<p><strong>Postadress:<br><\/strong>Kyrkans Utlandshj\u00e4lp<br>PB 210<br>00130 Helsingfors<br>FO-nummer 0998454-4<\/p>\n\n\n            <\/div>\n        <\/div>\n    <\/div>\n<\/div>\n\n\n    <div class=\"block-highlighted-content fullbleed has-bgcolor bg-color-green\">\n\n        <div class=\"container\">\n\n                        <div class=\"row justify-content-center\">\n                <div class=\"col-12\">\n                    <h2 class=\"title h1 white\">Bekanta dig med v\u00e5rt arbete<\/h2>\n                <\/div>\n            <\/div>\n            \n            \n            <div class=\"row justify-content-center\">\n                            <div class=\"col-12 col-md-8 col-lg-4\">\n                                        <div class=\"card card-content\">\n                                                <div class=\"image-holder\">\n                            <img decoding=\"async\" src=\"https:\/\/www.toisenlainenlahja.fi\/wp-content\/uploads\/2022\/07\/useinkysyttya707_705.jpg\" width=\"705\" height=\"705\" alt=\"\" loading=\"lazy\">                        <\/div>\n                                                <div class=\"text-holder\">\n                                                            <h3 class=\"content-title h5\">Vanliga fr\u00e5gor<\/h3>\n                                                                                        <div class=\"text\">Letar du efter ett svar p\u00e5 en fr\u00e5ga? Kolla in ofta st\u00e4llda fr\u00e5gor och svar.<\/div>\n                                                                                        <div class=\"link\">\n                                    <a href=\"https:\/\/www.toisenlainenlahja.fi\/sv\/vanliga-fragor\/\" class=\"button\" >Vanliga fr\u00e5gor<\/a>                                <\/div>\n                                                    <\/div>\n                    <\/div>\n                <\/div>\n                                <div class=\"col-12 col-md-8 col-lg-4\">\n                                        <div class=\"card card-content\">\n                                                <div class=\"image-holder\">\n                            <img decoding=\"async\" src=\"https:\/\/www.toisenlainenlahja.fi\/wp-content\/uploads\/2022\/07\/tilausohjeetpieni.jpg\" width=\"705\" height=\"500\" alt=\"\" loading=\"lazy\">                        <\/div>\n                                                <div class=\"text-holder\">\n                                                            <h3 class=\"content-title h5\">Best\u00e4llningsinstruktioner<\/h3>\n                                                                                        <div class=\"text\">H\u00e4r hittar du best\u00e4llningsinstruktioner.<\/div>\n                                                                                        <div class=\"link\">\n                                    <a href=\"https:\/\/www.toisenlainenlahja.fi\/sv\/tilausohjeet\/\" class=\"button\" >Best\u00e4llningsinstruktioner<\/a>                                <\/div>\n                                                    <\/div>\n                    <\/div>\n                <\/div>\n                                <div class=\"col-12 col-md-8 col-lg-4\">\n                                        <div class=\"card card-content\">\n                                                <div class=\"image-holder\">\n                            <img decoding=\"async\" src=\"https:\/\/www.toisenlainenlahja.fi\/wp-content\/uploads\/2022\/07\/lahjasiauttaanain.jpg\" width=\"705\" height=\"563\" alt=\"\" loading=\"lazy\">                        <\/div>\n                                                <div class=\"text-holder\">\n                                                            <h3 class=\"content-title h5\">Hur din g\u00e5va hj\u00e4lper<\/h3>\n                                                                                        <div class=\"text\">L\u00e4s ber\u00e4ttelser om hur Annorlunda G\u00e5vor har hj\u00e4lpt.<\/div>\n                                                                                        <div class=\"link\">\n                                    <a href=\"https:\/\/www.toisenlainenlahja.fi\/sv\/nain-lahjasi-auttaa\/\" class=\"button\" >Hur din g\u00e5va hj\u00e4lper<\/a>                                <\/div>\n                                                    <\/div>\n                    <\/div>\n                <\/div>\n                            <\/div>\n\n            \n        <\/div>\n    <\/div>\n","protected":false},"excerpt":{"rendered":"","protected":false},"author":1,"featured_media":0,"parent":0,"menu_order":0,"comment_status":"closed","ping_status":"closed","template":"","meta":{"_acf_changed":false,"footnotes":""},"class_list":["post-2394","page","type-page","status-publish","hentry"],"acf":[],"yoast_head":"<!-- This site is optimized with the Yoast SEO plugin v27.5 - https:\/\/yoast.com\/product\/yoast-seo-wordpress\/ -->\n<title>Kontakt - Annorlunda G\u00e5va<\/title>\n<meta name=\"description\" content=\"Om du vill ha r\u00e5d eller ytterligare information om anv\u00e4ndningen av Annorlunda g\u00e5va, ta kontakt.\" \/>\n<meta name=\"robots\" content=\"index, follow, max-snippet:-1, max-image-preview:large, max-video-preview:-1\" \/>\n<link rel=\"canonical\" href=\"https:\/\/www.toisenlainenlahja.fi\/sv\/yhteystiedot\/\" \/>\n<meta property=\"og:locale\" content=\"sv_SE\" \/>\n<meta property=\"og:type\" content=\"article\" \/>\n<meta property=\"og:title\" content=\"Kontakt - Annorlunda G\u00e5va\" \/>\n<meta property=\"og:description\" content=\"Om du vill ha r\u00e5d eller ytterligare information om anv\u00e4ndningen av Annorlunda g\u00e5va, ta kontakt.\" \/>\n<meta property=\"og:url\" content=\"https:\/\/www.toisenlainenlahja.fi\/sv\/yhteystiedot\/\" \/>\n<meta property=\"og:site_name\" content=\"Annorlunda G\u00e5va\" \/>\n<meta property=\"article:modified_time\" content=\"2026-04-30T11:52:54+00:00\" \/>\n<meta name=\"twitter:card\" content=\"summary_large_image\" \/>\n<meta name=\"twitter:label1\" content=\"Ber\u00e4knad l\u00e4stid\" \/>\n\t<meta name=\"twitter:data1\" content=\"2 minuter\" \/>\n<script type=\"application\/ld+json\" class=\"yoast-schema-graph\">{\"@context\":\"https:\\\/\\\/schema.org\",\"@graph\":[{\"@type\":\"WebPage\",\"@id\":\"https:\\\/\\\/www.toisenlainenlahja.fi\\\/sv\\\/yhteystiedot\\\/\",\"url\":\"https:\\\/\\\/www.toisenlainenlahja.fi\\\/sv\\\/yhteystiedot\\\/\",\"name\":\"Kontakt - Annorlunda G\u00e5va\",\"isPartOf\":{\"@id\":\"https:\\\/\\\/www.toisenlainenlahja.fi\\\/#website\"},\"datePublished\":\"2021-09-13T13:17:01+00:00\",\"dateModified\":\"2026-04-30T11:52:54+00:00\",\"description\":\"Om du vill ha r\u00e5d eller ytterligare information om anv\u00e4ndningen av Annorlunda g\u00e5va, ta kontakt.\",\"inLanguage\":\"sv-SE\",\"potentialAction\":[{\"@type\":\"ReadAction\",\"target\":[\"https:\\\/\\\/www.toisenlainenlahja.fi\\\/sv\\\/yhteystiedot\\\/\"]}]},{\"@type\":\"WebSite\",\"@id\":\"https:\\\/\\\/www.toisenlainenlahja.fi\\\/#website\",\"url\":\"https:\\\/\\\/www.toisenlainenlahja.fi\\\/\",\"name\":\"Annorlunda G\u00e5va\",\"description\":\"\",\"publisher\":{\"@id\":\"https:\\\/\\\/www.toisenlainenlahja.fi\\\/#organization\"},\"potentialAction\":[{\"@type\":\"SearchAction\",\"target\":{\"@type\":\"EntryPoint\",\"urlTemplate\":\"https:\\\/\\\/www.toisenlainenlahja.fi\\\/?s={search_term_string}\"},\"query-input\":{\"@type\":\"PropertyValueSpecification\",\"valueRequired\":true,\"valueName\":\"search_term_string\"}}],\"inLanguage\":\"sv-SE\"},{\"@type\":\"Organization\",\"@id\":\"https:\\\/\\\/www.toisenlainenlahja.fi\\\/#organization\",\"name\":\"Toisenlainen Lahja\",\"url\":\"https:\\\/\\\/www.toisenlainenlahja.fi\\\/\",\"logo\":{\"@type\":\"ImageObject\",\"inLanguage\":\"sv-SE\",\"@id\":\"https:\\\/\\\/www.toisenlainenlahja.fi\\\/#\\\/schema\\\/logo\\\/image\\\/\",\"url\":\"https:\\\/\\\/www.toisenlainenlahja.fi\\\/wp-content\\\/uploads\\\/2021\\\/10\\\/logo-tl-sv-1.svg\",\"contentUrl\":\"https:\\\/\\\/www.toisenlainenlahja.fi\\\/wp-content\\\/uploads\\\/2021\\\/10\\\/logo-tl-sv-1.svg\",\"width\":277,\"height\":30,\"caption\":\"Toisenlainen Lahja\"},\"image\":{\"@id\":\"https:\\\/\\\/www.toisenlainenlahja.fi\\\/#\\\/schema\\\/logo\\\/image\\\/\"}}]}<\/script>\n<!-- \/ Yoast SEO plugin. -->","yoast_head_json":{"title":"Kontakt - Annorlunda G\u00e5va","description":"Om du vill ha r\u00e5d eller ytterligare information om anv\u00e4ndningen av Annorlunda g\u00e5va, ta kontakt.","robots":{"index":"index","follow":"follow","max-snippet":"max-snippet:-1","max-image-preview":"max-image-preview:large","max-video-preview":"max-video-preview:-1"},"canonical":"https:\/\/www.toisenlainenlahja.fi\/sv\/yhteystiedot\/","og_locale":"sv_SE","og_type":"article","og_title":"Kontakt - Annorlunda G\u00e5va","og_description":"Om du vill ha r\u00e5d eller ytterligare information om anv\u00e4ndningen av Annorlunda g\u00e5va, ta kontakt.","og_url":"https:\/\/www.toisenlainenlahja.fi\/sv\/yhteystiedot\/","og_site_name":"Annorlunda G\u00e5va","article_modified_time":"2026-04-30T11:52:54+00:00","twitter_card":"summary_large_image","twitter_misc":{"Ber\u00e4knad l\u00e4stid":"2 minuter"},"schema":{"@context":"https:\/\/schema.org","@graph":[{"@type":"WebPage","@id":"https:\/\/www.toisenlainenlahja.fi\/sv\/yhteystiedot\/","url":"https:\/\/www.toisenlainenlahja.fi\/sv\/yhteystiedot\/","name":"Kontakt - Annorlunda G\u00e5va","isPartOf":{"@id":"https:\/\/www.toisenlainenlahja.fi\/#website"},"datePublished":"2021-09-13T13:17:01+00:00","dateModified":"2026-04-30T11:52:54+00:00","description":"Om du vill ha r\u00e5d eller ytterligare information om anv\u00e4ndningen av Annorlunda g\u00e5va, ta kontakt.","inLanguage":"sv-SE","potentialAction":[{"@type":"ReadAction","target":["https:\/\/www.toisenlainenlahja.fi\/sv\/yhteystiedot\/"]}]},{"@type":"WebSite","@id":"https:\/\/www.toisenlainenlahja.fi\/#website","url":"https:\/\/www.toisenlainenlahja.fi\/","name":"Annorlunda G\u00e5va","description":"","publisher":{"@id":"https:\/\/www.toisenlainenlahja.fi\/#organization"},"potentialAction":[{"@type":"SearchAction","target":{"@type":"EntryPoint","urlTemplate":"https:\/\/www.toisenlainenlahja.fi\/?s={search_term_string}"},"query-input":{"@type":"PropertyValueSpecification","valueRequired":true,"valueName":"search_term_string"}}],"inLanguage":"sv-SE"},{"@type":"Organization","@id":"https:\/\/www.toisenlainenlahja.fi\/#organization","name":"Toisenlainen Lahja","url":"https:\/\/www.toisenlainenlahja.fi\/","logo":{"@type":"ImageObject","inLanguage":"sv-SE","@id":"https:\/\/www.toisenlainenlahja.fi\/#\/schema\/logo\/image\/","url":"https:\/\/www.toisenlainenlahja.fi\/wp-content\/uploads\/2021\/10\/logo-tl-sv-1.svg","contentUrl":"https:\/\/www.toisenlainenlahja.fi\/wp-content\/uploads\/2021\/10\/logo-tl-sv-1.svg","width":277,"height":30,"caption":"Toisenlainen Lahja"},"image":{"@id":"https:\/\/www.toisenlainenlahja.fi\/#\/schema\/logo\/image\/"}}]}},"_links":{"self":[{"href":"https:\/\/www.toisenlainenlahja.fi\/sv\/wp-json\/wp\/v2\/pages\/2394","targetHints":{"allow":["GET"]}}],"collection":[{"href":"https:\/\/www.toisenlainenlahja.fi\/sv\/wp-json\/wp\/v2\/pages"}],"about":[{"href":"https:\/\/www.toisenlainenlahja.fi\/sv\/wp-json\/wp\/v2\/types\/page"}],"author":[{"embeddable":true,"href":"https:\/\/www.toisenlainenlahja.fi\/sv\/wp-json\/wp\/v2\/users\/1"}],"replies":[{"embeddable":true,"href":"https:\/\/www.toisenlainenlahja.fi\/sv\/wp-json\/wp\/v2\/comments?post=2394"}],"version-history":[{"count":15,"href":"https:\/\/www.toisenlainenlahja.fi\/sv\/wp-json\/wp\/v2\/pages\/2394\/revisions"}],"predecessor-version":[{"id":43916,"href":"https:\/\/www.toisenlainenlahja.fi\/sv\/wp-json\/wp\/v2\/pages\/2394\/revisions\/43916"}],"wp:attachment":[{"href":"https:\/\/www.toisenlainenlahja.fi\/sv\/wp-json\/wp\/v2\/media?parent=2394"}],"curies":[{"name":"wp","href":"https:\/\/api.w.org\/{rel}","templated":true}]}}