{"id":3414,"date":"2021-10-07T10:43:53","date_gmt":"2021-10-07T07:43:53","guid":{"rendered":"https:\/\/www.toisenlainenlahja.fi\/tilausohjeet\/"},"modified":"2024-07-29T09:38:35","modified_gmt":"2024-07-29T06:38:35","slug":"tilausohjeet","status":"publish","type":"page","link":"https:\/\/www.toisenlainenlahja.fi\/sv\/tilausohjeet\/","title":{"rendered":"Best\u00e4llningsinstruktioner"},"content":{"rendered":"\n<div class=\"block-hero fullbleed \" style=\"background-image:url('https:\/\/www.toisenlainenlahja.fi\/wp-content\/uploads\/2022\/04\/tilausohjeet_1920_980.png');\" >\n    <div class=\"mobile-image\"  style=\"background-image:url('https:\/\/www.toisenlainenlahja.fi\/wp-content\/uploads\/2022\/04\/tilausohjeet352_640.png');\" >\n        <div class=\"container\">\n            <div class=\"row\">\n                <div class=\"col-12 col-md-9 col-lg-6\">\n                    <div class=\"hero-text-content d-flex flex-column justify-content-start\">\n                                                <h1 class=\"hero-title h1 h1-with-bg\"><span class=\"bg\">Best\u00e4llningsinstruktioner<\/span><\/h1>\n                                                                    <\/div>\n                <\/div>\n                            <\/div>\n        <\/div>\n    <\/div>\n<\/div>\n\n\n\n\n<div class=\"block-faq\" id=\"faq\">\n    <div class=\"container\">\n        <div class=\"row\">\n\n            <div class=\"col-lg-6 buttons\">\n                                                    <div class=\"item\">\n                        <a class=\"toggle \" data-toggle=\"collapse\" href=\"#collapseAccordion-0-69f71b7338dfd\" role=\"button\" aria-expanded=\"false\" aria-controls=\"collapseAccordion-0\">\n                            <h2 class=\"title\">S\u00e5 best\u00e4ller du g\u00e5vor i n\u00e4tbutiken<\/h2>\n                        <\/a>\n                        <div class=\"content collapse hide-desktop show\" id=\"collapseAccordion-0-69f71b7338dfd\" data-parent=\"#faq\">\n                            <div class=\"content-body\"><p>Du kan best\u00e4lla en g\u00e5va genom att, p\u00e5 g\u00e5vans n\u00e4tsida, klicka p\u00e5 knappen \u0094Donera nu\u0094. P\u00e5 sk\u00e4rmen \u00f6ppnas en g\u00e5vokorg s\u00e5 att du kan granska din best\u00e4llning.<\/p>\n<p>Om du vill best\u00e4lla flera olika g\u00e5vor, klicka d\u00e5 p\u00e5 texten \u0094L\u00e4gg i varukorg\u0094 p\u00e5 g\u00e5vans sida. Efter det kan du g\u00e5 till en annan g\u00e5va och l\u00e4gga ocks\u00e5 den i g\u00e5vokorgen. Korgen kan du inspektera genom att uppe i h\u00f6gra h\u00f6rnet klicka p\u00e5 knappen \u0094Till kassan\u0094. I g\u00e5vokorgen kan du v\u00e4lja antalet g\u00e5vor samt vilken sorts kort du \u00f6nskar.<\/p>\n<p>D\u00e4refter kan du ge dina kontaktuppgifter och v\u00e4lja betalningss\u00e4tt. Du f\u00e5r en bekr\u00e4ftelse p\u00e5 din best\u00e4llning per e-post.<\/p>\n<\/div>\n                        <\/div>\n                    <\/div>\n                                                        <div class=\"item\">\n                        <a class=\"toggle collapsed\" data-toggle=\"collapse\" href=\"#collapseAccordion-1-69f71b7338dfd\" role=\"button\" aria-expanded=\"false\" aria-controls=\"collapseAccordion-1\">\n                            <h2 class=\"title\">S\u00e5 best\u00e4ller du g\u00e5vor via kundtj\u00e4nsten<\/h2>\n                        <\/a>\n                        <div class=\"content collapse hide-desktop \" id=\"collapseAccordion-1-69f71b7338dfd\" data-parent=\"#faq\">\n                            <div class=\"content-body\"><p><strong>Du kan \u00e4ven best\u00e4lla en g\u00e5va per telefon eller e-post. V\u00e5r kundtj\u00e4nst \u00e4r \u00f6ppen p\u00e5 vardagar klockan 10\u009615.<\/strong> Om du har br\u00e5ttom med att skaffa ett kort, ring innan du kommer f\u00f6r att s\u00e4kra dig om att personalen f\u00f6r donationstj\u00e4nsten \u00e4r p\u00e5 plats.<\/p>\n<p>Telefonnummer:<br \/>\n020 787 1201<br \/>\nSamtalet kostar 8,35 cent\/samtal + 16,69 cent\/min.<\/p>\n<p><strong>E-post:<\/strong><br \/>\nannorlundagava@kyrkansutlandshjalp.fi<br \/>\nUppge i e-postmeddelandet vilka g\u00e5vor du vill k\u00f6pa, deras antal samt dina kontaktuppgifter. Vi skickar korten och fakturan till till dig per post.<\/p>\n<\/div>\n                        <\/div>\n                    <\/div>\n                                                        <div class=\"item\">\n                        <a class=\"toggle collapsed\" data-toggle=\"collapse\" href=\"#collapseAccordion-2-69f71b7338dfd\" role=\"button\" aria-expanded=\"false\" aria-controls=\"collapseAccordion-2\">\n                            <h2 class=\"title\">V\u00e4lj kort<\/h2>\n                        <\/a>\n                        <div class=\"content collapse hide-desktop \" id=\"collapseAccordion-2-69f71b7338dfd\" data-parent=\"#faq\">\n                            <div class=\"content-body\"><p>Du kan v\u00e4lja mellan tv\u00e5 typer av kort: elektroniska kort samt traditionella postkort. Du kan \u00e4ven ge en g\u00e5va utan att v\u00e4lja n\u00e5got kort alls. F\u00f6r alla donationer f\u00e5r du ett elektroniskt kort som du kan skicka vidare. Ett traditionellt kort f\u00e5r du f\u00f6r presenter fr\u00e5n 30 euro och mer.<\/p>\n<p><strong>Elektroniskt kort<\/strong><br \/>\nEtt elektroniskt kort kan du skicka direkt till g\u00e5vans mottagare eller dig sj\u00e4lv via e-post, WhatsApp eller Facebook. P\u00e5 kortet kan du skriva din egen h\u00e4lsning. Du kan \u00e4ven skriva ut det.<\/p>\n<p><strong>E-post<\/strong><br \/>\nKortet skickas till den e-postadress du uppgett genast d\u00e5 du slussas till betalningen. Man kan ocks\u00e5 tidsinst\u00e4lla skickandet av kortet till mottagaren.<\/p>\n<p><strong>WhatsApp ja Facebook<\/strong><br \/>\nDu kan dela en l\u00e4nk till kortet p\u00e5 WhatsApp och Facebook genast efter betalningen. Kortet kan ocks\u00e5 skickas senare. L\u00e4nken till kortet finns i bekr\u00e4ftelsen p\u00e5 best\u00e4llningen som vi skickar till dig per e-post.<\/p>\n<p><strong>Postkort<\/strong><br \/>\nEtt traditionellt kort f\u00e5r du presenter fr\u00e5n 30 euro och mer. Vi skickar alltid korten till den som k\u00f6pt g\u00e5vorna (allts\u00e5 till dig) s\u00e5 att du kan skriva din egen h\u00e4lsning p\u00e5 dem. Av kostnadssk\u00e4l kan vi tyv\u00e4rr inte skriva ut dina h\u00e4lsningar p\u00e5 postkorten. Vanligtvis f\u00e5r du korten efter 3-4 vardagar, beroende p\u00e5 Postens leveranstider.<\/p>\n<p><strong>Inget kort<\/strong><br \/>\nDu kan ge en g\u00e5va \u00e4ven utan att v\u00e4lja n\u00e5got kort alls. P\u00e5 \u0094V\u00e4lj kort\u0094-sidan klickar du d\u00e5 f\u00f6r alternativet \u0094Jag \u00f6nskar inget kort f\u00f6r denna g\u00e5va\u0094.<\/p>\n<\/div>\n                        <\/div>\n                    <\/div>\n                                                        <div class=\"item\">\n                        <a class=\"toggle collapsed\" data-toggle=\"collapse\" href=\"#collapseAccordion-3-69f71b7338dfd\" role=\"button\" aria-expanded=\"false\" aria-controls=\"collapseAccordion-3\">\n                            <h2 class=\"title\">Det g\u00e5r inte att f\u00f6rena flera g\u00e5vor p\u00e5 samma kort<\/h2>\n                        <\/a>\n                        <div class=\"content collapse hide-desktop \" id=\"collapseAccordion-3-69f71b7338dfd\" data-parent=\"#faq\">\n                            <div class=\"content-body\"><p>V\u00e5r g\u00e5voshop \u00e4r uppbyggd enligt tanken att du ger en g\u00e5va per mottagare. M\u00f6jligheten att f\u00f6rena flera g\u00e5vor skulle g\u00f6ra shoppen kr\u00e5ngligare att anv\u00e4nda. D\u00e4rf\u00f6r f\u00e5r varje g\u00e5va ett eget kort.<\/p>\n<p>Du kan ringa elller skicka e-post till kundtj\u00e4nsten och ber\u00e4tta att du bara vill ha ett kort, men att du g\u00f6r en st\u00f6rre donation. D\u00e5 skickar vi dig endast ett kort och en faktura.<\/p>\n<\/div>\n                        <\/div>\n                    <\/div>\n                                                        <div class=\"item\">\n                        <a class=\"toggle collapsed\" data-toggle=\"collapse\" href=\"#collapseAccordion-4-69f71b7338dfd\" role=\"button\" aria-expanded=\"false\" aria-controls=\"collapseAccordion-4\">\n                            <h2 class=\"title\">Betalningss\u00e4tt i n\u00e4tbutiken<\/h2>\n                        <\/a>\n                        <div class=\"content collapse hide-desktop \" id=\"collapseAccordion-4-69f71b7338dfd\" data-parent=\"#faq\">\n                            <div class=\"content-body\"><p><strong>N\u00e4tbank<\/strong><br \/>\nDu kan betala i f\u00f6ljande n\u00e4tbanker:<br \/>\nNordea, Danske Bank, OP, Aktia, \u00c5landsbanken, S-Banken, Sparbanken, POP Banken och Oma S\u00e4\u00e4st\u00f6pankki.<\/p>\n<p><strong>Kreditkort<\/strong><br \/>\nDu kan betala med f\u00f6ljande kreditkort:<br \/>\nVisa ja Mastercard.<\/p>\n<p><strong>Mobilepay<\/strong><br \/>\nDu kan donera med MobilePay. D\u00e5 godk\u00e4nner du Paytrails betalningsvillkor.<\/p>\n<p>Enligt konsumentskyddslagen har du returr\u00e4tt. N\u00e4r det g\u00e4ller den kan du vara i direkt kontakt med Kyrkans Utlandshj\u00e4lp.<\/p>\n<p><strong>Konto\u00f6verf\u00f6ring<\/strong><br \/>\nF\u00f6retag och samfund kan \u00e4ven anv\u00e4nda konto\u00f6verf\u00f6ring. Alternativet dyker upp p\u00e5 sidan \u0094Best\u00e4llare\u0094, d\u00e4r du uppger kontaktuppgifterna, d\u00e5 du angett f\u00f6retagets eller samfundets namn. Observera att det inte \u00e4r n\u00e5gon merv\u00e4rdesskatt p\u00e5 donationen, s\u00e5 det g\u00e5r inte att dra av summan i beskattningen.<\/p>\n<\/div>\n                        <\/div>\n                    <\/div>\n                                                        <div class=\"item\">\n                        <a class=\"toggle collapsed\" data-toggle=\"collapse\" href=\"#collapseAccordion-5-69f71b7338dfd\" role=\"button\" aria-expanded=\"false\" aria-controls=\"collapseAccordion-5\">\n                            <h2 class=\"title\">Om n\u00e4tbetalningen misslyckades<\/h2>\n                        <\/a>\n                        <div class=\"content collapse hide-desktop \" id=\"collapseAccordion-5-69f71b7338dfd\" data-parent=\"#faq\">\n                            <div class=\"content-body\"><p>Om n\u00e4tbetalningen misslyckades och du \u00e4ven \u00f6nskar f\u00e5 g\u00e5vokort att ge till dina v\u00e4nner, ta d\u00e5 kontakt med v\u00e5r kundtj\u00e4nst. Vi skickar kortet till dig samt en faktura.<\/p>\n<p>Om n\u00e4tbetalningen misslyckades, och du inte beh\u00f6ver n\u00e5gra kort, kan du betala in donationen till Kyrkan Utlandshj\u00e4lps konto: Nordea FI33 1572 3000 5005 04. Uppge i meddelandef\u00e4ltet g\u00e5vornas typ samt deras antal s\u00e5 att vi kan rikta ditt bidrag r\u00e4tt. Uppge \u00e4ven dina kontaktuppgifter i meddelandef\u00e4ltet s\u00e5 att vi vet vem det \u00e4r som gett donationen.<\/p>\n<\/div>\n                        <\/div>\n                    <\/div>\n                                                        <div class=\"item\">\n                        <a class=\"toggle collapsed\" data-toggle=\"collapse\" href=\"#collapseAccordion-6-69f71b7338dfd\" role=\"button\" aria-expanded=\"false\" aria-controls=\"collapseAccordion-6\">\n                            <h2 class=\"title\">Om problem uppst\u00e5r<\/h2>\n                        <\/a>\n                        <div class=\"content collapse hide-desktop \" id=\"collapseAccordion-6-69f71b7338dfd\" data-parent=\"#faq\">\n                            <div class=\"content-body\"><p>Tveka inte att kontakta v\u00e5r kundtj\u00e4nst. Vi hj\u00e4lper dig g\u00e4rna om om du har sv\u00e5righeter med att anv\u00e4nda n\u00e4tbutiken.<\/p>\n<p>V\u00e5r kundtj\u00e4nst betj\u00e4nar vardagar klockan 10\u009615.<\/p>\n<p>Du kan \u00e4ven best\u00e4lla Annorlunda G\u00e5vor genom att ringa eller skicka e-post till kundtj\u00e4nsten. Du kan \u00e4ven bes\u00f6ka den.<\/p>\n<p><strong>Telefon:<\/strong><br \/>\n020 787 1201 (p\u00e5 finska)<br \/>\nSamtalet kostar 8,35 cent\/samtal + 16,69 cent\/minut.<\/p>\n<p><strong>E-post:<\/strong><br \/>\nannorlundagava@kyrkansutlandshjalp.fi<\/p>\n<p><strong>Bes\u00f6ksadress:<\/strong><br \/>\nS\u00f6dra Kajen 8<br \/>\n00130 Helsingfors<\/p>\n<p><strong>Postadress:<\/strong><br \/>\nKyrkans Utlandshj\u00e4lp<br \/>\nPB 210<br \/>\n00130 Helsingfors<br \/>\nFO-nummer 0998454-4<\/p>\n<\/div>\n                        <\/div>\n                    <\/div>\n                                                <\/div>\n\n            <div class=\"col-lg-6 desktop-answers hide-mobile\">\n                                                    <div class=\"content collapse show\" id=\"collapseAccordion-0-69f71b7338dfd\" data-parent=\"#faq\">\n                        <div class=\"content-body\"><p>Du kan best\u00e4lla en g\u00e5va genom att, p\u00e5 g\u00e5vans n\u00e4tsida, klicka p\u00e5 knappen \u0094Donera nu\u0094. P\u00e5 sk\u00e4rmen \u00f6ppnas en g\u00e5vokorg s\u00e5 att du kan granska din best\u00e4llning.<\/p>\n<p>Om du vill best\u00e4lla flera olika g\u00e5vor, klicka d\u00e5 p\u00e5 texten \u0094L\u00e4gg i varukorg\u0094 p\u00e5 g\u00e5vans sida. Efter det kan du g\u00e5 till en annan g\u00e5va och l\u00e4gga ocks\u00e5 den i g\u00e5vokorgen. Korgen kan du inspektera genom att uppe i h\u00f6gra h\u00f6rnet klicka p\u00e5 knappen \u0094Till kassan\u0094. I g\u00e5vokorgen kan du v\u00e4lja antalet g\u00e5vor samt vilken sorts kort du \u00f6nskar.<\/p>\n<p>D\u00e4refter kan du ge dina kontaktuppgifter och v\u00e4lja betalningss\u00e4tt. Du f\u00e5r en bekr\u00e4ftelse p\u00e5 din best\u00e4llning per e-post.<\/p>\n<\/div>\n                    <\/div>\n                                                        <div class=\"content collapse\" id=\"collapseAccordion-1-69f71b7338dfd\" data-parent=\"#faq\">\n                        <div class=\"content-body\"><p><strong>Du kan \u00e4ven best\u00e4lla en g\u00e5va per telefon eller e-post. V\u00e5r kundtj\u00e4nst \u00e4r \u00f6ppen p\u00e5 vardagar klockan 10\u009615.<\/strong> Om du har br\u00e5ttom med att skaffa ett kort, ring innan du kommer f\u00f6r att s\u00e4kra dig om att personalen f\u00f6r donationstj\u00e4nsten \u00e4r p\u00e5 plats.<\/p>\n<p>Telefonnummer:<br \/>\n020 787 1201<br \/>\nSamtalet kostar 8,35 cent\/samtal + 16,69 cent\/min.<\/p>\n<p><strong>E-post:<\/strong><br \/>\nannorlundagava@kyrkansutlandshjalp.fi<br \/>\nUppge i e-postmeddelandet vilka g\u00e5vor du vill k\u00f6pa, deras antal samt dina kontaktuppgifter. Vi skickar korten och fakturan till till dig per post.<\/p>\n<\/div>\n                    <\/div>\n                                                        <div class=\"content collapse\" id=\"collapseAccordion-2-69f71b7338dfd\" data-parent=\"#faq\">\n                        <div class=\"content-body\"><p>Du kan v\u00e4lja mellan tv\u00e5 typer av kort: elektroniska kort samt traditionella postkort. Du kan \u00e4ven ge en g\u00e5va utan att v\u00e4lja n\u00e5got kort alls. F\u00f6r alla donationer f\u00e5r du ett elektroniskt kort som du kan skicka vidare. Ett traditionellt kort f\u00e5r du f\u00f6r presenter fr\u00e5n 30 euro och mer.<\/p>\n<p><strong>Elektroniskt kort<\/strong><br \/>\nEtt elektroniskt kort kan du skicka direkt till g\u00e5vans mottagare eller dig sj\u00e4lv via e-post, WhatsApp eller Facebook. P\u00e5 kortet kan du skriva din egen h\u00e4lsning. Du kan \u00e4ven skriva ut det.<\/p>\n<p><strong>E-post<\/strong><br \/>\nKortet skickas till den e-postadress du uppgett genast d\u00e5 du slussas till betalningen. Man kan ocks\u00e5 tidsinst\u00e4lla skickandet av kortet till mottagaren.<\/p>\n<p><strong>WhatsApp ja Facebook<\/strong><br \/>\nDu kan dela en l\u00e4nk till kortet p\u00e5 WhatsApp och Facebook genast efter betalningen. Kortet kan ocks\u00e5 skickas senare. L\u00e4nken till kortet finns i bekr\u00e4ftelsen p\u00e5 best\u00e4llningen som vi skickar till dig per e-post.<\/p>\n<p><strong>Postkort<\/strong><br \/>\nEtt traditionellt kort f\u00e5r du presenter fr\u00e5n 30 euro och mer. Vi skickar alltid korten till den som k\u00f6pt g\u00e5vorna (allts\u00e5 till dig) s\u00e5 att du kan skriva din egen h\u00e4lsning p\u00e5 dem. Av kostnadssk\u00e4l kan vi tyv\u00e4rr inte skriva ut dina h\u00e4lsningar p\u00e5 postkorten. Vanligtvis f\u00e5r du korten efter 3-4 vardagar, beroende p\u00e5 Postens leveranstider.<\/p>\n<p><strong>Inget kort<\/strong><br \/>\nDu kan ge en g\u00e5va \u00e4ven utan att v\u00e4lja n\u00e5got kort alls. P\u00e5 \u0094V\u00e4lj kort\u0094-sidan klickar du d\u00e5 f\u00f6r alternativet \u0094Jag \u00f6nskar inget kort f\u00f6r denna g\u00e5va\u0094.<\/p>\n<\/div>\n                    <\/div>\n                                                        <div class=\"content collapse\" id=\"collapseAccordion-3-69f71b7338dfd\" data-parent=\"#faq\">\n                        <div class=\"content-body\"><p>V\u00e5r g\u00e5voshop \u00e4r uppbyggd enligt tanken att du ger en g\u00e5va per mottagare. M\u00f6jligheten att f\u00f6rena flera g\u00e5vor skulle g\u00f6ra shoppen kr\u00e5ngligare att anv\u00e4nda. D\u00e4rf\u00f6r f\u00e5r varje g\u00e5va ett eget kort.<\/p>\n<p>Du kan ringa elller skicka e-post till kundtj\u00e4nsten och ber\u00e4tta att du bara vill ha ett kort, men att du g\u00f6r en st\u00f6rre donation. D\u00e5 skickar vi dig endast ett kort och en faktura.<\/p>\n<\/div>\n                    <\/div>\n                                                        <div class=\"content collapse\" id=\"collapseAccordion-4-69f71b7338dfd\" data-parent=\"#faq\">\n                        <div class=\"content-body\"><p><strong>N\u00e4tbank<\/strong><br \/>\nDu kan betala i f\u00f6ljande n\u00e4tbanker:<br \/>\nNordea, Danske Bank, OP, Aktia, \u00c5landsbanken, S-Banken, Sparbanken, POP Banken och Oma S\u00e4\u00e4st\u00f6pankki.<\/p>\n<p><strong>Kreditkort<\/strong><br \/>\nDu kan betala med f\u00f6ljande kreditkort:<br \/>\nVisa ja Mastercard.<\/p>\n<p><strong>Mobilepay<\/strong><br \/>\nDu kan donera med MobilePay. D\u00e5 godk\u00e4nner du Paytrails betalningsvillkor.<\/p>\n<p>Enligt konsumentskyddslagen har du returr\u00e4tt. N\u00e4r det g\u00e4ller den kan du vara i direkt kontakt med Kyrkans Utlandshj\u00e4lp.<\/p>\n<p><strong>Konto\u00f6verf\u00f6ring<\/strong><br \/>\nF\u00f6retag och samfund kan \u00e4ven anv\u00e4nda konto\u00f6verf\u00f6ring. Alternativet dyker upp p\u00e5 sidan \u0094Best\u00e4llare\u0094, d\u00e4r du uppger kontaktuppgifterna, d\u00e5 du angett f\u00f6retagets eller samfundets namn. Observera att det inte \u00e4r n\u00e5gon merv\u00e4rdesskatt p\u00e5 donationen, s\u00e5 det g\u00e5r inte att dra av summan i beskattningen.<\/p>\n<\/div>\n                    <\/div>\n                                                        <div class=\"content collapse\" id=\"collapseAccordion-5-69f71b7338dfd\" data-parent=\"#faq\">\n                        <div class=\"content-body\"><p>Om n\u00e4tbetalningen misslyckades och du \u00e4ven \u00f6nskar f\u00e5 g\u00e5vokort att ge till dina v\u00e4nner, ta d\u00e5 kontakt med v\u00e5r kundtj\u00e4nst. Vi skickar kortet till dig samt en faktura.<\/p>\n<p>Om n\u00e4tbetalningen misslyckades, och du inte beh\u00f6ver n\u00e5gra kort, kan du betala in donationen till Kyrkan Utlandshj\u00e4lps konto: Nordea FI33 1572 3000 5005 04. Uppge i meddelandef\u00e4ltet g\u00e5vornas typ samt deras antal s\u00e5 att vi kan rikta ditt bidrag r\u00e4tt. Uppge \u00e4ven dina kontaktuppgifter i meddelandef\u00e4ltet s\u00e5 att vi vet vem det \u00e4r som gett donationen.<\/p>\n<\/div>\n                    <\/div>\n                                                        <div class=\"content collapse\" id=\"collapseAccordion-6-69f71b7338dfd\" data-parent=\"#faq\">\n                        <div class=\"content-body\"><p>Tveka inte att kontakta v\u00e5r kundtj\u00e4nst. Vi hj\u00e4lper dig g\u00e4rna om om du har sv\u00e5righeter med att anv\u00e4nda n\u00e4tbutiken.<\/p>\n<p>V\u00e5r kundtj\u00e4nst betj\u00e4nar vardagar klockan 10\u009615.<\/p>\n<p>Du kan \u00e4ven best\u00e4lla Annorlunda G\u00e5vor genom att ringa eller skicka e-post till kundtj\u00e4nsten. Du kan \u00e4ven bes\u00f6ka den.<\/p>\n<p><strong>Telefon:<\/strong><br \/>\n020 787 1201 (p\u00e5 finska)<br \/>\nSamtalet kostar 8,35 cent\/samtal + 16,69 cent\/minut.<\/p>\n<p><strong>E-post:<\/strong><br \/>\nannorlundagava@kyrkansutlandshjalp.fi<\/p>\n<p><strong>Bes\u00f6ksadress:<\/strong><br \/>\nS\u00f6dra Kajen 8<br \/>\n00130 Helsingfors<\/p>\n<p><strong>Postadress:<\/strong><br \/>\nKyrkans Utlandshj\u00e4lp<br \/>\nPB 210<br \/>\n00130 Helsingfors<br \/>\nFO-nummer 0998454-4<\/p>\n<\/div>\n                    <\/div>\n                                                <\/div>\n\n        <\/div>\n    <\/div>\n<\/div>\n","protected":false},"excerpt":{"rendered":"","protected":false},"author":1,"featured_media":0,"parent":0,"menu_order":0,"comment_status":"closed","ping_status":"closed","template":"","meta":{"_acf_changed":false,"footnotes":""},"class_list":["post-3414","page","type-page","status-publish","hentry"],"acf":[],"yoast_head":"<!-- This site is optimized with the Yoast SEO plugin v27.3 - https:\/\/yoast.com\/product\/yoast-seo-wordpress\/ -->\n<title>Best\u00e4llningsinstruktioner - Annorlunda G\u00e5va<\/title>\n<meta name=\"description\" content=\"Bruksanvisning\" \/>\n<meta name=\"robots\" content=\"index, follow, max-snippet:-1, max-image-preview:large, max-video-preview:-1\" \/>\n<link rel=\"canonical\" href=\"https:\/\/www.toisenlainenlahja.fi\/sv\/tilausohjeet\/\" \/>\n<meta property=\"og:locale\" content=\"sv_SE\" \/>\n<meta property=\"og:type\" content=\"article\" \/>\n<meta property=\"og:title\" content=\"Best\u00e4llningsinstruktioner - Annorlunda G\u00e5va\" \/>\n<meta property=\"og:description\" content=\"Bruksanvisning\" \/>\n<meta property=\"og:url\" content=\"https:\/\/www.toisenlainenlahja.fi\/sv\/tilausohjeet\/\" \/>\n<meta property=\"og:site_name\" content=\"Annorlunda G\u00e5va\" \/>\n<meta property=\"article:modified_time\" content=\"2024-07-29T06:38:35+00:00\" \/>\n<meta name=\"twitter:card\" content=\"summary_large_image\" \/>\n<meta name=\"twitter:label1\" content=\"Ber\u00e4knad l\u00e4stid\" \/>\n\t<meta name=\"twitter:data1\" content=\"5 minuter\" \/>\n<script type=\"application\/ld+json\" class=\"yoast-schema-graph\">{\"@context\":\"https:\\\/\\\/schema.org\",\"@graph\":[{\"@type\":\"WebPage\",\"@id\":\"https:\\\/\\\/www.toisenlainenlahja.fi\\\/sv\\\/tilausohjeet\\\/\",\"url\":\"https:\\\/\\\/www.toisenlainenlahja.fi\\\/sv\\\/tilausohjeet\\\/\",\"name\":\"Best\u00e4llningsinstruktioner - Annorlunda G\u00e5va\",\"isPartOf\":{\"@id\":\"https:\\\/\\\/www.toisenlainenlahja.fi\\\/#website\"},\"datePublished\":\"2021-10-07T07:43:53+00:00\",\"dateModified\":\"2024-07-29T06:38:35+00:00\",\"description\":\"Bruksanvisning\",\"inLanguage\":\"sv-SE\",\"potentialAction\":[{\"@type\":\"ReadAction\",\"target\":[\"https:\\\/\\\/www.toisenlainenlahja.fi\\\/sv\\\/tilausohjeet\\\/\"]}]},{\"@type\":\"WebSite\",\"@id\":\"https:\\\/\\\/www.toisenlainenlahja.fi\\\/#website\",\"url\":\"https:\\\/\\\/www.toisenlainenlahja.fi\\\/\",\"name\":\"Annorlunda G\u00e5va\",\"description\":\"\",\"publisher\":{\"@id\":\"https:\\\/\\\/www.toisenlainenlahja.fi\\\/#organization\"},\"potentialAction\":[{\"@type\":\"SearchAction\",\"target\":{\"@type\":\"EntryPoint\",\"urlTemplate\":\"https:\\\/\\\/www.toisenlainenlahja.fi\\\/?s={search_term_string}\"},\"query-input\":{\"@type\":\"PropertyValueSpecification\",\"valueRequired\":true,\"valueName\":\"search_term_string\"}}],\"inLanguage\":\"sv-SE\"},{\"@type\":\"Organization\",\"@id\":\"https:\\\/\\\/www.toisenlainenlahja.fi\\\/#organization\",\"name\":\"Toisenlainen Lahja\",\"url\":\"https:\\\/\\\/www.toisenlainenlahja.fi\\\/\",\"logo\":{\"@type\":\"ImageObject\",\"inLanguage\":\"sv-SE\",\"@id\":\"https:\\\/\\\/www.toisenlainenlahja.fi\\\/#\\\/schema\\\/logo\\\/image\\\/\",\"url\":\"https:\\\/\\\/www.toisenlainenlahja.fi\\\/wp-content\\\/uploads\\\/2021\\\/10\\\/logo-tl-sv-1.svg\",\"contentUrl\":\"https:\\\/\\\/www.toisenlainenlahja.fi\\\/wp-content\\\/uploads\\\/2021\\\/10\\\/logo-tl-sv-1.svg\",\"width\":277,\"height\":30,\"caption\":\"Toisenlainen Lahja\"},\"image\":{\"@id\":\"https:\\\/\\\/www.toisenlainenlahja.fi\\\/#\\\/schema\\\/logo\\\/image\\\/\"}}]}<\/script>\n<!-- \/ Yoast SEO plugin. -->","yoast_head_json":{"title":"Best\u00e4llningsinstruktioner - Annorlunda G\u00e5va","description":"Bruksanvisning","robots":{"index":"index","follow":"follow","max-snippet":"max-snippet:-1","max-image-preview":"max-image-preview:large","max-video-preview":"max-video-preview:-1"},"canonical":"https:\/\/www.toisenlainenlahja.fi\/sv\/tilausohjeet\/","og_locale":"sv_SE","og_type":"article","og_title":"Best\u00e4llningsinstruktioner - Annorlunda G\u00e5va","og_description":"Bruksanvisning","og_url":"https:\/\/www.toisenlainenlahja.fi\/sv\/tilausohjeet\/","og_site_name":"Annorlunda G\u00e5va","article_modified_time":"2024-07-29T06:38:35+00:00","twitter_card":"summary_large_image","twitter_misc":{"Ber\u00e4knad l\u00e4stid":"5 minuter"},"schema":{"@context":"https:\/\/schema.org","@graph":[{"@type":"WebPage","@id":"https:\/\/www.toisenlainenlahja.fi\/sv\/tilausohjeet\/","url":"https:\/\/www.toisenlainenlahja.fi\/sv\/tilausohjeet\/","name":"Best\u00e4llningsinstruktioner - Annorlunda G\u00e5va","isPartOf":{"@id":"https:\/\/www.toisenlainenlahja.fi\/#website"},"datePublished":"2021-10-07T07:43:53+00:00","dateModified":"2024-07-29T06:38:35+00:00","description":"Bruksanvisning","inLanguage":"sv-SE","potentialAction":[{"@type":"ReadAction","target":["https:\/\/www.toisenlainenlahja.fi\/sv\/tilausohjeet\/"]}]},{"@type":"WebSite","@id":"https:\/\/www.toisenlainenlahja.fi\/#website","url":"https:\/\/www.toisenlainenlahja.fi\/","name":"Annorlunda G\u00e5va","description":"","publisher":{"@id":"https:\/\/www.toisenlainenlahja.fi\/#organization"},"potentialAction":[{"@type":"SearchAction","target":{"@type":"EntryPoint","urlTemplate":"https:\/\/www.toisenlainenlahja.fi\/?s={search_term_string}"},"query-input":{"@type":"PropertyValueSpecification","valueRequired":true,"valueName":"search_term_string"}}],"inLanguage":"sv-SE"},{"@type":"Organization","@id":"https:\/\/www.toisenlainenlahja.fi\/#organization","name":"Toisenlainen Lahja","url":"https:\/\/www.toisenlainenlahja.fi\/","logo":{"@type":"ImageObject","inLanguage":"sv-SE","@id":"https:\/\/www.toisenlainenlahja.fi\/#\/schema\/logo\/image\/","url":"https:\/\/www.toisenlainenlahja.fi\/wp-content\/uploads\/2021\/10\/logo-tl-sv-1.svg","contentUrl":"https:\/\/www.toisenlainenlahja.fi\/wp-content\/uploads\/2021\/10\/logo-tl-sv-1.svg","width":277,"height":30,"caption":"Toisenlainen Lahja"},"image":{"@id":"https:\/\/www.toisenlainenlahja.fi\/#\/schema\/logo\/image\/"}}]}},"_links":{"self":[{"href":"https:\/\/www.toisenlainenlahja.fi\/sv\/wp-json\/wp\/v2\/pages\/3414","targetHints":{"allow":["GET"]}}],"collection":[{"href":"https:\/\/www.toisenlainenlahja.fi\/sv\/wp-json\/wp\/v2\/pages"}],"about":[{"href":"https:\/\/www.toisenlainenlahja.fi\/sv\/wp-json\/wp\/v2\/types\/page"}],"author":[{"embeddable":true,"href":"https:\/\/www.toisenlainenlahja.fi\/sv\/wp-json\/wp\/v2\/users\/1"}],"replies":[{"embeddable":true,"href":"https:\/\/www.toisenlainenlahja.fi\/sv\/wp-json\/wp\/v2\/comments?post=3414"}],"version-history":[{"count":15,"href":"https:\/\/www.toisenlainenlahja.fi\/sv\/wp-json\/wp\/v2\/pages\/3414\/revisions"}],"predecessor-version":[{"id":27251,"href":"https:\/\/www.toisenlainenlahja.fi\/sv\/wp-json\/wp\/v2\/pages\/3414\/revisions\/27251"}],"wp:attachment":[{"href":"https:\/\/www.toisenlainenlahja.fi\/sv\/wp-json\/wp\/v2\/media?parent=3414"}],"curies":[{"name":"wp","href":"https:\/\/api.w.org\/{rel}","templated":true}]}}