{"id":2303,"date":"2013-09-09T14:27:34","date_gmt":"2013-09-09T11:27:34","guid":{"rendered":"https:\/\/www.toisenlainenlahja.fi\/tuote\/fred\/"},"modified":"2025-11-21T06:50:53","modified_gmt":"2025-11-21T04:50:53","slug":"fred","status":"publish","type":"product","link":"https:\/\/www.toisenlainenlahja.fi\/sv\/produkt\/fred\/","title":{"rendered":"Fred"},"content":{"rendered":"<p>Fred \u00e4r en absolut n\u00f6dv\u00e4ndighet f\u00f6r ett m\u00e4nniskov\u00e4rdigt liv. Vi arbetar f\u00f6r fred p\u00e5 krigsomr\u00e5den och andra oroliga omr\u00e5den som drabbats av konflikter. Vi hj\u00e4lper till att bygga upp omr\u00e5dena p\u00e5 nytt och utbildar lokala samfund att l\u00f6sa tvister med fredliga metoder.<\/p>\n<p>I fredsarbetet fr\u00e4mjar man dialog f\u00f6r fred mellan parterna i konflikter, st\u00f6der lokala m\u00e4nniskors och gruppers f\u00e4rdighet att bedriva f\u00f6rsoningsarbete samt hj\u00e4lper till med \u00e5teruppbyggnad f\u00f6r att skapa grundf\u00f6ruts\u00e4ttningar f\u00f6r stabilitet. Vi bedriver ocks\u00e5 p\u00e5verkningsarbete b\u00e5de bland beslutsfattare och p\u00e5 gr\u00e4srotsniv\u00e5n f\u00f6r att st\u00f6da m\u00e4nniskors och gruppers egna p\u00e5verkningsm\u00f6jligheter.<\/p>\n<p>Det \u00e4r speciellt viktigt att kvinnorna f\u00e5r vara med och bygga fred ocks\u00e5 i s\u00e5dana samh\u00e4llen d\u00e4r kvinnorna av tradition inte har haft en synlig roll i fredsarbetet. Det kr\u00e4ver mycket arbete att bryta f\u00f6rdomar och fastl\u00e5sta attityder, men det \u00e4r samtidigt viktigt att man i fredsbyggandet bevarar k\u00e4nsligheten f\u00f6r lokala seder och kulturer.<\/p>\n","protected":false},"excerpt":{"rendered":"<p>Krigstillst\u00e5nd, konflikt och politisk instabilitet \u00e4r de st\u00f6rsta hoten mot m\u00e4nniskov\u00e4rdet och m\u00e4nniskornas \u00f6verlevnad.<\/p>\n","protected":false},"featured_media":4583,"comment_status":"closed","ping_status":"closed","template":"","meta":{"_acf_changed":false},"product_brand":[],"product_cat":[84,79,81],"product_tag":[],"class_list":{"0":"post-2303","1":"product","2":"type-product","3":"status-publish","4":"has-post-thumbnail","6":"product_cat-alla-hjartans-dag","7":"product_cat-brollop","8":"product_cat-jul","10":"first","11":"instock","12":"purchasable","13":"product-type-simple"},"acf":[],"yoast_head":"<!-- This site is optimized with the Yoast SEO plugin v27.3 - https:\/\/yoast.com\/product\/yoast-seo-wordpress\/ -->\n<title>Fred - Annorlunda G\u00e5va<\/title>\n<meta name=\"description\" content=\"Krigstillst\u00e5nd, konflikt och politisk instabilitet \u00e4r de st\u00f6rsta hoten mot m\u00e4nniskov\u00e4rdet och m\u00e4nniskornas \u00f6verlevnad.\" \/>\n<meta name=\"robots\" content=\"index, follow, max-snippet:-1, max-image-preview:large, max-video-preview:-1\" \/>\n<link rel=\"canonical\" href=\"https:\/\/www.toisenlainenlahja.fi\/sv\/produkt\/fred\/\" \/>\n<meta property=\"og:locale\" content=\"sv_SE\" \/>\n<meta property=\"og:type\" content=\"article\" \/>\n<meta property=\"og:title\" content=\"Fred - Annorlunda G\u00e5va\" \/>\n<meta property=\"og:description\" content=\"Krigstillst\u00e5nd, konflikt och politisk instabilitet \u00e4r de st\u00f6rsta hoten mot m\u00e4nniskov\u00e4rdet och m\u00e4nniskornas \u00f6verlevnad.\" \/>\n<meta property=\"og:url\" content=\"https:\/\/www.toisenlainenlahja.fi\/sv\/produkt\/fred\/\" \/>\n<meta property=\"og:site_name\" content=\"Annorlunda G\u00e5va\" \/>\n<meta property=\"article:modified_time\" content=\"2025-11-21T04:50:53+00:00\" \/>\n<meta property=\"og:image\" content=\"https:\/\/www.toisenlainenlahja.fi\/wp-content\/uploads\/2013\/09\/TL_rauha_600.png\" \/>\n\t<meta property=\"og:image:width\" content=\"600\" \/>\n\t<meta property=\"og:image:height\" content=\"600\" \/>\n\t<meta property=\"og:image:type\" content=\"image\/png\" \/>\n<meta name=\"twitter:card\" content=\"summary_large_image\" \/>\n<meta name=\"twitter:label1\" content=\"Ber\u00e4knad l\u00e4stid\" \/>\n\t<meta name=\"twitter:data1\" content=\"2 minuter\" \/>\n<script type=\"application\/ld+json\" class=\"yoast-schema-graph\">{\"@context\":\"https:\\\/\\\/schema.org\",\"@graph\":[{\"@type\":\"WebPage\",\"@id\":\"https:\\\/\\\/www.toisenlainenlahja.fi\\\/sv\\\/produkt\\\/fred\\\/\",\"url\":\"https:\\\/\\\/www.toisenlainenlahja.fi\\\/sv\\\/produkt\\\/fred\\\/\",\"name\":\"Fred - Annorlunda G\u00e5va\",\"isPartOf\":{\"@id\":\"https:\\\/\\\/www.toisenlainenlahja.fi\\\/#website\"},\"primaryImageOfPage\":{\"@id\":\"https:\\\/\\\/www.toisenlainenlahja.fi\\\/sv\\\/produkt\\\/fred\\\/#primaryimage\"},\"image\":{\"@id\":\"https:\\\/\\\/www.toisenlainenlahja.fi\\\/sv\\\/produkt\\\/fred\\\/#primaryimage\"},\"thumbnailUrl\":\"https:\\\/\\\/www.toisenlainenlahja.fi\\\/wp-content\\\/uploads\\\/2013\\\/09\\\/TL_rauha_600.png\",\"datePublished\":\"2013-09-09T11:27:34+00:00\",\"dateModified\":\"2025-11-21T04:50:53+00:00\",\"description\":\"Krigstillst\u00e5nd, konflikt och politisk instabilitet \u00e4r de st\u00f6rsta hoten mot m\u00e4nniskov\u00e4rdet och m\u00e4nniskornas \u00f6verlevnad.\",\"breadcrumb\":{\"@id\":\"https:\\\/\\\/www.toisenlainenlahja.fi\\\/sv\\\/produkt\\\/fred\\\/#breadcrumb\"},\"inLanguage\":\"sv-SE\",\"potentialAction\":[{\"@type\":\"ReadAction\",\"target\":[\"https:\\\/\\\/www.toisenlainenlahja.fi\\\/sv\\\/produkt\\\/fred\\\/\"]}]},{\"@type\":\"ImageObject\",\"inLanguage\":\"sv-SE\",\"@id\":\"https:\\\/\\\/www.toisenlainenlahja.fi\\\/sv\\\/produkt\\\/fred\\\/#primaryimage\",\"url\":\"https:\\\/\\\/www.toisenlainenlahja.fi\\\/wp-content\\\/uploads\\\/2013\\\/09\\\/TL_rauha_600.png\",\"contentUrl\":\"https:\\\/\\\/www.toisenlainenlahja.fi\\\/wp-content\\\/uploads\\\/2013\\\/09\\\/TL_rauha_600.png\",\"width\":600,\"height\":600},{\"@type\":\"BreadcrumbList\",\"@id\":\"https:\\\/\\\/www.toisenlainenlahja.fi\\\/sv\\\/produkt\\\/fred\\\/#breadcrumb\",\"itemListElement\":[{\"@type\":\"ListItem\",\"position\":1,\"name\":\"G\u00e5vor\",\"item\":\"https:\\\/\\\/www.toisenlainenlahja.fi\\\/sv\\\/gavor\\\/\"},{\"@type\":\"ListItem\",\"position\":2,\"name\":\"Fred\"}]},{\"@type\":\"WebSite\",\"@id\":\"https:\\\/\\\/www.toisenlainenlahja.fi\\\/#website\",\"url\":\"https:\\\/\\\/www.toisenlainenlahja.fi\\\/\",\"name\":\"Annorlunda G\u00e5va\",\"description\":\"\",\"publisher\":{\"@id\":\"https:\\\/\\\/www.toisenlainenlahja.fi\\\/#organization\"},\"potentialAction\":[{\"@type\":\"SearchAction\",\"target\":{\"@type\":\"EntryPoint\",\"urlTemplate\":\"https:\\\/\\\/www.toisenlainenlahja.fi\\\/?s={search_term_string}\"},\"query-input\":{\"@type\":\"PropertyValueSpecification\",\"valueRequired\":true,\"valueName\":\"search_term_string\"}}],\"inLanguage\":\"sv-SE\"},{\"@type\":\"Organization\",\"@id\":\"https:\\\/\\\/www.toisenlainenlahja.fi\\\/#organization\",\"name\":\"Annorlunda G\u00e5va\",\"url\":\"https:\\\/\\\/www.toisenlainenlahja.fi\\\/\",\"logo\":{\"@type\":\"ImageObject\",\"inLanguage\":\"sv-SE\",\"@id\":\"https:\\\/\\\/www.toisenlainenlahja.fi\\\/#\\\/schema\\\/logo\\\/image\\\/\",\"url\":\"https:\\\/\\\/www.toisenlainenlahja.fi\\\/wp-content\\\/uploads\\\/2021\\\/10\\\/logo-tl-sv-1.svg\",\"contentUrl\":\"https:\\\/\\\/www.toisenlainenlahja.fi\\\/wp-content\\\/uploads\\\/2021\\\/10\\\/logo-tl-sv-1.svg\",\"width\":277,\"height\":30,\"caption\":\"Annorlunda G\u00e5va\"},\"image\":{\"@id\":\"https:\\\/\\\/www.toisenlainenlahja.fi\\\/#\\\/schema\\\/logo\\\/image\\\/\"}}]}<\/script>\n<!-- \/ Yoast SEO plugin. -->","yoast_head_json":{"title":"Fred - Annorlunda G\u00e5va","description":"Krigstillst\u00e5nd, konflikt och politisk instabilitet \u00e4r de st\u00f6rsta hoten mot m\u00e4nniskov\u00e4rdet och m\u00e4nniskornas \u00f6verlevnad.","robots":{"index":"index","follow":"follow","max-snippet":"max-snippet:-1","max-image-preview":"max-image-preview:large","max-video-preview":"max-video-preview:-1"},"canonical":"https:\/\/www.toisenlainenlahja.fi\/sv\/produkt\/fred\/","og_locale":"sv_SE","og_type":"article","og_title":"Fred - Annorlunda G\u00e5va","og_description":"Krigstillst\u00e5nd, konflikt och politisk instabilitet \u00e4r de st\u00f6rsta hoten mot m\u00e4nniskov\u00e4rdet och m\u00e4nniskornas \u00f6verlevnad.","og_url":"https:\/\/www.toisenlainenlahja.fi\/sv\/produkt\/fred\/","og_site_name":"Annorlunda G\u00e5va","article_modified_time":"2025-11-21T04:50:53+00:00","og_image":[{"width":600,"height":600,"url":"https:\/\/www.toisenlainenlahja.fi\/wp-content\/uploads\/2013\/09\/TL_rauha_600.png","type":"image\/png"}],"twitter_card":"summary_large_image","twitter_misc":{"Ber\u00e4knad l\u00e4stid":"2 minuter"},"schema":{"@context":"https:\/\/schema.org","@graph":[{"@type":"WebPage","@id":"https:\/\/www.toisenlainenlahja.fi\/sv\/produkt\/fred\/","url":"https:\/\/www.toisenlainenlahja.fi\/sv\/produkt\/fred\/","name":"Fred - Annorlunda G\u00e5va","isPartOf":{"@id":"https:\/\/www.toisenlainenlahja.fi\/#website"},"primaryImageOfPage":{"@id":"https:\/\/www.toisenlainenlahja.fi\/sv\/produkt\/fred\/#primaryimage"},"image":{"@id":"https:\/\/www.toisenlainenlahja.fi\/sv\/produkt\/fred\/#primaryimage"},"thumbnailUrl":"https:\/\/www.toisenlainenlahja.fi\/wp-content\/uploads\/2013\/09\/TL_rauha_600.png","datePublished":"2013-09-09T11:27:34+00:00","dateModified":"2025-11-21T04:50:53+00:00","description":"Krigstillst\u00e5nd, konflikt och politisk instabilitet \u00e4r de st\u00f6rsta hoten mot m\u00e4nniskov\u00e4rdet och m\u00e4nniskornas \u00f6verlevnad.","breadcrumb":{"@id":"https:\/\/www.toisenlainenlahja.fi\/sv\/produkt\/fred\/#breadcrumb"},"inLanguage":"sv-SE","potentialAction":[{"@type":"ReadAction","target":["https:\/\/www.toisenlainenlahja.fi\/sv\/produkt\/fred\/"]}]},{"@type":"ImageObject","inLanguage":"sv-SE","@id":"https:\/\/www.toisenlainenlahja.fi\/sv\/produkt\/fred\/#primaryimage","url":"https:\/\/www.toisenlainenlahja.fi\/wp-content\/uploads\/2013\/09\/TL_rauha_600.png","contentUrl":"https:\/\/www.toisenlainenlahja.fi\/wp-content\/uploads\/2013\/09\/TL_rauha_600.png","width":600,"height":600},{"@type":"BreadcrumbList","@id":"https:\/\/www.toisenlainenlahja.fi\/sv\/produkt\/fred\/#breadcrumb","itemListElement":[{"@type":"ListItem","position":1,"name":"G\u00e5vor","item":"https:\/\/www.toisenlainenlahja.fi\/sv\/gavor\/"},{"@type":"ListItem","position":2,"name":"Fred"}]},{"@type":"WebSite","@id":"https:\/\/www.toisenlainenlahja.fi\/#website","url":"https:\/\/www.toisenlainenlahja.fi\/","name":"Annorlunda G\u00e5va","description":"","publisher":{"@id":"https:\/\/www.toisenlainenlahja.fi\/#organization"},"potentialAction":[{"@type":"SearchAction","target":{"@type":"EntryPoint","urlTemplate":"https:\/\/www.toisenlainenlahja.fi\/?s={search_term_string}"},"query-input":{"@type":"PropertyValueSpecification","valueRequired":true,"valueName":"search_term_string"}}],"inLanguage":"sv-SE"},{"@type":"Organization","@id":"https:\/\/www.toisenlainenlahja.fi\/#organization","name":"Annorlunda G\u00e5va","url":"https:\/\/www.toisenlainenlahja.fi\/","logo":{"@type":"ImageObject","inLanguage":"sv-SE","@id":"https:\/\/www.toisenlainenlahja.fi\/#\/schema\/logo\/image\/","url":"https:\/\/www.toisenlainenlahja.fi\/wp-content\/uploads\/2021\/10\/logo-tl-sv-1.svg","contentUrl":"https:\/\/www.toisenlainenlahja.fi\/wp-content\/uploads\/2021\/10\/logo-tl-sv-1.svg","width":277,"height":30,"caption":"Annorlunda G\u00e5va"},"image":{"@id":"https:\/\/www.toisenlainenlahja.fi\/#\/schema\/logo\/image\/"}}]}},"_links":{"self":[{"href":"https:\/\/www.toisenlainenlahja.fi\/sv\/wp-json\/wp\/v2\/product\/2303","targetHints":{"allow":["GET"]}}],"collection":[{"href":"https:\/\/www.toisenlainenlahja.fi\/sv\/wp-json\/wp\/v2\/product"}],"about":[{"href":"https:\/\/www.toisenlainenlahja.fi\/sv\/wp-json\/wp\/v2\/types\/product"}],"replies":[{"embeddable":true,"href":"https:\/\/www.toisenlainenlahja.fi\/sv\/wp-json\/wp\/v2\/comments?post=2303"}],"wp:featuredmedia":[{"embeddable":true,"href":"https:\/\/www.toisenlainenlahja.fi\/sv\/wp-json\/wp\/v2\/media\/4583"}],"wp:attachment":[{"href":"https:\/\/www.toisenlainenlahja.fi\/sv\/wp-json\/wp\/v2\/media?parent=2303"}],"wp:term":[{"taxonomy":"product_brand","embeddable":true,"href":"https:\/\/www.toisenlainenlahja.fi\/sv\/wp-json\/wp\/v2\/product_brand?post=2303"},{"taxonomy":"product_cat","embeddable":true,"href":"https:\/\/www.toisenlainenlahja.fi\/sv\/wp-json\/wp\/v2\/product_cat?post=2303"},{"taxonomy":"product_tag","embeddable":true,"href":"https:\/\/www.toisenlainenlahja.fi\/sv\/wp-json\/wp\/v2\/product_tag?post=2303"}],"curies":[{"name":"wp","href":"https:\/\/api.w.org\/{rel}","templated":true}]}}