{"id":2305,"date":"2013-09-09T14:49:36","date_gmt":"2013-09-09T11:49:36","guid":{"rendered":"https:\/\/www.toisenlainenlahja.fi\/tuote\/matpaket\/"},"modified":"2025-11-21T06:49:57","modified_gmt":"2025-11-21T04:49:57","slug":"nodmatspaket","status":"publish","type":"product","link":"https:\/\/www.toisenlainenlahja.fi\/sv\/produkt\/nodmatspaket\/","title":{"rendered":"N\u00f6dmatspaket"},"content":{"rendered":"<p>Klimatf\u00f6randringen drabbar h\u00e5rdast de redan fr\u00e5n tidigare mest utsatta m\u00e4nniskorna. Extrema v\u00e4derfenomen \u00f6kar och torkan \u00e4r v\u00e4rst p\u00e5 de omr\u00e5den d\u00e4r m\u00e4nniskorna redan lever i fattigdom och i d\u00e5liga levnadsf\u00f6rh\u00e5llanden.<\/p>\n<p>M\u00e5nga familjer lever i ovisshet om varifr\u00e5n de f\u00e5r sin m\u00e5ltid f\u00f6ljande dag. Med den h\u00e4r g\u00e5van ger du dem mat som n\u00f6dhj\u00e4lp f\u00f6r att klara sig \u00f6ver den v\u00e4rsta krisen.<\/p>\n<p>Vid sidan av den akuta n\u00f6dhj\u00e4lpen arbetar vi l\u00e5ngsiktigt med att trygga tillg\u00e5ngen till mat genom att utveckla odlings- och bevattningsmetoderna. F\u00f6rsenade regn och torkan som f\u00f6ljer kr\u00e4ver en satsning p\u00e5 nya v\u00e4xtsorter att odla. I utvecklingsprojekten f\u00f6r landsbygden ges m\u00e4nniskorna utbildning och r\u00e5dgivning. M\u00e5let f\u00f6r v\u00e5rt arbete \u00e4r alltid en best\u00e5ende f\u00f6r\u00e4ndring.<\/p>\n","protected":false},"excerpt":{"rendered":"<p>M\u00e5nga familjer lever i ovisshet om varif\u00e5rn de f\u00e5r sin m\u00e5ltid f\u00f6lj\u00e4nde dag. Med den h\u00e4r g\u00e5van ger du dem mat som n\u00f6dhj\u00e4lp f\u00f6r att klara sig.<\/p>\n","protected":false},"featured_media":5010,"comment_status":"closed","ping_status":"closed","template":"","meta":{"_acf_changed":false},"product_brand":[],"product_cat":[88],"product_tag":[],"class_list":{"0":"post-2305","1":"product","2":"type-product","3":"status-publish","4":"has-post-thumbnail","6":"product_cat-katastrofhjalpen","8":"first","9":"instock","10":"purchasable","11":"product-type-simple"},"acf":[],"yoast_head":"<!-- This site is optimized with the Yoast SEO plugin v27.5 - https:\/\/yoast.com\/product\/yoast-seo-wordpress\/ -->\n<title>N\u00f6dmatspaket - Annorlunda G\u00e5va<\/title>\n<meta name=\"description\" content=\"Fattigdom och hunger g\u00e5r hand i hand. M\u00e5nga familjer lever i ovisshet om varif\u00e5rn de f\u00e5r sin m\u00e5ltid f\u00f6lj\u00e4nde dag. Med den h\u00e4r g\u00e5van ger du dem mat som n\u00f6dhj\u00e4lp f\u00f6r att klara sig \u00f6ver den v\u00e4rsta krisen.\" \/>\n<meta name=\"robots\" content=\"index, follow, max-snippet:-1, max-image-preview:large, max-video-preview:-1\" \/>\n<link rel=\"canonical\" href=\"https:\/\/www.toisenlainenlahja.fi\/sv\/produkt\/nodmatspaket\/\" \/>\n<meta property=\"og:locale\" content=\"sv_SE\" \/>\n<meta property=\"og:type\" content=\"article\" \/>\n<meta property=\"og:title\" content=\"N\u00f6dmatspaket - Annorlunda G\u00e5va\" \/>\n<meta property=\"og:description\" content=\"Fattigdom och hunger g\u00e5r hand i hand. M\u00e5nga familjer lever i ovisshet om varif\u00e5rn de f\u00e5r sin m\u00e5ltid f\u00f6lj\u00e4nde dag. Med den h\u00e4r g\u00e5van ger du dem mat som n\u00f6dhj\u00e4lp f\u00f6r att klara sig \u00f6ver den v\u00e4rsta krisen.\" \/>\n<meta property=\"og:url\" content=\"https:\/\/www.toisenlainenlahja.fi\/sv\/produkt\/nodmatspaket\/\" \/>\n<meta property=\"og:site_name\" content=\"Annorlunda G\u00e5va\" \/>\n<meta property=\"article:modified_time\" content=\"2025-11-21T04:49:57+00:00\" \/>\n<meta property=\"og:image\" content=\"https:\/\/www.toisenlainenlahja.fi\/wp-content\/uploads\/2013\/09\/TL_ha\u2560eta\u2560eruokapaketti_600-1.png\" \/>\n\t<meta property=\"og:image:width\" content=\"600\" \/>\n\t<meta property=\"og:image:height\" content=\"600\" \/>\n\t<meta property=\"og:image:type\" content=\"image\/png\" \/>\n<meta name=\"twitter:card\" content=\"summary_large_image\" \/>\n<meta name=\"twitter:label1\" content=\"Ber\u00e4knad l\u00e4stid\" \/>\n\t<meta name=\"twitter:data1\" content=\"3 minuter\" \/>\n<script type=\"application\/ld+json\" class=\"yoast-schema-graph\">{\"@context\":\"https:\\\/\\\/schema.org\",\"@graph\":[{\"@type\":\"WebPage\",\"@id\":\"https:\\\/\\\/www.toisenlainenlahja.fi\\\/sv\\\/produkt\\\/nodmatspaket\\\/\",\"url\":\"https:\\\/\\\/www.toisenlainenlahja.fi\\\/sv\\\/produkt\\\/nodmatspaket\\\/\",\"name\":\"N\u00f6dmatspaket - Annorlunda G\u00e5va\",\"isPartOf\":{\"@id\":\"https:\\\/\\\/www.toisenlainenlahja.fi\\\/#website\"},\"primaryImageOfPage\":{\"@id\":\"https:\\\/\\\/www.toisenlainenlahja.fi\\\/sv\\\/produkt\\\/nodmatspaket\\\/#primaryimage\"},\"image\":{\"@id\":\"https:\\\/\\\/www.toisenlainenlahja.fi\\\/sv\\\/produkt\\\/nodmatspaket\\\/#primaryimage\"},\"thumbnailUrl\":\"https:\\\/\\\/www.toisenlainenlahja.fi\\\/wp-content\\\/uploads\\\/2013\\\/09\\\/TL_ha\u2560eta\u2560eruokapaketti_600-1.png\",\"datePublished\":\"2013-09-09T11:49:36+00:00\",\"dateModified\":\"2025-11-21T04:49:57+00:00\",\"description\":\"Fattigdom och hunger g\u00e5r hand i hand. M\u00e5nga familjer lever i ovisshet om varif\u00e5rn de f\u00e5r sin m\u00e5ltid f\u00f6lj\u00e4nde dag. Med den h\u00e4r g\u00e5van ger du dem mat som n\u00f6dhj\u00e4lp f\u00f6r att klara sig \u00f6ver den v\u00e4rsta krisen.\",\"breadcrumb\":{\"@id\":\"https:\\\/\\\/www.toisenlainenlahja.fi\\\/sv\\\/produkt\\\/nodmatspaket\\\/#breadcrumb\"},\"inLanguage\":\"sv-SE\",\"potentialAction\":[{\"@type\":\"ReadAction\",\"target\":[\"https:\\\/\\\/www.toisenlainenlahja.fi\\\/sv\\\/produkt\\\/nodmatspaket\\\/\"]}]},{\"@type\":\"ImageObject\",\"inLanguage\":\"sv-SE\",\"@id\":\"https:\\\/\\\/www.toisenlainenlahja.fi\\\/sv\\\/produkt\\\/nodmatspaket\\\/#primaryimage\",\"url\":\"https:\\\/\\\/www.toisenlainenlahja.fi\\\/wp-content\\\/uploads\\\/2013\\\/09\\\/TL_ha\u2560eta\u2560eruokapaketti_600-1.png\",\"contentUrl\":\"https:\\\/\\\/www.toisenlainenlahja.fi\\\/wp-content\\\/uploads\\\/2013\\\/09\\\/TL_ha\u2560eta\u2560eruokapaketti_600-1.png\",\"width\":600,\"height\":600},{\"@type\":\"BreadcrumbList\",\"@id\":\"https:\\\/\\\/www.toisenlainenlahja.fi\\\/sv\\\/produkt\\\/nodmatspaket\\\/#breadcrumb\",\"itemListElement\":[{\"@type\":\"ListItem\",\"position\":1,\"name\":\"G\u00e5vor\",\"item\":\"https:\\\/\\\/www.toisenlainenlahja.fi\\\/sv\\\/gavor\\\/\"},{\"@type\":\"ListItem\",\"position\":2,\"name\":\"N\u00f6dmatspaket\"}]},{\"@type\":\"WebSite\",\"@id\":\"https:\\\/\\\/www.toisenlainenlahja.fi\\\/#website\",\"url\":\"https:\\\/\\\/www.toisenlainenlahja.fi\\\/\",\"name\":\"Annorlunda G\u00e5va\",\"description\":\"\",\"publisher\":{\"@id\":\"https:\\\/\\\/www.toisenlainenlahja.fi\\\/#organization\"},\"potentialAction\":[{\"@type\":\"SearchAction\",\"target\":{\"@type\":\"EntryPoint\",\"urlTemplate\":\"https:\\\/\\\/www.toisenlainenlahja.fi\\\/?s={search_term_string}\"},\"query-input\":{\"@type\":\"PropertyValueSpecification\",\"valueRequired\":true,\"valueName\":\"search_term_string\"}}],\"inLanguage\":\"sv-SE\"},{\"@type\":\"Organization\",\"@id\":\"https:\\\/\\\/www.toisenlainenlahja.fi\\\/#organization\",\"name\":\"Toisenlainen Lahja\",\"url\":\"https:\\\/\\\/www.toisenlainenlahja.fi\\\/\",\"logo\":{\"@type\":\"ImageObject\",\"inLanguage\":\"sv-SE\",\"@id\":\"https:\\\/\\\/www.toisenlainenlahja.fi\\\/#\\\/schema\\\/logo\\\/image\\\/\",\"url\":\"https:\\\/\\\/www.toisenlainenlahja.fi\\\/wp-content\\\/uploads\\\/2021\\\/10\\\/logo-tl-sv-1.svg\",\"contentUrl\":\"https:\\\/\\\/www.toisenlainenlahja.fi\\\/wp-content\\\/uploads\\\/2021\\\/10\\\/logo-tl-sv-1.svg\",\"width\":277,\"height\":30,\"caption\":\"Toisenlainen Lahja\"},\"image\":{\"@id\":\"https:\\\/\\\/www.toisenlainenlahja.fi\\\/#\\\/schema\\\/logo\\\/image\\\/\"}}]}<\/script>\n<!-- \/ Yoast SEO plugin. -->","yoast_head_json":{"title":"N\u00f6dmatspaket - Annorlunda G\u00e5va","description":"Fattigdom och hunger g\u00e5r hand i hand. M\u00e5nga familjer lever i ovisshet om varif\u00e5rn de f\u00e5r sin m\u00e5ltid f\u00f6lj\u00e4nde dag. Med den h\u00e4r g\u00e5van ger du dem mat som n\u00f6dhj\u00e4lp f\u00f6r att klara sig \u00f6ver den v\u00e4rsta krisen.","robots":{"index":"index","follow":"follow","max-snippet":"max-snippet:-1","max-image-preview":"max-image-preview:large","max-video-preview":"max-video-preview:-1"},"canonical":"https:\/\/www.toisenlainenlahja.fi\/sv\/produkt\/nodmatspaket\/","og_locale":"sv_SE","og_type":"article","og_title":"N\u00f6dmatspaket - Annorlunda G\u00e5va","og_description":"Fattigdom och hunger g\u00e5r hand i hand. M\u00e5nga familjer lever i ovisshet om varif\u00e5rn de f\u00e5r sin m\u00e5ltid f\u00f6lj\u00e4nde dag. Med den h\u00e4r g\u00e5van ger du dem mat som n\u00f6dhj\u00e4lp f\u00f6r att klara sig \u00f6ver den v\u00e4rsta krisen.","og_url":"https:\/\/www.toisenlainenlahja.fi\/sv\/produkt\/nodmatspaket\/","og_site_name":"Annorlunda G\u00e5va","article_modified_time":"2025-11-21T04:49:57+00:00","og_image":[{"width":600,"height":600,"url":"https:\/\/www.toisenlainenlahja.fi\/wp-content\/uploads\/2013\/09\/TL_ha\u2560eta\u2560eruokapaketti_600-1.png","type":"image\/png"}],"twitter_card":"summary_large_image","twitter_misc":{"Ber\u00e4knad l\u00e4stid":"3 minuter"},"schema":{"@context":"https:\/\/schema.org","@graph":[{"@type":"WebPage","@id":"https:\/\/www.toisenlainenlahja.fi\/sv\/produkt\/nodmatspaket\/","url":"https:\/\/www.toisenlainenlahja.fi\/sv\/produkt\/nodmatspaket\/","name":"N\u00f6dmatspaket - Annorlunda G\u00e5va","isPartOf":{"@id":"https:\/\/www.toisenlainenlahja.fi\/#website"},"primaryImageOfPage":{"@id":"https:\/\/www.toisenlainenlahja.fi\/sv\/produkt\/nodmatspaket\/#primaryimage"},"image":{"@id":"https:\/\/www.toisenlainenlahja.fi\/sv\/produkt\/nodmatspaket\/#primaryimage"},"thumbnailUrl":"https:\/\/www.toisenlainenlahja.fi\/wp-content\/uploads\/2013\/09\/TL_ha\u2560eta\u2560eruokapaketti_600-1.png","datePublished":"2013-09-09T11:49:36+00:00","dateModified":"2025-11-21T04:49:57+00:00","description":"Fattigdom och hunger g\u00e5r hand i hand. M\u00e5nga familjer lever i ovisshet om varif\u00e5rn de f\u00e5r sin m\u00e5ltid f\u00f6lj\u00e4nde dag. Med den h\u00e4r g\u00e5van ger du dem mat som n\u00f6dhj\u00e4lp f\u00f6r att klara sig \u00f6ver den v\u00e4rsta krisen.","breadcrumb":{"@id":"https:\/\/www.toisenlainenlahja.fi\/sv\/produkt\/nodmatspaket\/#breadcrumb"},"inLanguage":"sv-SE","potentialAction":[{"@type":"ReadAction","target":["https:\/\/www.toisenlainenlahja.fi\/sv\/produkt\/nodmatspaket\/"]}]},{"@type":"ImageObject","inLanguage":"sv-SE","@id":"https:\/\/www.toisenlainenlahja.fi\/sv\/produkt\/nodmatspaket\/#primaryimage","url":"https:\/\/www.toisenlainenlahja.fi\/wp-content\/uploads\/2013\/09\/TL_ha\u2560eta\u2560eruokapaketti_600-1.png","contentUrl":"https:\/\/www.toisenlainenlahja.fi\/wp-content\/uploads\/2013\/09\/TL_ha\u2560eta\u2560eruokapaketti_600-1.png","width":600,"height":600},{"@type":"BreadcrumbList","@id":"https:\/\/www.toisenlainenlahja.fi\/sv\/produkt\/nodmatspaket\/#breadcrumb","itemListElement":[{"@type":"ListItem","position":1,"name":"G\u00e5vor","item":"https:\/\/www.toisenlainenlahja.fi\/sv\/gavor\/"},{"@type":"ListItem","position":2,"name":"N\u00f6dmatspaket"}]},{"@type":"WebSite","@id":"https:\/\/www.toisenlainenlahja.fi\/#website","url":"https:\/\/www.toisenlainenlahja.fi\/","name":"Annorlunda G\u00e5va","description":"","publisher":{"@id":"https:\/\/www.toisenlainenlahja.fi\/#organization"},"potentialAction":[{"@type":"SearchAction","target":{"@type":"EntryPoint","urlTemplate":"https:\/\/www.toisenlainenlahja.fi\/?s={search_term_string}"},"query-input":{"@type":"PropertyValueSpecification","valueRequired":true,"valueName":"search_term_string"}}],"inLanguage":"sv-SE"},{"@type":"Organization","@id":"https:\/\/www.toisenlainenlahja.fi\/#organization","name":"Toisenlainen Lahja","url":"https:\/\/www.toisenlainenlahja.fi\/","logo":{"@type":"ImageObject","inLanguage":"sv-SE","@id":"https:\/\/www.toisenlainenlahja.fi\/#\/schema\/logo\/image\/","url":"https:\/\/www.toisenlainenlahja.fi\/wp-content\/uploads\/2021\/10\/logo-tl-sv-1.svg","contentUrl":"https:\/\/www.toisenlainenlahja.fi\/wp-content\/uploads\/2021\/10\/logo-tl-sv-1.svg","width":277,"height":30,"caption":"Toisenlainen Lahja"},"image":{"@id":"https:\/\/www.toisenlainenlahja.fi\/#\/schema\/logo\/image\/"}}]}},"_links":{"self":[{"href":"https:\/\/www.toisenlainenlahja.fi\/sv\/wp-json\/wp\/v2\/product\/2305","targetHints":{"allow":["GET"]}}],"collection":[{"href":"https:\/\/www.toisenlainenlahja.fi\/sv\/wp-json\/wp\/v2\/product"}],"about":[{"href":"https:\/\/www.toisenlainenlahja.fi\/sv\/wp-json\/wp\/v2\/types\/product"}],"replies":[{"embeddable":true,"href":"https:\/\/www.toisenlainenlahja.fi\/sv\/wp-json\/wp\/v2\/comments?post=2305"}],"wp:featuredmedia":[{"embeddable":true,"href":"https:\/\/www.toisenlainenlahja.fi\/sv\/wp-json\/wp\/v2\/media\/5010"}],"wp:attachment":[{"href":"https:\/\/www.toisenlainenlahja.fi\/sv\/wp-json\/wp\/v2\/media?parent=2305"}],"wp:term":[{"taxonomy":"product_brand","embeddable":true,"href":"https:\/\/www.toisenlainenlahja.fi\/sv\/wp-json\/wp\/v2\/product_brand?post=2305"},{"taxonomy":"product_cat","embeddable":true,"href":"https:\/\/www.toisenlainenlahja.fi\/sv\/wp-json\/wp\/v2\/product_cat?post=2305"},{"taxonomy":"product_tag","embeddable":true,"href":"https:\/\/www.toisenlainenlahja.fi\/sv\/wp-json\/wp\/v2\/product_tag?post=2305"}],"curies":[{"name":"wp","href":"https:\/\/api.w.org\/{rel}","templated":true}]}}