{"id":2306,"date":"2013-09-09T15:02:38","date_gmt":"2013-09-09T12:02:38","guid":{"rendered":"https:\/\/www.toisenlainenlahja.fi\/tuote\/gronsaksland\/"},"modified":"2025-11-21T06:49:31","modified_gmt":"2025-11-21T04:49:31","slug":"gronsaksland","status":"publish","type":"product","link":"https:\/\/www.toisenlainenlahja.fi\/sv\/produkt\/gronsaksland\/","title":{"rendered":"Gr\u00f6nsaksland"},"content":{"rendered":"<p>En ensidig kost och f\u00f6r lite mat kan leda till undern\u00e4ring och sjukdomar.<\/p>\n<p>Genom att ge ett gr\u00f6nsaksland i g\u00e5va st\u00f6der du de fattigaste familjernas h\u00e4lsa och utkomst i utvecklingsl\u00e4nderna. Gr\u00f6nsakerna berikar den ensidiga kosten och hj\u00e4lper ocks\u00e5 till att ge en utkomst. I gr\u00f6nsakslandet kan man plantera l\u00e4ttsk\u00f6tta gr\u00f6nsaker och rotfrukter s\u00e5 som mor\u00f6tter, olika k\u00e5lsorter och l\u00f6kar.<\/p>\n","protected":false},"excerpt":{"rendered":"<p>Genom att ge ett gr\u00f6nsaksland i g\u00e5va st\u00f6der du de fattigaste familjernas h\u00e4lsa och utkomst i utvecklingsl\u00e4nderna.<\/p>\n","protected":false},"featured_media":4515,"comment_status":"closed","ping_status":"closed","template":"","meta":{"_acf_changed":false},"product_brand":[],"product_cat":[84,79,92],"product_tag":[],"class_list":{"0":"post-2306","1":"product","2":"type-product","3":"status-publish","4":"has-post-thumbnail","6":"product_cat-alla-hjartans-dag","7":"product_cat-brollop","8":"product_cat-levebrod","10":"first","11":"instock","12":"purchasable","13":"product-type-simple"},"acf":[],"yoast_head":"<!-- This site is optimized with the Yoast SEO plugin v27.3 - https:\/\/yoast.com\/product\/yoast-seo-wordpress\/ -->\n<title>Gr\u00f6nsaksland - Annorlunda G\u00e5va<\/title>\n<meta name=\"description\" content=\"Genom att ge ett gr\u00f6nsaksland i g\u00e5va st\u00f6der du de fattigaste familjernas h\u00e4lsa och utkomst i utvecklingsl\u00e4nderna.\" \/>\n<meta name=\"robots\" content=\"index, follow, max-snippet:-1, max-image-preview:large, max-video-preview:-1\" \/>\n<link rel=\"canonical\" href=\"https:\/\/www.toisenlainenlahja.fi\/sv\/produkt\/gronsaksland\/\" \/>\n<meta property=\"og:locale\" content=\"sv_SE\" \/>\n<meta property=\"og:type\" content=\"article\" \/>\n<meta property=\"og:title\" content=\"Gr\u00f6nsaksland - Annorlunda G\u00e5va\" \/>\n<meta property=\"og:description\" content=\"Genom att ge ett gr\u00f6nsaksland i g\u00e5va st\u00f6der du de fattigaste familjernas h\u00e4lsa och utkomst i utvecklingsl\u00e4nderna.\" \/>\n<meta property=\"og:url\" content=\"https:\/\/www.toisenlainenlahja.fi\/sv\/produkt\/gronsaksland\/\" \/>\n<meta property=\"og:site_name\" content=\"Annorlunda G\u00e5va\" \/>\n<meta property=\"article:modified_time\" content=\"2025-11-21T04:49:31+00:00\" \/>\n<meta property=\"og:image\" content=\"https:\/\/www.toisenlainenlahja.fi\/wp-content\/uploads\/2013\/09\/TL_kasvimaa_600.png\" \/>\n\t<meta property=\"og:image:width\" content=\"600\" \/>\n\t<meta property=\"og:image:height\" content=\"600\" \/>\n\t<meta property=\"og:image:type\" content=\"image\/png\" \/>\n<meta name=\"twitter:card\" content=\"summary_large_image\" \/>\n<meta name=\"twitter:label1\" content=\"Ber\u00e4knad l\u00e4stid\" \/>\n\t<meta name=\"twitter:data1\" content=\"2 minuter\" \/>\n<script type=\"application\/ld+json\" class=\"yoast-schema-graph\">{\"@context\":\"https:\\\/\\\/schema.org\",\"@graph\":[{\"@type\":\"WebPage\",\"@id\":\"https:\\\/\\\/www.toisenlainenlahja.fi\\\/sv\\\/produkt\\\/gronsaksland\\\/\",\"url\":\"https:\\\/\\\/www.toisenlainenlahja.fi\\\/sv\\\/produkt\\\/gronsaksland\\\/\",\"name\":\"Gr\u00f6nsaksland - Annorlunda G\u00e5va\",\"isPartOf\":{\"@id\":\"https:\\\/\\\/www.toisenlainenlahja.fi\\\/#website\"},\"primaryImageOfPage\":{\"@id\":\"https:\\\/\\\/www.toisenlainenlahja.fi\\\/sv\\\/produkt\\\/gronsaksland\\\/#primaryimage\"},\"image\":{\"@id\":\"https:\\\/\\\/www.toisenlainenlahja.fi\\\/sv\\\/produkt\\\/gronsaksland\\\/#primaryimage\"},\"thumbnailUrl\":\"https:\\\/\\\/www.toisenlainenlahja.fi\\\/wp-content\\\/uploads\\\/2013\\\/09\\\/TL_kasvimaa_600.png\",\"datePublished\":\"2013-09-09T12:02:38+00:00\",\"dateModified\":\"2025-11-21T04:49:31+00:00\",\"description\":\"Genom att ge ett gr\u00f6nsaksland i g\u00e5va st\u00f6der du de fattigaste familjernas h\u00e4lsa och utkomst i utvecklingsl\u00e4nderna.\",\"breadcrumb\":{\"@id\":\"https:\\\/\\\/www.toisenlainenlahja.fi\\\/sv\\\/produkt\\\/gronsaksland\\\/#breadcrumb\"},\"inLanguage\":\"sv-SE\",\"potentialAction\":[{\"@type\":\"ReadAction\",\"target\":[\"https:\\\/\\\/www.toisenlainenlahja.fi\\\/sv\\\/produkt\\\/gronsaksland\\\/\"]}]},{\"@type\":\"ImageObject\",\"inLanguage\":\"sv-SE\",\"@id\":\"https:\\\/\\\/www.toisenlainenlahja.fi\\\/sv\\\/produkt\\\/gronsaksland\\\/#primaryimage\",\"url\":\"https:\\\/\\\/www.toisenlainenlahja.fi\\\/wp-content\\\/uploads\\\/2013\\\/09\\\/TL_kasvimaa_600.png\",\"contentUrl\":\"https:\\\/\\\/www.toisenlainenlahja.fi\\\/wp-content\\\/uploads\\\/2013\\\/09\\\/TL_kasvimaa_600.png\",\"width\":600,\"height\":600},{\"@type\":\"BreadcrumbList\",\"@id\":\"https:\\\/\\\/www.toisenlainenlahja.fi\\\/sv\\\/produkt\\\/gronsaksland\\\/#breadcrumb\",\"itemListElement\":[{\"@type\":\"ListItem\",\"position\":1,\"name\":\"G\u00e5vor\",\"item\":\"https:\\\/\\\/www.toisenlainenlahja.fi\\\/sv\\\/gavor\\\/\"},{\"@type\":\"ListItem\",\"position\":2,\"name\":\"Gr\u00f6nsaksland\"}]},{\"@type\":\"WebSite\",\"@id\":\"https:\\\/\\\/www.toisenlainenlahja.fi\\\/#website\",\"url\":\"https:\\\/\\\/www.toisenlainenlahja.fi\\\/\",\"name\":\"Annorlunda G\u00e5va\",\"description\":\"\",\"publisher\":{\"@id\":\"https:\\\/\\\/www.toisenlainenlahja.fi\\\/#organization\"},\"potentialAction\":[{\"@type\":\"SearchAction\",\"target\":{\"@type\":\"EntryPoint\",\"urlTemplate\":\"https:\\\/\\\/www.toisenlainenlahja.fi\\\/?s={search_term_string}\"},\"query-input\":{\"@type\":\"PropertyValueSpecification\",\"valueRequired\":true,\"valueName\":\"search_term_string\"}}],\"inLanguage\":\"sv-SE\"},{\"@type\":\"Organization\",\"@id\":\"https:\\\/\\\/www.toisenlainenlahja.fi\\\/#organization\",\"name\":\"Toisenlainen Lahja\",\"url\":\"https:\\\/\\\/www.toisenlainenlahja.fi\\\/\",\"logo\":{\"@type\":\"ImageObject\",\"inLanguage\":\"sv-SE\",\"@id\":\"https:\\\/\\\/www.toisenlainenlahja.fi\\\/#\\\/schema\\\/logo\\\/image\\\/\",\"url\":\"https:\\\/\\\/www.toisenlainenlahja.fi\\\/wp-content\\\/uploads\\\/2021\\\/10\\\/logo-tl-sv-1.svg\",\"contentUrl\":\"https:\\\/\\\/www.toisenlainenlahja.fi\\\/wp-content\\\/uploads\\\/2021\\\/10\\\/logo-tl-sv-1.svg\",\"width\":277,\"height\":30,\"caption\":\"Toisenlainen Lahja\"},\"image\":{\"@id\":\"https:\\\/\\\/www.toisenlainenlahja.fi\\\/#\\\/schema\\\/logo\\\/image\\\/\"}}]}<\/script>\n<!-- \/ Yoast SEO plugin. -->","yoast_head_json":{"title":"Gr\u00f6nsaksland - Annorlunda G\u00e5va","description":"Genom att ge ett gr\u00f6nsaksland i g\u00e5va st\u00f6der du de fattigaste familjernas h\u00e4lsa och utkomst i utvecklingsl\u00e4nderna.","robots":{"index":"index","follow":"follow","max-snippet":"max-snippet:-1","max-image-preview":"max-image-preview:large","max-video-preview":"max-video-preview:-1"},"canonical":"https:\/\/www.toisenlainenlahja.fi\/sv\/produkt\/gronsaksland\/","og_locale":"sv_SE","og_type":"article","og_title":"Gr\u00f6nsaksland - Annorlunda G\u00e5va","og_description":"Genom att ge ett gr\u00f6nsaksland i g\u00e5va st\u00f6der du de fattigaste familjernas h\u00e4lsa och utkomst i utvecklingsl\u00e4nderna.","og_url":"https:\/\/www.toisenlainenlahja.fi\/sv\/produkt\/gronsaksland\/","og_site_name":"Annorlunda G\u00e5va","article_modified_time":"2025-11-21T04:49:31+00:00","og_image":[{"width":600,"height":600,"url":"https:\/\/www.toisenlainenlahja.fi\/wp-content\/uploads\/2013\/09\/TL_kasvimaa_600.png","type":"image\/png"}],"twitter_card":"summary_large_image","twitter_misc":{"Ber\u00e4knad l\u00e4stid":"2 minuter"},"schema":{"@context":"https:\/\/schema.org","@graph":[{"@type":"WebPage","@id":"https:\/\/www.toisenlainenlahja.fi\/sv\/produkt\/gronsaksland\/","url":"https:\/\/www.toisenlainenlahja.fi\/sv\/produkt\/gronsaksland\/","name":"Gr\u00f6nsaksland - Annorlunda G\u00e5va","isPartOf":{"@id":"https:\/\/www.toisenlainenlahja.fi\/#website"},"primaryImageOfPage":{"@id":"https:\/\/www.toisenlainenlahja.fi\/sv\/produkt\/gronsaksland\/#primaryimage"},"image":{"@id":"https:\/\/www.toisenlainenlahja.fi\/sv\/produkt\/gronsaksland\/#primaryimage"},"thumbnailUrl":"https:\/\/www.toisenlainenlahja.fi\/wp-content\/uploads\/2013\/09\/TL_kasvimaa_600.png","datePublished":"2013-09-09T12:02:38+00:00","dateModified":"2025-11-21T04:49:31+00:00","description":"Genom att ge ett gr\u00f6nsaksland i g\u00e5va st\u00f6der du de fattigaste familjernas h\u00e4lsa och utkomst i utvecklingsl\u00e4nderna.","breadcrumb":{"@id":"https:\/\/www.toisenlainenlahja.fi\/sv\/produkt\/gronsaksland\/#breadcrumb"},"inLanguage":"sv-SE","potentialAction":[{"@type":"ReadAction","target":["https:\/\/www.toisenlainenlahja.fi\/sv\/produkt\/gronsaksland\/"]}]},{"@type":"ImageObject","inLanguage":"sv-SE","@id":"https:\/\/www.toisenlainenlahja.fi\/sv\/produkt\/gronsaksland\/#primaryimage","url":"https:\/\/www.toisenlainenlahja.fi\/wp-content\/uploads\/2013\/09\/TL_kasvimaa_600.png","contentUrl":"https:\/\/www.toisenlainenlahja.fi\/wp-content\/uploads\/2013\/09\/TL_kasvimaa_600.png","width":600,"height":600},{"@type":"BreadcrumbList","@id":"https:\/\/www.toisenlainenlahja.fi\/sv\/produkt\/gronsaksland\/#breadcrumb","itemListElement":[{"@type":"ListItem","position":1,"name":"G\u00e5vor","item":"https:\/\/www.toisenlainenlahja.fi\/sv\/gavor\/"},{"@type":"ListItem","position":2,"name":"Gr\u00f6nsaksland"}]},{"@type":"WebSite","@id":"https:\/\/www.toisenlainenlahja.fi\/#website","url":"https:\/\/www.toisenlainenlahja.fi\/","name":"Annorlunda G\u00e5va","description":"","publisher":{"@id":"https:\/\/www.toisenlainenlahja.fi\/#organization"},"potentialAction":[{"@type":"SearchAction","target":{"@type":"EntryPoint","urlTemplate":"https:\/\/www.toisenlainenlahja.fi\/?s={search_term_string}"},"query-input":{"@type":"PropertyValueSpecification","valueRequired":true,"valueName":"search_term_string"}}],"inLanguage":"sv-SE"},{"@type":"Organization","@id":"https:\/\/www.toisenlainenlahja.fi\/#organization","name":"Toisenlainen Lahja","url":"https:\/\/www.toisenlainenlahja.fi\/","logo":{"@type":"ImageObject","inLanguage":"sv-SE","@id":"https:\/\/www.toisenlainenlahja.fi\/#\/schema\/logo\/image\/","url":"https:\/\/www.toisenlainenlahja.fi\/wp-content\/uploads\/2021\/10\/logo-tl-sv-1.svg","contentUrl":"https:\/\/www.toisenlainenlahja.fi\/wp-content\/uploads\/2021\/10\/logo-tl-sv-1.svg","width":277,"height":30,"caption":"Toisenlainen Lahja"},"image":{"@id":"https:\/\/www.toisenlainenlahja.fi\/#\/schema\/logo\/image\/"}}]}},"_links":{"self":[{"href":"https:\/\/www.toisenlainenlahja.fi\/sv\/wp-json\/wp\/v2\/product\/2306","targetHints":{"allow":["GET"]}}],"collection":[{"href":"https:\/\/www.toisenlainenlahja.fi\/sv\/wp-json\/wp\/v2\/product"}],"about":[{"href":"https:\/\/www.toisenlainenlahja.fi\/sv\/wp-json\/wp\/v2\/types\/product"}],"replies":[{"embeddable":true,"href":"https:\/\/www.toisenlainenlahja.fi\/sv\/wp-json\/wp\/v2\/comments?post=2306"}],"wp:featuredmedia":[{"embeddable":true,"href":"https:\/\/www.toisenlainenlahja.fi\/sv\/wp-json\/wp\/v2\/media\/4515"}],"wp:attachment":[{"href":"https:\/\/www.toisenlainenlahja.fi\/sv\/wp-json\/wp\/v2\/media?parent=2306"}],"wp:term":[{"taxonomy":"product_brand","embeddable":true,"href":"https:\/\/www.toisenlainenlahja.fi\/sv\/wp-json\/wp\/v2\/product_brand?post=2306"},{"taxonomy":"product_cat","embeddable":true,"href":"https:\/\/www.toisenlainenlahja.fi\/sv\/wp-json\/wp\/v2\/product_cat?post=2306"},{"taxonomy":"product_tag","embeddable":true,"href":"https:\/\/www.toisenlainenlahja.fi\/sv\/wp-json\/wp\/v2\/product_tag?post=2306"}],"curies":[{"name":"wp","href":"https:\/\/api.w.org\/{rel}","templated":true}]}}