{"id":2307,"date":"2013-09-09T15:08:29","date_gmt":"2013-09-09T12:08:29","guid":{"rendered":"https:\/\/www.toisenlainenlahja.fi\/tuote\/rent-vatten\/"},"modified":"2025-11-21T06:49:06","modified_gmt":"2025-11-21T04:49:06","slug":"rent-vatten","status":"publish","type":"product","link":"https:\/\/www.toisenlainenlahja.fi\/sv\/produkt\/rent-vatten\/","title":{"rendered":"Rent vatten"},"content":{"rendered":"<p>Rent dricksvatten h\u00f6r till m\u00e4nniskans grundbehov och de grundl\u00e4ggande m\u00e4nskliga r\u00e4ttigheterna.<\/p>\n<p>Trots det lever \u00f6ver en miljard m\u00e4nniskor utan rent vatten. I u-l\u00e4nderna d\u00f6r \u00e5rligen en halv miljon barn i sjukdomar orsakade av smutsigt vatten eller bristf\u00e4llig sanitet. I katastrofsituationer leder vattenbristen till sjukdomsepidemier och f\u00f6rv\u00e4rrar situationen f\u00f6r m\u00e4nniskorna som redan lever under sv\u00e5ra f\u00f6rh\u00e5llanden.<\/p>\n<p>F\u00f6rutom m\u00e4nniskornas behov \u00e4r \u00e4ven tillg\u00e5ngen till vatten f\u00f6r boskap och jordbruk viktig, eftersom f\u00f6rlusten av djur och odlingar orsakar l\u00e5ngvariga problem och g\u00f6r redan fattiga m\u00e4nniskor \u00e4nnu fattigare.<\/p>\n<p>Man har konstaterat att klimatf\u00f6r\u00e4ndringen \u00f6kar antalet naturkatastrofer. N\u00e4r torkan f\u00f6rst\u00f6r spannm\u00e5lssk\u00f6rden eller \u00f6versv\u00e4mningar smutsar ner vattenk\u00e4llor beh\u00f6vs utomst\u00e5ende hj\u00e4lp snabbt. Vatten renas med klor och transporteras vid behov till de n\u00f6dst\u00e4llda med tankbilar. Nedsmutsade brunnar kan renas och pumpar repareras \u00e4ven p\u00e5 platsen.<\/p>\n","protected":false},"excerpt":{"rendered":"<p>I en katastrofsituation \u00e4r det livsviktigt att f\u00f6rs\u00e4kra sig om tillg\u00e5ng till rent vatten. Utan rent vatten sprids m\u00e5nga sjukdomar.<\/p>\n","protected":false},"featured_media":4575,"comment_status":"closed","ping_status":"closed","template":"","meta":{"_acf_changed":false},"product_brand":[],"product_cat":[88,90],"product_tag":[],"class_list":{"0":"post-2307","1":"product","2":"type-product","3":"status-publish","4":"has-post-thumbnail","6":"product_cat-katastrofhjalpen","7":"product_cat-rent-vatten-och-hygien","9":"first","10":"instock","11":"purchasable","12":"product-type-simple"},"acf":[],"yoast_head":"<!-- This site is optimized with the Yoast SEO plugin v27.3 - https:\/\/yoast.com\/product\/yoast-seo-wordpress\/ -->\n<title>Rent vatten - Annorlunda G\u00e5va<\/title>\n<meta name=\"description\" content=\"I en katastrofsituation \u00e4r det livsviktigt att f\u00f6rs\u00e4kra sig om tillg\u00e5ng till rent vatten. Utan rent vatten sprids m\u00e5nga sjukdomar.\" \/>\n<meta name=\"robots\" content=\"index, follow, max-snippet:-1, max-image-preview:large, max-video-preview:-1\" \/>\n<link rel=\"canonical\" href=\"https:\/\/www.toisenlainenlahja.fi\/sv\/produkt\/rent-vatten\/\" \/>\n<meta property=\"og:locale\" content=\"sv_SE\" \/>\n<meta property=\"og:type\" content=\"article\" \/>\n<meta property=\"og:title\" content=\"Rent vatten - Annorlunda G\u00e5va\" \/>\n<meta property=\"og:description\" content=\"I en katastrofsituation \u00e4r det livsviktigt att f\u00f6rs\u00e4kra sig om tillg\u00e5ng till rent vatten. Utan rent vatten sprids m\u00e5nga sjukdomar.\" \/>\n<meta property=\"og:url\" content=\"https:\/\/www.toisenlainenlahja.fi\/sv\/produkt\/rent-vatten\/\" \/>\n<meta property=\"og:site_name\" content=\"Annorlunda G\u00e5va\" \/>\n<meta property=\"article:modified_time\" content=\"2025-11-21T04:49:06+00:00\" \/>\n<meta property=\"og:image\" content=\"https:\/\/www.toisenlainenlahja.fi\/wp-content\/uploads\/2013\/09\/TL_puhdasta_vetta\u2560e_600.png\" \/>\n\t<meta property=\"og:image:width\" content=\"600\" \/>\n\t<meta property=\"og:image:height\" content=\"600\" \/>\n\t<meta property=\"og:image:type\" content=\"image\/png\" \/>\n<meta name=\"twitter:card\" content=\"summary_large_image\" \/>\n<meta name=\"twitter:label1\" content=\"Ber\u00e4knad l\u00e4stid\" \/>\n\t<meta name=\"twitter:data1\" content=\"3 minuter\" \/>\n<script type=\"application\/ld+json\" class=\"yoast-schema-graph\">{\"@context\":\"https:\\\/\\\/schema.org\",\"@graph\":[{\"@type\":\"WebPage\",\"@id\":\"https:\\\/\\\/www.toisenlainenlahja.fi\\\/sv\\\/produkt\\\/rent-vatten\\\/\",\"url\":\"https:\\\/\\\/www.toisenlainenlahja.fi\\\/sv\\\/produkt\\\/rent-vatten\\\/\",\"name\":\"Rent vatten - Annorlunda G\u00e5va\",\"isPartOf\":{\"@id\":\"https:\\\/\\\/www.toisenlainenlahja.fi\\\/#website\"},\"primaryImageOfPage\":{\"@id\":\"https:\\\/\\\/www.toisenlainenlahja.fi\\\/sv\\\/produkt\\\/rent-vatten\\\/#primaryimage\"},\"image\":{\"@id\":\"https:\\\/\\\/www.toisenlainenlahja.fi\\\/sv\\\/produkt\\\/rent-vatten\\\/#primaryimage\"},\"thumbnailUrl\":\"https:\\\/\\\/www.toisenlainenlahja.fi\\\/wp-content\\\/uploads\\\/2013\\\/09\\\/TL_puhdasta_vetta\u2560e_600.png\",\"datePublished\":\"2013-09-09T12:08:29+00:00\",\"dateModified\":\"2025-11-21T04:49:06+00:00\",\"description\":\"I en katastrofsituation \u00e4r det livsviktigt att f\u00f6rs\u00e4kra sig om tillg\u00e5ng till rent vatten. Utan rent vatten sprids m\u00e5nga sjukdomar.\",\"breadcrumb\":{\"@id\":\"https:\\\/\\\/www.toisenlainenlahja.fi\\\/sv\\\/produkt\\\/rent-vatten\\\/#breadcrumb\"},\"inLanguage\":\"sv-SE\",\"potentialAction\":[{\"@type\":\"ReadAction\",\"target\":[\"https:\\\/\\\/www.toisenlainenlahja.fi\\\/sv\\\/produkt\\\/rent-vatten\\\/\"]}]},{\"@type\":\"ImageObject\",\"inLanguage\":\"sv-SE\",\"@id\":\"https:\\\/\\\/www.toisenlainenlahja.fi\\\/sv\\\/produkt\\\/rent-vatten\\\/#primaryimage\",\"url\":\"https:\\\/\\\/www.toisenlainenlahja.fi\\\/wp-content\\\/uploads\\\/2013\\\/09\\\/TL_puhdasta_vetta\u2560e_600.png\",\"contentUrl\":\"https:\\\/\\\/www.toisenlainenlahja.fi\\\/wp-content\\\/uploads\\\/2013\\\/09\\\/TL_puhdasta_vetta\u2560e_600.png\",\"width\":600,\"height\":600},{\"@type\":\"BreadcrumbList\",\"@id\":\"https:\\\/\\\/www.toisenlainenlahja.fi\\\/sv\\\/produkt\\\/rent-vatten\\\/#breadcrumb\",\"itemListElement\":[{\"@type\":\"ListItem\",\"position\":1,\"name\":\"G\u00e5vor\",\"item\":\"https:\\\/\\\/www.toisenlainenlahja.fi\\\/sv\\\/gavor\\\/\"},{\"@type\":\"ListItem\",\"position\":2,\"name\":\"Rent vatten\"}]},{\"@type\":\"WebSite\",\"@id\":\"https:\\\/\\\/www.toisenlainenlahja.fi\\\/#website\",\"url\":\"https:\\\/\\\/www.toisenlainenlahja.fi\\\/\",\"name\":\"Annorlunda G\u00e5va\",\"description\":\"\",\"publisher\":{\"@id\":\"https:\\\/\\\/www.toisenlainenlahja.fi\\\/#organization\"},\"potentialAction\":[{\"@type\":\"SearchAction\",\"target\":{\"@type\":\"EntryPoint\",\"urlTemplate\":\"https:\\\/\\\/www.toisenlainenlahja.fi\\\/?s={search_term_string}\"},\"query-input\":{\"@type\":\"PropertyValueSpecification\",\"valueRequired\":true,\"valueName\":\"search_term_string\"}}],\"inLanguage\":\"sv-SE\"},{\"@type\":\"Organization\",\"@id\":\"https:\\\/\\\/www.toisenlainenlahja.fi\\\/#organization\",\"name\":\"Toisenlainen Lahja\",\"url\":\"https:\\\/\\\/www.toisenlainenlahja.fi\\\/\",\"logo\":{\"@type\":\"ImageObject\",\"inLanguage\":\"sv-SE\",\"@id\":\"https:\\\/\\\/www.toisenlainenlahja.fi\\\/#\\\/schema\\\/logo\\\/image\\\/\",\"url\":\"https:\\\/\\\/www.toisenlainenlahja.fi\\\/wp-content\\\/uploads\\\/2021\\\/10\\\/logo-tl-sv-1.svg\",\"contentUrl\":\"https:\\\/\\\/www.toisenlainenlahja.fi\\\/wp-content\\\/uploads\\\/2021\\\/10\\\/logo-tl-sv-1.svg\",\"width\":277,\"height\":30,\"caption\":\"Toisenlainen Lahja\"},\"image\":{\"@id\":\"https:\\\/\\\/www.toisenlainenlahja.fi\\\/#\\\/schema\\\/logo\\\/image\\\/\"}}]}<\/script>\n<!-- \/ Yoast SEO plugin. -->","yoast_head_json":{"title":"Rent vatten - Annorlunda G\u00e5va","description":"I en katastrofsituation \u00e4r det livsviktigt att f\u00f6rs\u00e4kra sig om tillg\u00e5ng till rent vatten. Utan rent vatten sprids m\u00e5nga sjukdomar.","robots":{"index":"index","follow":"follow","max-snippet":"max-snippet:-1","max-image-preview":"max-image-preview:large","max-video-preview":"max-video-preview:-1"},"canonical":"https:\/\/www.toisenlainenlahja.fi\/sv\/produkt\/rent-vatten\/","og_locale":"sv_SE","og_type":"article","og_title":"Rent vatten - Annorlunda G\u00e5va","og_description":"I en katastrofsituation \u00e4r det livsviktigt att f\u00f6rs\u00e4kra sig om tillg\u00e5ng till rent vatten. Utan rent vatten sprids m\u00e5nga sjukdomar.","og_url":"https:\/\/www.toisenlainenlahja.fi\/sv\/produkt\/rent-vatten\/","og_site_name":"Annorlunda G\u00e5va","article_modified_time":"2025-11-21T04:49:06+00:00","og_image":[{"width":600,"height":600,"url":"https:\/\/www.toisenlainenlahja.fi\/wp-content\/uploads\/2013\/09\/TL_puhdasta_vetta\u2560e_600.png","type":"image\/png"}],"twitter_card":"summary_large_image","twitter_misc":{"Ber\u00e4knad l\u00e4stid":"3 minuter"},"schema":{"@context":"https:\/\/schema.org","@graph":[{"@type":"WebPage","@id":"https:\/\/www.toisenlainenlahja.fi\/sv\/produkt\/rent-vatten\/","url":"https:\/\/www.toisenlainenlahja.fi\/sv\/produkt\/rent-vatten\/","name":"Rent vatten - Annorlunda G\u00e5va","isPartOf":{"@id":"https:\/\/www.toisenlainenlahja.fi\/#website"},"primaryImageOfPage":{"@id":"https:\/\/www.toisenlainenlahja.fi\/sv\/produkt\/rent-vatten\/#primaryimage"},"image":{"@id":"https:\/\/www.toisenlainenlahja.fi\/sv\/produkt\/rent-vatten\/#primaryimage"},"thumbnailUrl":"https:\/\/www.toisenlainenlahja.fi\/wp-content\/uploads\/2013\/09\/TL_puhdasta_vetta\u2560e_600.png","datePublished":"2013-09-09T12:08:29+00:00","dateModified":"2025-11-21T04:49:06+00:00","description":"I en katastrofsituation \u00e4r det livsviktigt att f\u00f6rs\u00e4kra sig om tillg\u00e5ng till rent vatten. Utan rent vatten sprids m\u00e5nga sjukdomar.","breadcrumb":{"@id":"https:\/\/www.toisenlainenlahja.fi\/sv\/produkt\/rent-vatten\/#breadcrumb"},"inLanguage":"sv-SE","potentialAction":[{"@type":"ReadAction","target":["https:\/\/www.toisenlainenlahja.fi\/sv\/produkt\/rent-vatten\/"]}]},{"@type":"ImageObject","inLanguage":"sv-SE","@id":"https:\/\/www.toisenlainenlahja.fi\/sv\/produkt\/rent-vatten\/#primaryimage","url":"https:\/\/www.toisenlainenlahja.fi\/wp-content\/uploads\/2013\/09\/TL_puhdasta_vetta\u2560e_600.png","contentUrl":"https:\/\/www.toisenlainenlahja.fi\/wp-content\/uploads\/2013\/09\/TL_puhdasta_vetta\u2560e_600.png","width":600,"height":600},{"@type":"BreadcrumbList","@id":"https:\/\/www.toisenlainenlahja.fi\/sv\/produkt\/rent-vatten\/#breadcrumb","itemListElement":[{"@type":"ListItem","position":1,"name":"G\u00e5vor","item":"https:\/\/www.toisenlainenlahja.fi\/sv\/gavor\/"},{"@type":"ListItem","position":2,"name":"Rent vatten"}]},{"@type":"WebSite","@id":"https:\/\/www.toisenlainenlahja.fi\/#website","url":"https:\/\/www.toisenlainenlahja.fi\/","name":"Annorlunda G\u00e5va","description":"","publisher":{"@id":"https:\/\/www.toisenlainenlahja.fi\/#organization"},"potentialAction":[{"@type":"SearchAction","target":{"@type":"EntryPoint","urlTemplate":"https:\/\/www.toisenlainenlahja.fi\/?s={search_term_string}"},"query-input":{"@type":"PropertyValueSpecification","valueRequired":true,"valueName":"search_term_string"}}],"inLanguage":"sv-SE"},{"@type":"Organization","@id":"https:\/\/www.toisenlainenlahja.fi\/#organization","name":"Toisenlainen Lahja","url":"https:\/\/www.toisenlainenlahja.fi\/","logo":{"@type":"ImageObject","inLanguage":"sv-SE","@id":"https:\/\/www.toisenlainenlahja.fi\/#\/schema\/logo\/image\/","url":"https:\/\/www.toisenlainenlahja.fi\/wp-content\/uploads\/2021\/10\/logo-tl-sv-1.svg","contentUrl":"https:\/\/www.toisenlainenlahja.fi\/wp-content\/uploads\/2021\/10\/logo-tl-sv-1.svg","width":277,"height":30,"caption":"Toisenlainen Lahja"},"image":{"@id":"https:\/\/www.toisenlainenlahja.fi\/#\/schema\/logo\/image\/"}}]}},"_links":{"self":[{"href":"https:\/\/www.toisenlainenlahja.fi\/sv\/wp-json\/wp\/v2\/product\/2307","targetHints":{"allow":["GET"]}}],"collection":[{"href":"https:\/\/www.toisenlainenlahja.fi\/sv\/wp-json\/wp\/v2\/product"}],"about":[{"href":"https:\/\/www.toisenlainenlahja.fi\/sv\/wp-json\/wp\/v2\/types\/product"}],"replies":[{"embeddable":true,"href":"https:\/\/www.toisenlainenlahja.fi\/sv\/wp-json\/wp\/v2\/comments?post=2307"}],"wp:featuredmedia":[{"embeddable":true,"href":"https:\/\/www.toisenlainenlahja.fi\/sv\/wp-json\/wp\/v2\/media\/4575"}],"wp:attachment":[{"href":"https:\/\/www.toisenlainenlahja.fi\/sv\/wp-json\/wp\/v2\/media?parent=2307"}],"wp:term":[{"taxonomy":"product_brand","embeddable":true,"href":"https:\/\/www.toisenlainenlahja.fi\/sv\/wp-json\/wp\/v2\/product_brand?post=2307"},{"taxonomy":"product_cat","embeddable":true,"href":"https:\/\/www.toisenlainenlahja.fi\/sv\/wp-json\/wp\/v2\/product_cat?post=2307"},{"taxonomy":"product_tag","embeddable":true,"href":"https:\/\/www.toisenlainenlahja.fi\/sv\/wp-json\/wp\/v2\/product_tag?post=2307"}],"curies":[{"name":"wp","href":"https:\/\/api.w.org\/{rel}","templated":true}]}}