{"id":2318,"date":"2013-09-10T08:01:33","date_gmt":"2013-09-10T05:01:33","guid":{"rendered":"https:\/\/www.toisenlainenlahja.fi\/tuote\/toalett\/"},"modified":"2025-11-21T06:46:14","modified_gmt":"2025-11-21T04:46:14","slug":"toalett","status":"publish","type":"product","link":"https:\/\/www.toisenlainenlahja.fi\/sv\/produkt\/toalett\/","title":{"rendered":"Toalett"},"content":{"rendered":"<p>Bristen av sanitet \u00e4r ett problem speciellt i de st\u00e4ndigt v\u00e4xande slumomr\u00e5dena. I brist p\u00e5 avloppssystem \u00e4r m\u00e4nniskorna tvungna att utr\u00e4tta sina behov i tr\u00e5nga f\u00f6rh\u00e5llanden. Ibland kastas avf\u00f6ringen till och med fr\u00e5n taken. Det kallas d\u00e5 f\u00f6r flygande toalett.<\/p>\n<p>Flickornas skolg\u00e5ng kan st\u00f6ras av bristen p\u00e5 toaletter i skolorna. De v\u00e5gar inte g\u00e5 l\u00e5ngt ut i buskarna f\u00f6r att utr\u00e4tta sina behov s\u00e5 de f\u00f6rs\u00f6ker h\u00e5lla tillbaka urinen hela skoldagen. N\u00e4r man st\u00e4ndigt h\u00e5ller sig uppst\u00e5r urinv\u00e4gsinfektioner och det st\u00f6r \u00e4ven koncentrationen under lektionerna.<\/p>\n<p>Genom att bygga avtr\u00e4den fr\u00e4mjas h\u00e4lsan hos m\u00e4nskorna i u-l\u00e4nderna. Ordentliga avtr\u00e4den f\u00f6rb\u00e4ttrar hygienen och bidrar till att h\u00e5lla vattnet rent. Genom att kompostera avf\u00f6ringen p\u00e5 r\u00e4tt s\u00e4tt f\u00e5r man ocks\u00e5 bra g\u00f6dsel till lantbruket. Vidare \u00f6kar avtr\u00e4dena j\u00e4mlikheten mellan kvinnor och m\u00e4n eftersom de f\u00f6rb\u00e4ttrar flickors m\u00f6jligheter att delta full\u00f6digt i undervisningen samt kvinnors medverkan i samh\u00e4llets verksamhet.<\/p>\n<p>Med den h\u00e4r g\u00e5van bygger man avtr\u00e4den i byar och skolor och ger hygienupplysning i u-l\u00e4nderna.<\/p>\n","protected":false},"excerpt":{"rendered":"<p>Avtr\u00e4den \u00e4r livsviktiga, utan dem kan m\u00e5nga farliga sjukdomar spridas.\u00a0 Ett toalett fr\u00e4mjar h\u00e4lsan hos m\u00e4nniskor i u-l\u00e4nder.<\/p>\n","protected":false},"featured_media":4495,"comment_status":"closed","ping_status":"closed","template":"","meta":{"_acf_changed":false},"product_brand":[],"product_cat":[94,90],"product_tag":[],"class_list":{"0":"post-2318","1":"product","2":"type-product","3":"status-publish","4":"has-post-thumbnail","6":"product_cat-foretagsgavor","7":"product_cat-rent-vatten-och-hygien","9":"first","10":"instock","11":"purchasable","12":"product-type-simple"},"acf":[],"yoast_head":"<!-- This site is optimized with the Yoast SEO plugin v27.5 - https:\/\/yoast.com\/product\/yoast-seo-wordpress\/ -->\n<title>Toalett - Annorlunda G\u00e5va<\/title>\n<meta name=\"description\" content=\"Avtr\u00e4den \u00e4r livsviktiga, utan dem kan m\u00e5nga farliga sjukdomar spridas. Ett toalett fr\u00e4mjar h\u00e4lsan hos m\u00e4nniskor i u-l\u00e4nder.\" \/>\n<meta name=\"robots\" content=\"index, follow, max-snippet:-1, max-image-preview:large, max-video-preview:-1\" \/>\n<link rel=\"canonical\" href=\"https:\/\/www.toisenlainenlahja.fi\/sv\/produkt\/toalett\/\" \/>\n<meta property=\"og:locale\" content=\"sv_SE\" \/>\n<meta property=\"og:type\" content=\"article\" \/>\n<meta property=\"og:title\" content=\"Toalett - Annorlunda G\u00e5va\" \/>\n<meta property=\"og:description\" content=\"Avtr\u00e4den \u00e4r livsviktiga, utan dem kan m\u00e5nga farliga sjukdomar spridas. Ett toalett fr\u00e4mjar h\u00e4lsan hos m\u00e4nniskor i u-l\u00e4nder.\" \/>\n<meta property=\"og:url\" content=\"https:\/\/www.toisenlainenlahja.fi\/sv\/produkt\/toalett\/\" \/>\n<meta property=\"og:site_name\" content=\"Annorlunda G\u00e5va\" \/>\n<meta property=\"article:modified_time\" content=\"2025-11-21T04:46:14+00:00\" \/>\n<meta property=\"og:image\" content=\"https:\/\/www.toisenlainenlahja.fi\/wp-content\/uploads\/2013\/09\/TL_huussi_600.png\" \/>\n\t<meta property=\"og:image:width\" content=\"600\" \/>\n\t<meta property=\"og:image:height\" content=\"600\" \/>\n\t<meta property=\"og:image:type\" content=\"image\/png\" \/>\n<meta name=\"twitter:card\" content=\"summary_large_image\" \/>\n<meta name=\"twitter:label1\" content=\"Ber\u00e4knad l\u00e4stid\" \/>\n\t<meta name=\"twitter:data1\" content=\"3 minuter\" \/>\n<script type=\"application\/ld+json\" class=\"yoast-schema-graph\">{\"@context\":\"https:\\\/\\\/schema.org\",\"@graph\":[{\"@type\":\"WebPage\",\"@id\":\"https:\\\/\\\/www.toisenlainenlahja.fi\\\/sv\\\/produkt\\\/toalett\\\/\",\"url\":\"https:\\\/\\\/www.toisenlainenlahja.fi\\\/sv\\\/produkt\\\/toalett\\\/\",\"name\":\"Toalett - Annorlunda G\u00e5va\",\"isPartOf\":{\"@id\":\"https:\\\/\\\/www.toisenlainenlahja.fi\\\/#website\"},\"primaryImageOfPage\":{\"@id\":\"https:\\\/\\\/www.toisenlainenlahja.fi\\\/sv\\\/produkt\\\/toalett\\\/#primaryimage\"},\"image\":{\"@id\":\"https:\\\/\\\/www.toisenlainenlahja.fi\\\/sv\\\/produkt\\\/toalett\\\/#primaryimage\"},\"thumbnailUrl\":\"https:\\\/\\\/www.toisenlainenlahja.fi\\\/wp-content\\\/uploads\\\/2013\\\/09\\\/TL_huussi_600.png\",\"datePublished\":\"2013-09-10T05:01:33+00:00\",\"dateModified\":\"2025-11-21T04:46:14+00:00\",\"description\":\"Avtr\u00e4den \u00e4r livsviktiga, utan dem kan m\u00e5nga farliga sjukdomar spridas. Ett toalett fr\u00e4mjar h\u00e4lsan hos m\u00e4nniskor i u-l\u00e4nder.\",\"breadcrumb\":{\"@id\":\"https:\\\/\\\/www.toisenlainenlahja.fi\\\/sv\\\/produkt\\\/toalett\\\/#breadcrumb\"},\"inLanguage\":\"sv-SE\",\"potentialAction\":[{\"@type\":\"ReadAction\",\"target\":[\"https:\\\/\\\/www.toisenlainenlahja.fi\\\/sv\\\/produkt\\\/toalett\\\/\"]}]},{\"@type\":\"ImageObject\",\"inLanguage\":\"sv-SE\",\"@id\":\"https:\\\/\\\/www.toisenlainenlahja.fi\\\/sv\\\/produkt\\\/toalett\\\/#primaryimage\",\"url\":\"https:\\\/\\\/www.toisenlainenlahja.fi\\\/wp-content\\\/uploads\\\/2013\\\/09\\\/TL_huussi_600.png\",\"contentUrl\":\"https:\\\/\\\/www.toisenlainenlahja.fi\\\/wp-content\\\/uploads\\\/2013\\\/09\\\/TL_huussi_600.png\",\"width\":600,\"height\":600},{\"@type\":\"BreadcrumbList\",\"@id\":\"https:\\\/\\\/www.toisenlainenlahja.fi\\\/sv\\\/produkt\\\/toalett\\\/#breadcrumb\",\"itemListElement\":[{\"@type\":\"ListItem\",\"position\":1,\"name\":\"G\u00e5vor\",\"item\":\"https:\\\/\\\/www.toisenlainenlahja.fi\\\/sv\\\/gavor\\\/\"},{\"@type\":\"ListItem\",\"position\":2,\"name\":\"Toalett\"}]},{\"@type\":\"WebSite\",\"@id\":\"https:\\\/\\\/www.toisenlainenlahja.fi\\\/#website\",\"url\":\"https:\\\/\\\/www.toisenlainenlahja.fi\\\/\",\"name\":\"Annorlunda G\u00e5va\",\"description\":\"\",\"publisher\":{\"@id\":\"https:\\\/\\\/www.toisenlainenlahja.fi\\\/#organization\"},\"potentialAction\":[{\"@type\":\"SearchAction\",\"target\":{\"@type\":\"EntryPoint\",\"urlTemplate\":\"https:\\\/\\\/www.toisenlainenlahja.fi\\\/?s={search_term_string}\"},\"query-input\":{\"@type\":\"PropertyValueSpecification\",\"valueRequired\":true,\"valueName\":\"search_term_string\"}}],\"inLanguage\":\"sv-SE\"},{\"@type\":\"Organization\",\"@id\":\"https:\\\/\\\/www.toisenlainenlahja.fi\\\/#organization\",\"name\":\"Toisenlainen Lahja\",\"url\":\"https:\\\/\\\/www.toisenlainenlahja.fi\\\/\",\"logo\":{\"@type\":\"ImageObject\",\"inLanguage\":\"sv-SE\",\"@id\":\"https:\\\/\\\/www.toisenlainenlahja.fi\\\/#\\\/schema\\\/logo\\\/image\\\/\",\"url\":\"https:\\\/\\\/www.toisenlainenlahja.fi\\\/wp-content\\\/uploads\\\/2021\\\/10\\\/logo-tl-sv-1.svg\",\"contentUrl\":\"https:\\\/\\\/www.toisenlainenlahja.fi\\\/wp-content\\\/uploads\\\/2021\\\/10\\\/logo-tl-sv-1.svg\",\"width\":277,\"height\":30,\"caption\":\"Toisenlainen Lahja\"},\"image\":{\"@id\":\"https:\\\/\\\/www.toisenlainenlahja.fi\\\/#\\\/schema\\\/logo\\\/image\\\/\"}}]}<\/script>\n<!-- \/ Yoast SEO plugin. -->","yoast_head_json":{"title":"Toalett - Annorlunda G\u00e5va","description":"Avtr\u00e4den \u00e4r livsviktiga, utan dem kan m\u00e5nga farliga sjukdomar spridas. Ett toalett fr\u00e4mjar h\u00e4lsan hos m\u00e4nniskor i u-l\u00e4nder.","robots":{"index":"index","follow":"follow","max-snippet":"max-snippet:-1","max-image-preview":"max-image-preview:large","max-video-preview":"max-video-preview:-1"},"canonical":"https:\/\/www.toisenlainenlahja.fi\/sv\/produkt\/toalett\/","og_locale":"sv_SE","og_type":"article","og_title":"Toalett - Annorlunda G\u00e5va","og_description":"Avtr\u00e4den \u00e4r livsviktiga, utan dem kan m\u00e5nga farliga sjukdomar spridas. Ett toalett fr\u00e4mjar h\u00e4lsan hos m\u00e4nniskor i u-l\u00e4nder.","og_url":"https:\/\/www.toisenlainenlahja.fi\/sv\/produkt\/toalett\/","og_site_name":"Annorlunda G\u00e5va","article_modified_time":"2025-11-21T04:46:14+00:00","og_image":[{"width":600,"height":600,"url":"https:\/\/www.toisenlainenlahja.fi\/wp-content\/uploads\/2013\/09\/TL_huussi_600.png","type":"image\/png"}],"twitter_card":"summary_large_image","twitter_misc":{"Ber\u00e4knad l\u00e4stid":"3 minuter"},"schema":{"@context":"https:\/\/schema.org","@graph":[{"@type":"WebPage","@id":"https:\/\/www.toisenlainenlahja.fi\/sv\/produkt\/toalett\/","url":"https:\/\/www.toisenlainenlahja.fi\/sv\/produkt\/toalett\/","name":"Toalett - Annorlunda G\u00e5va","isPartOf":{"@id":"https:\/\/www.toisenlainenlahja.fi\/#website"},"primaryImageOfPage":{"@id":"https:\/\/www.toisenlainenlahja.fi\/sv\/produkt\/toalett\/#primaryimage"},"image":{"@id":"https:\/\/www.toisenlainenlahja.fi\/sv\/produkt\/toalett\/#primaryimage"},"thumbnailUrl":"https:\/\/www.toisenlainenlahja.fi\/wp-content\/uploads\/2013\/09\/TL_huussi_600.png","datePublished":"2013-09-10T05:01:33+00:00","dateModified":"2025-11-21T04:46:14+00:00","description":"Avtr\u00e4den \u00e4r livsviktiga, utan dem kan m\u00e5nga farliga sjukdomar spridas. Ett toalett fr\u00e4mjar h\u00e4lsan hos m\u00e4nniskor i u-l\u00e4nder.","breadcrumb":{"@id":"https:\/\/www.toisenlainenlahja.fi\/sv\/produkt\/toalett\/#breadcrumb"},"inLanguage":"sv-SE","potentialAction":[{"@type":"ReadAction","target":["https:\/\/www.toisenlainenlahja.fi\/sv\/produkt\/toalett\/"]}]},{"@type":"ImageObject","inLanguage":"sv-SE","@id":"https:\/\/www.toisenlainenlahja.fi\/sv\/produkt\/toalett\/#primaryimage","url":"https:\/\/www.toisenlainenlahja.fi\/wp-content\/uploads\/2013\/09\/TL_huussi_600.png","contentUrl":"https:\/\/www.toisenlainenlahja.fi\/wp-content\/uploads\/2013\/09\/TL_huussi_600.png","width":600,"height":600},{"@type":"BreadcrumbList","@id":"https:\/\/www.toisenlainenlahja.fi\/sv\/produkt\/toalett\/#breadcrumb","itemListElement":[{"@type":"ListItem","position":1,"name":"G\u00e5vor","item":"https:\/\/www.toisenlainenlahja.fi\/sv\/gavor\/"},{"@type":"ListItem","position":2,"name":"Toalett"}]},{"@type":"WebSite","@id":"https:\/\/www.toisenlainenlahja.fi\/#website","url":"https:\/\/www.toisenlainenlahja.fi\/","name":"Annorlunda G\u00e5va","description":"","publisher":{"@id":"https:\/\/www.toisenlainenlahja.fi\/#organization"},"potentialAction":[{"@type":"SearchAction","target":{"@type":"EntryPoint","urlTemplate":"https:\/\/www.toisenlainenlahja.fi\/?s={search_term_string}"},"query-input":{"@type":"PropertyValueSpecification","valueRequired":true,"valueName":"search_term_string"}}],"inLanguage":"sv-SE"},{"@type":"Organization","@id":"https:\/\/www.toisenlainenlahja.fi\/#organization","name":"Toisenlainen Lahja","url":"https:\/\/www.toisenlainenlahja.fi\/","logo":{"@type":"ImageObject","inLanguage":"sv-SE","@id":"https:\/\/www.toisenlainenlahja.fi\/#\/schema\/logo\/image\/","url":"https:\/\/www.toisenlainenlahja.fi\/wp-content\/uploads\/2021\/10\/logo-tl-sv-1.svg","contentUrl":"https:\/\/www.toisenlainenlahja.fi\/wp-content\/uploads\/2021\/10\/logo-tl-sv-1.svg","width":277,"height":30,"caption":"Toisenlainen Lahja"},"image":{"@id":"https:\/\/www.toisenlainenlahja.fi\/#\/schema\/logo\/image\/"}}]}},"_links":{"self":[{"href":"https:\/\/www.toisenlainenlahja.fi\/sv\/wp-json\/wp\/v2\/product\/2318","targetHints":{"allow":["GET"]}}],"collection":[{"href":"https:\/\/www.toisenlainenlahja.fi\/sv\/wp-json\/wp\/v2\/product"}],"about":[{"href":"https:\/\/www.toisenlainenlahja.fi\/sv\/wp-json\/wp\/v2\/types\/product"}],"replies":[{"embeddable":true,"href":"https:\/\/www.toisenlainenlahja.fi\/sv\/wp-json\/wp\/v2\/comments?post=2318"}],"wp:featuredmedia":[{"embeddable":true,"href":"https:\/\/www.toisenlainenlahja.fi\/sv\/wp-json\/wp\/v2\/media\/4495"}],"wp:attachment":[{"href":"https:\/\/www.toisenlainenlahja.fi\/sv\/wp-json\/wp\/v2\/media?parent=2318"}],"wp:term":[{"taxonomy":"product_brand","embeddable":true,"href":"https:\/\/www.toisenlainenlahja.fi\/sv\/wp-json\/wp\/v2\/product_brand?post=2318"},{"taxonomy":"product_cat","embeddable":true,"href":"https:\/\/www.toisenlainenlahja.fi\/sv\/wp-json\/wp\/v2\/product_cat?post=2318"},{"taxonomy":"product_tag","embeddable":true,"href":"https:\/\/www.toisenlainenlahja.fi\/sv\/wp-json\/wp\/v2\/product_tag?post=2318"}],"curies":[{"name":"wp","href":"https:\/\/api.w.org\/{rel}","templated":true}]}}