{"id":2319,"date":"2013-09-10T08:11:15","date_gmt":"2013-09-10T05:11:15","guid":{"rendered":"https:\/\/www.toisenlainenlahja.fi\/tuote\/laskunnighet\/"},"modified":"2025-11-21T06:45:49","modified_gmt":"2025-11-21T04:45:49","slug":"laskunnighet","status":"publish","type":"product","link":"https:\/\/www.toisenlainenlahja.fi\/sv\/produkt\/laskunnighet\/","title":{"rendered":"L\u00e4skunnighet"},"content":{"rendered":"<p>I m\u00e5nga u-l\u00e4nder \u00e4r l\u00e4skunnighetsprocenten l\u00e5ngt fr\u00e5n niv\u00e5n i v\u00e4st. I vissa l\u00e4nder \u00e4r den till och med under 50 procent.<\/p>\n<p>Det finns m\u00e5nga orsaker till analfabetism. Skolg\u00e5ngen kan ha blivit p\u00e5 h\u00e4lft d\u00e5 fattiga familjer inte haft r\u00e5d med skoluniformer, -material och -avgifter. Landet kan ha befunnit sig i krig under m\u00e5nga \u00e5r och barn kidnappats f\u00f6r att delta i kriget som barnsoldater. Avl\u00e4gset bel\u00e4gna och fattiga omr\u00e5den har inte alltid ens egna skolor och n\u00e4rmaste skola befinner sig f\u00f6r l\u00e5ngt bort p\u00e5 g\u00e5ngavst\u00e5nd.<\/p>\n<p>Majoriteten analfabeter \u00e4r i allm\u00e4nhet kvinnor, vars skolg\u00e5ng har avbrutits f\u00f6r att flickornas uppgift varit att hj\u00e4lpa sin mor med arbete i hemmet. Flickorna h\u00e4mtar dagligen vatten fr\u00e5n brunnar som kan vara bel\u00e4gna p\u00e5 flera timmars g\u00e5ngavst\u00e5nd. Utan v\u00e4sterlandets bekv\u00e4mligheter g\u00e5r det \u00e5t mycket tid till vardagens hush\u00e5llsarbete, vilket g\u00f6r att flickorna inte har tid att g\u00e5 i skola.<\/p>\n","protected":false},"excerpt":{"rendered":"<p>L\u00e4skunnighet \u00e4r A och O n\u00e4r det g\u00e4ller att ha koll p\u00e5 sitt liv. En analfabet som \u00e4r beroende av den information andra ger blir l\u00e4tt utnyttjad.<\/p>\n","protected":false},"featured_media":18091,"comment_status":"closed","ping_status":"closed","template":"","meta":{"_acf_changed":false},"product_brand":[],"product_cat":[79,80,94,83,81,82,85,89],"product_tag":[],"class_list":{"0":"post-2319","1":"product","2":"type-product","3":"status-publish","4":"has-post-thumbnail","6":"product_cat-brollop","7":"product_cat-fars-dag","8":"product_cat-foretagsgavor","9":"product_cat-gradering","10":"product_cat-jul","11":"product_cat-kvinnodag","12":"product_cat-mors-dag","13":"product_cat-traning","15":"first","16":"instock","17":"purchasable","18":"product-type-simple"},"acf":[],"yoast_head":"<!-- This site is optimized with the Yoast SEO plugin v27.3 - https:\/\/yoast.com\/product\/yoast-seo-wordpress\/ -->\n<title>L\u00e4skunnighet - Annorlunda G\u00e5va<\/title>\n<meta name=\"description\" content=\"L\u00e4skunnighet \u00e4r A och O n\u00e4r det g\u00e4ller att ha koll p\u00e5 sitt liv. En analfabet som \u00e4r beroende av den information andra ger blir l\u00e4tt utnyttjad.\" \/>\n<meta name=\"robots\" content=\"index, follow, max-snippet:-1, max-image-preview:large, max-video-preview:-1\" \/>\n<link rel=\"canonical\" href=\"https:\/\/www.toisenlainenlahja.fi\/sv\/produkt\/laskunnighet\/\" \/>\n<meta property=\"og:locale\" content=\"sv_SE\" \/>\n<meta property=\"og:type\" content=\"article\" \/>\n<meta property=\"og:title\" content=\"L\u00e4skunnighet - Annorlunda G\u00e5va\" \/>\n<meta property=\"og:description\" content=\"L\u00e4skunnighet \u00e4r A och O n\u00e4r det g\u00e4ller att ha koll p\u00e5 sitt liv. En analfabet som \u00e4r beroende av den information andra ger blir l\u00e4tt utnyttjad.\" \/>\n<meta property=\"og:url\" content=\"https:\/\/www.toisenlainenlahja.fi\/sv\/produkt\/laskunnighet\/\" \/>\n<meta property=\"og:site_name\" content=\"Annorlunda G\u00e5va\" \/>\n<meta property=\"article:modified_time\" content=\"2025-11-21T04:45:49+00:00\" \/>\n<meta property=\"og:image\" content=\"https:\/\/www.toisenlainenlahja.fi\/wp-content\/uploads\/2013\/09\/TL-Lukutaito_600x600_080923.png\" \/>\n\t<meta property=\"og:image:width\" content=\"600\" \/>\n\t<meta property=\"og:image:height\" content=\"600\" \/>\n\t<meta property=\"og:image:type\" content=\"image\/png\" \/>\n<meta name=\"twitter:card\" content=\"summary_large_image\" \/>\n<meta name=\"twitter:label1\" content=\"Ber\u00e4knad l\u00e4stid\" \/>\n\t<meta name=\"twitter:data1\" content=\"2 minuter\" \/>\n<script type=\"application\/ld+json\" class=\"yoast-schema-graph\">{\"@context\":\"https:\\\/\\\/schema.org\",\"@graph\":[{\"@type\":\"WebPage\",\"@id\":\"https:\\\/\\\/www.toisenlainenlahja.fi\\\/sv\\\/produkt\\\/laskunnighet\\\/\",\"url\":\"https:\\\/\\\/www.toisenlainenlahja.fi\\\/sv\\\/produkt\\\/laskunnighet\\\/\",\"name\":\"L\u00e4skunnighet - Annorlunda G\u00e5va\",\"isPartOf\":{\"@id\":\"https:\\\/\\\/www.toisenlainenlahja.fi\\\/#website\"},\"primaryImageOfPage\":{\"@id\":\"https:\\\/\\\/www.toisenlainenlahja.fi\\\/sv\\\/produkt\\\/laskunnighet\\\/#primaryimage\"},\"image\":{\"@id\":\"https:\\\/\\\/www.toisenlainenlahja.fi\\\/sv\\\/produkt\\\/laskunnighet\\\/#primaryimage\"},\"thumbnailUrl\":\"https:\\\/\\\/www.toisenlainenlahja.fi\\\/wp-content\\\/uploads\\\/2013\\\/09\\\/TL-Lukutaito_600x600_080923.png\",\"datePublished\":\"2013-09-10T05:11:15+00:00\",\"dateModified\":\"2025-11-21T04:45:49+00:00\",\"description\":\"L\u00e4skunnighet \u00e4r A och O n\u00e4r det g\u00e4ller att ha koll p\u00e5 sitt liv. En analfabet som \u00e4r beroende av den information andra ger blir l\u00e4tt utnyttjad.\",\"breadcrumb\":{\"@id\":\"https:\\\/\\\/www.toisenlainenlahja.fi\\\/sv\\\/produkt\\\/laskunnighet\\\/#breadcrumb\"},\"inLanguage\":\"sv-SE\",\"potentialAction\":[{\"@type\":\"ReadAction\",\"target\":[\"https:\\\/\\\/www.toisenlainenlahja.fi\\\/sv\\\/produkt\\\/laskunnighet\\\/\"]}]},{\"@type\":\"ImageObject\",\"inLanguage\":\"sv-SE\",\"@id\":\"https:\\\/\\\/www.toisenlainenlahja.fi\\\/sv\\\/produkt\\\/laskunnighet\\\/#primaryimage\",\"url\":\"https:\\\/\\\/www.toisenlainenlahja.fi\\\/wp-content\\\/uploads\\\/2013\\\/09\\\/TL-Lukutaito_600x600_080923.png\",\"contentUrl\":\"https:\\\/\\\/www.toisenlainenlahja.fi\\\/wp-content\\\/uploads\\\/2013\\\/09\\\/TL-Lukutaito_600x600_080923.png\",\"width\":600,\"height\":600,\"caption\":\"Lukutaito\"},{\"@type\":\"BreadcrumbList\",\"@id\":\"https:\\\/\\\/www.toisenlainenlahja.fi\\\/sv\\\/produkt\\\/laskunnighet\\\/#breadcrumb\",\"itemListElement\":[{\"@type\":\"ListItem\",\"position\":1,\"name\":\"G\u00e5vor\",\"item\":\"https:\\\/\\\/www.toisenlainenlahja.fi\\\/sv\\\/gavor\\\/\"},{\"@type\":\"ListItem\",\"position\":2,\"name\":\"L\u00e4skunnighet\"}]},{\"@type\":\"WebSite\",\"@id\":\"https:\\\/\\\/www.toisenlainenlahja.fi\\\/#website\",\"url\":\"https:\\\/\\\/www.toisenlainenlahja.fi\\\/\",\"name\":\"Annorlunda G\u00e5va\",\"description\":\"\",\"publisher\":{\"@id\":\"https:\\\/\\\/www.toisenlainenlahja.fi\\\/#organization\"},\"potentialAction\":[{\"@type\":\"SearchAction\",\"target\":{\"@type\":\"EntryPoint\",\"urlTemplate\":\"https:\\\/\\\/www.toisenlainenlahja.fi\\\/?s={search_term_string}\"},\"query-input\":{\"@type\":\"PropertyValueSpecification\",\"valueRequired\":true,\"valueName\":\"search_term_string\"}}],\"inLanguage\":\"sv-SE\"},{\"@type\":\"Organization\",\"@id\":\"https:\\\/\\\/www.toisenlainenlahja.fi\\\/#organization\",\"name\":\"Annorlunda G\u00e5va\",\"url\":\"https:\\\/\\\/www.toisenlainenlahja.fi\\\/\",\"logo\":{\"@type\":\"ImageObject\",\"inLanguage\":\"sv-SE\",\"@id\":\"https:\\\/\\\/www.toisenlainenlahja.fi\\\/#\\\/schema\\\/logo\\\/image\\\/\",\"url\":\"https:\\\/\\\/www.toisenlainenlahja.fi\\\/wp-content\\\/uploads\\\/2021\\\/10\\\/logo-tl-sv-1.svg\",\"contentUrl\":\"https:\\\/\\\/www.toisenlainenlahja.fi\\\/wp-content\\\/uploads\\\/2021\\\/10\\\/logo-tl-sv-1.svg\",\"width\":277,\"height\":30,\"caption\":\"Annorlunda G\u00e5va\"},\"image\":{\"@id\":\"https:\\\/\\\/www.toisenlainenlahja.fi\\\/#\\\/schema\\\/logo\\\/image\\\/\"}}]}<\/script>\n<!-- \/ Yoast SEO plugin. -->","yoast_head_json":{"title":"L\u00e4skunnighet - Annorlunda G\u00e5va","description":"L\u00e4skunnighet \u00e4r A och O n\u00e4r det g\u00e4ller att ha koll p\u00e5 sitt liv. En analfabet som \u00e4r beroende av den information andra ger blir l\u00e4tt utnyttjad.","robots":{"index":"index","follow":"follow","max-snippet":"max-snippet:-1","max-image-preview":"max-image-preview:large","max-video-preview":"max-video-preview:-1"},"canonical":"https:\/\/www.toisenlainenlahja.fi\/sv\/produkt\/laskunnighet\/","og_locale":"sv_SE","og_type":"article","og_title":"L\u00e4skunnighet - Annorlunda G\u00e5va","og_description":"L\u00e4skunnighet \u00e4r A och O n\u00e4r det g\u00e4ller att ha koll p\u00e5 sitt liv. En analfabet som \u00e4r beroende av den information andra ger blir l\u00e4tt utnyttjad.","og_url":"https:\/\/www.toisenlainenlahja.fi\/sv\/produkt\/laskunnighet\/","og_site_name":"Annorlunda G\u00e5va","article_modified_time":"2025-11-21T04:45:49+00:00","og_image":[{"width":600,"height":600,"url":"https:\/\/www.toisenlainenlahja.fi\/wp-content\/uploads\/2013\/09\/TL-Lukutaito_600x600_080923.png","type":"image\/png"}],"twitter_card":"summary_large_image","twitter_misc":{"Ber\u00e4knad l\u00e4stid":"2 minuter"},"schema":{"@context":"https:\/\/schema.org","@graph":[{"@type":"WebPage","@id":"https:\/\/www.toisenlainenlahja.fi\/sv\/produkt\/laskunnighet\/","url":"https:\/\/www.toisenlainenlahja.fi\/sv\/produkt\/laskunnighet\/","name":"L\u00e4skunnighet - Annorlunda G\u00e5va","isPartOf":{"@id":"https:\/\/www.toisenlainenlahja.fi\/#website"},"primaryImageOfPage":{"@id":"https:\/\/www.toisenlainenlahja.fi\/sv\/produkt\/laskunnighet\/#primaryimage"},"image":{"@id":"https:\/\/www.toisenlainenlahja.fi\/sv\/produkt\/laskunnighet\/#primaryimage"},"thumbnailUrl":"https:\/\/www.toisenlainenlahja.fi\/wp-content\/uploads\/2013\/09\/TL-Lukutaito_600x600_080923.png","datePublished":"2013-09-10T05:11:15+00:00","dateModified":"2025-11-21T04:45:49+00:00","description":"L\u00e4skunnighet \u00e4r A och O n\u00e4r det g\u00e4ller att ha koll p\u00e5 sitt liv. En analfabet som \u00e4r beroende av den information andra ger blir l\u00e4tt utnyttjad.","breadcrumb":{"@id":"https:\/\/www.toisenlainenlahja.fi\/sv\/produkt\/laskunnighet\/#breadcrumb"},"inLanguage":"sv-SE","potentialAction":[{"@type":"ReadAction","target":["https:\/\/www.toisenlainenlahja.fi\/sv\/produkt\/laskunnighet\/"]}]},{"@type":"ImageObject","inLanguage":"sv-SE","@id":"https:\/\/www.toisenlainenlahja.fi\/sv\/produkt\/laskunnighet\/#primaryimage","url":"https:\/\/www.toisenlainenlahja.fi\/wp-content\/uploads\/2013\/09\/TL-Lukutaito_600x600_080923.png","contentUrl":"https:\/\/www.toisenlainenlahja.fi\/wp-content\/uploads\/2013\/09\/TL-Lukutaito_600x600_080923.png","width":600,"height":600,"caption":"Lukutaito"},{"@type":"BreadcrumbList","@id":"https:\/\/www.toisenlainenlahja.fi\/sv\/produkt\/laskunnighet\/#breadcrumb","itemListElement":[{"@type":"ListItem","position":1,"name":"G\u00e5vor","item":"https:\/\/www.toisenlainenlahja.fi\/sv\/gavor\/"},{"@type":"ListItem","position":2,"name":"L\u00e4skunnighet"}]},{"@type":"WebSite","@id":"https:\/\/www.toisenlainenlahja.fi\/#website","url":"https:\/\/www.toisenlainenlahja.fi\/","name":"Annorlunda G\u00e5va","description":"","publisher":{"@id":"https:\/\/www.toisenlainenlahja.fi\/#organization"},"potentialAction":[{"@type":"SearchAction","target":{"@type":"EntryPoint","urlTemplate":"https:\/\/www.toisenlainenlahja.fi\/?s={search_term_string}"},"query-input":{"@type":"PropertyValueSpecification","valueRequired":true,"valueName":"search_term_string"}}],"inLanguage":"sv-SE"},{"@type":"Organization","@id":"https:\/\/www.toisenlainenlahja.fi\/#organization","name":"Annorlunda G\u00e5va","url":"https:\/\/www.toisenlainenlahja.fi\/","logo":{"@type":"ImageObject","inLanguage":"sv-SE","@id":"https:\/\/www.toisenlainenlahja.fi\/#\/schema\/logo\/image\/","url":"https:\/\/www.toisenlainenlahja.fi\/wp-content\/uploads\/2021\/10\/logo-tl-sv-1.svg","contentUrl":"https:\/\/www.toisenlainenlahja.fi\/wp-content\/uploads\/2021\/10\/logo-tl-sv-1.svg","width":277,"height":30,"caption":"Annorlunda G\u00e5va"},"image":{"@id":"https:\/\/www.toisenlainenlahja.fi\/#\/schema\/logo\/image\/"}}]}},"_links":{"self":[{"href":"https:\/\/www.toisenlainenlahja.fi\/sv\/wp-json\/wp\/v2\/product\/2319","targetHints":{"allow":["GET"]}}],"collection":[{"href":"https:\/\/www.toisenlainenlahja.fi\/sv\/wp-json\/wp\/v2\/product"}],"about":[{"href":"https:\/\/www.toisenlainenlahja.fi\/sv\/wp-json\/wp\/v2\/types\/product"}],"replies":[{"embeddable":true,"href":"https:\/\/www.toisenlainenlahja.fi\/sv\/wp-json\/wp\/v2\/comments?post=2319"}],"wp:featuredmedia":[{"embeddable":true,"href":"https:\/\/www.toisenlainenlahja.fi\/sv\/wp-json\/wp\/v2\/media\/18091"}],"wp:attachment":[{"href":"https:\/\/www.toisenlainenlahja.fi\/sv\/wp-json\/wp\/v2\/media?parent=2319"}],"wp:term":[{"taxonomy":"product_brand","embeddable":true,"href":"https:\/\/www.toisenlainenlahja.fi\/sv\/wp-json\/wp\/v2\/product_brand?post=2319"},{"taxonomy":"product_cat","embeddable":true,"href":"https:\/\/www.toisenlainenlahja.fi\/sv\/wp-json\/wp\/v2\/product_cat?post=2319"},{"taxonomy":"product_tag","embeddable":true,"href":"https:\/\/www.toisenlainenlahja.fi\/sv\/wp-json\/wp\/v2\/product_tag?post=2319"}],"curies":[{"name":"wp","href":"https:\/\/api.w.org\/{rel}","templated":true}]}}