{"id":2321,"date":"2013-09-10T08:52:01","date_gmt":"2013-09-10T05:52:01","guid":{"rendered":"https:\/\/www.toisenlainenlahja.fi\/tuote\/vattenpump\/"},"modified":"2025-11-21T06:44:57","modified_gmt":"2025-11-21T04:44:57","slug":"vattenpump","status":"publish","type":"product","link":"https:\/\/www.toisenlainenlahja.fi\/sv\/produkt\/vattenpump\/","title":{"rendered":"Vattenpump"},"content":{"rendered":"<p>N\u00e4stan en miljard m\u00e4nniskor lever utan rent vatten. Varje dag d\u00f6r \u00f6ver 30 000 m\u00e4nniskor, m\u00e5nga av dem barn, i sjukdomar som beror p\u00e5 smutsigt vatten och bristande sanitet.<\/p>\n<p>Rent dricksvatten \u00e4r en r\u00e4ttighet f\u00f6r varje barn och vuxen. Men vattenbrist \u00e4r verklighet f\u00f6r s\u00e5 m\u00e5nga som 750 miljoner m\u00e4nniskor. Barnen drabbas v\u00e4rst av sjukdomar som orsakas av smutsigt vatten.<\/p>\n<p>Vattenbristen p\u00e5verkar ocks\u00e5 matproduktionen. Djur och sk\u00f6rdar som f\u00f6rloras till torkan leder till fattigdom och allvarliga och l\u00e5ngvariga problem. Kyrkans Utlandshj\u00e4lp har vattenprojekt runtom i v\u00e4rlden, bland annat i Sydsudan, Kenya, Kambodja, Nepal och Centralafrikanska republiken.<\/p>\n","protected":false},"excerpt":{"rendered":"<p>Ge en vattenpump till en brunn. Det \u00e4r ofta dyrt att bygga brunnar i u-l\u00e4nder, eftersom vattnet kan ligga djupt i jorden.<\/p>\n","protected":false},"featured_media":4611,"comment_status":"closed","ping_status":"closed","template":"","meta":{"_acf_changed":false},"product_brand":[],"product_cat":[94,90],"product_tag":[],"class_list":{"0":"post-2321","1":"product","2":"type-product","3":"status-publish","4":"has-post-thumbnail","6":"product_cat-foretagsgavor","7":"product_cat-rent-vatten-och-hygien","9":"first","10":"instock","11":"purchasable","12":"product-type-simple"},"acf":[],"yoast_head":"<!-- This site is optimized with the Yoast SEO plugin v27.3 - https:\/\/yoast.com\/product\/yoast-seo-wordpress\/ -->\n<title>Vattenpump - Annorlunda G\u00e5va<\/title>\n<meta name=\"description\" content=\"Ge en vattenpump till en brunn. Det \u00e4r ofta dyrt att bygga brunnar i u-l\u00e4nder, eftersom vattnet kan ligga djupt i jorden.\" \/>\n<meta name=\"robots\" content=\"index, follow, max-snippet:-1, max-image-preview:large, max-video-preview:-1\" \/>\n<link rel=\"canonical\" href=\"https:\/\/www.toisenlainenlahja.fi\/sv\/produkt\/vattenpump\/\" \/>\n<meta property=\"og:locale\" content=\"sv_SE\" \/>\n<meta property=\"og:type\" content=\"article\" \/>\n<meta property=\"og:title\" content=\"Vattenpump - Annorlunda G\u00e5va\" \/>\n<meta property=\"og:description\" content=\"Ge en vattenpump till en brunn. Det \u00e4r ofta dyrt att bygga brunnar i u-l\u00e4nder, eftersom vattnet kan ligga djupt i jorden.\" \/>\n<meta property=\"og:url\" content=\"https:\/\/www.toisenlainenlahja.fi\/sv\/produkt\/vattenpump\/\" \/>\n<meta property=\"og:site_name\" content=\"Annorlunda G\u00e5va\" \/>\n<meta property=\"article:modified_time\" content=\"2025-11-21T04:44:57+00:00\" \/>\n<meta property=\"og:image\" content=\"https:\/\/www.toisenlainenlahja.fi\/wp-content\/uploads\/2013\/09\/TL_vesipumppu_600.png\" \/>\n\t<meta property=\"og:image:width\" content=\"600\" \/>\n\t<meta property=\"og:image:height\" content=\"600\" \/>\n\t<meta property=\"og:image:type\" content=\"image\/png\" \/>\n<meta name=\"twitter:card\" content=\"summary_large_image\" \/>\n<meta name=\"twitter:label1\" content=\"Ber\u00e4knad l\u00e4stid\" \/>\n\t<meta name=\"twitter:data1\" content=\"2 minuter\" \/>\n<script type=\"application\/ld+json\" class=\"yoast-schema-graph\">{\"@context\":\"https:\\\/\\\/schema.org\",\"@graph\":[{\"@type\":\"WebPage\",\"@id\":\"https:\\\/\\\/www.toisenlainenlahja.fi\\\/sv\\\/produkt\\\/vattenpump\\\/\",\"url\":\"https:\\\/\\\/www.toisenlainenlahja.fi\\\/sv\\\/produkt\\\/vattenpump\\\/\",\"name\":\"Vattenpump - Annorlunda G\u00e5va\",\"isPartOf\":{\"@id\":\"https:\\\/\\\/www.toisenlainenlahja.fi\\\/#website\"},\"primaryImageOfPage\":{\"@id\":\"https:\\\/\\\/www.toisenlainenlahja.fi\\\/sv\\\/produkt\\\/vattenpump\\\/#primaryimage\"},\"image\":{\"@id\":\"https:\\\/\\\/www.toisenlainenlahja.fi\\\/sv\\\/produkt\\\/vattenpump\\\/#primaryimage\"},\"thumbnailUrl\":\"https:\\\/\\\/www.toisenlainenlahja.fi\\\/wp-content\\\/uploads\\\/2013\\\/09\\\/TL_vesipumppu_600.png\",\"datePublished\":\"2013-09-10T05:52:01+00:00\",\"dateModified\":\"2025-11-21T04:44:57+00:00\",\"description\":\"Ge en vattenpump till en brunn. Det \u00e4r ofta dyrt att bygga brunnar i u-l\u00e4nder, eftersom vattnet kan ligga djupt i jorden.\",\"breadcrumb\":{\"@id\":\"https:\\\/\\\/www.toisenlainenlahja.fi\\\/sv\\\/produkt\\\/vattenpump\\\/#breadcrumb\"},\"inLanguage\":\"sv-SE\",\"potentialAction\":[{\"@type\":\"ReadAction\",\"target\":[\"https:\\\/\\\/www.toisenlainenlahja.fi\\\/sv\\\/produkt\\\/vattenpump\\\/\"]}]},{\"@type\":\"ImageObject\",\"inLanguage\":\"sv-SE\",\"@id\":\"https:\\\/\\\/www.toisenlainenlahja.fi\\\/sv\\\/produkt\\\/vattenpump\\\/#primaryimage\",\"url\":\"https:\\\/\\\/www.toisenlainenlahja.fi\\\/wp-content\\\/uploads\\\/2013\\\/09\\\/TL_vesipumppu_600.png\",\"contentUrl\":\"https:\\\/\\\/www.toisenlainenlahja.fi\\\/wp-content\\\/uploads\\\/2013\\\/09\\\/TL_vesipumppu_600.png\",\"width\":600,\"height\":600},{\"@type\":\"BreadcrumbList\",\"@id\":\"https:\\\/\\\/www.toisenlainenlahja.fi\\\/sv\\\/produkt\\\/vattenpump\\\/#breadcrumb\",\"itemListElement\":[{\"@type\":\"ListItem\",\"position\":1,\"name\":\"G\u00e5vor\",\"item\":\"https:\\\/\\\/www.toisenlainenlahja.fi\\\/sv\\\/gavor\\\/\"},{\"@type\":\"ListItem\",\"position\":2,\"name\":\"Vattenpump\"}]},{\"@type\":\"WebSite\",\"@id\":\"https:\\\/\\\/www.toisenlainenlahja.fi\\\/#website\",\"url\":\"https:\\\/\\\/www.toisenlainenlahja.fi\\\/\",\"name\":\"Annorlunda G\u00e5va\",\"description\":\"\",\"publisher\":{\"@id\":\"https:\\\/\\\/www.toisenlainenlahja.fi\\\/#organization\"},\"potentialAction\":[{\"@type\":\"SearchAction\",\"target\":{\"@type\":\"EntryPoint\",\"urlTemplate\":\"https:\\\/\\\/www.toisenlainenlahja.fi\\\/?s={search_term_string}\"},\"query-input\":{\"@type\":\"PropertyValueSpecification\",\"valueRequired\":true,\"valueName\":\"search_term_string\"}}],\"inLanguage\":\"sv-SE\"},{\"@type\":\"Organization\",\"@id\":\"https:\\\/\\\/www.toisenlainenlahja.fi\\\/#organization\",\"name\":\"Annorlunda G\u00e5va\",\"url\":\"https:\\\/\\\/www.toisenlainenlahja.fi\\\/\",\"logo\":{\"@type\":\"ImageObject\",\"inLanguage\":\"sv-SE\",\"@id\":\"https:\\\/\\\/www.toisenlainenlahja.fi\\\/#\\\/schema\\\/logo\\\/image\\\/\",\"url\":\"https:\\\/\\\/www.toisenlainenlahja.fi\\\/wp-content\\\/uploads\\\/2021\\\/10\\\/logo-tl-sv-1.svg\",\"contentUrl\":\"https:\\\/\\\/www.toisenlainenlahja.fi\\\/wp-content\\\/uploads\\\/2021\\\/10\\\/logo-tl-sv-1.svg\",\"width\":277,\"height\":30,\"caption\":\"Annorlunda G\u00e5va\"},\"image\":{\"@id\":\"https:\\\/\\\/www.toisenlainenlahja.fi\\\/#\\\/schema\\\/logo\\\/image\\\/\"}}]}<\/script>\n<!-- \/ Yoast SEO plugin. -->","yoast_head_json":{"title":"Vattenpump - Annorlunda G\u00e5va","description":"Ge en vattenpump till en brunn. Det \u00e4r ofta dyrt att bygga brunnar i u-l\u00e4nder, eftersom vattnet kan ligga djupt i jorden.","robots":{"index":"index","follow":"follow","max-snippet":"max-snippet:-1","max-image-preview":"max-image-preview:large","max-video-preview":"max-video-preview:-1"},"canonical":"https:\/\/www.toisenlainenlahja.fi\/sv\/produkt\/vattenpump\/","og_locale":"sv_SE","og_type":"article","og_title":"Vattenpump - Annorlunda G\u00e5va","og_description":"Ge en vattenpump till en brunn. Det \u00e4r ofta dyrt att bygga brunnar i u-l\u00e4nder, eftersom vattnet kan ligga djupt i jorden.","og_url":"https:\/\/www.toisenlainenlahja.fi\/sv\/produkt\/vattenpump\/","og_site_name":"Annorlunda G\u00e5va","article_modified_time":"2025-11-21T04:44:57+00:00","og_image":[{"width":600,"height":600,"url":"https:\/\/www.toisenlainenlahja.fi\/wp-content\/uploads\/2013\/09\/TL_vesipumppu_600.png","type":"image\/png"}],"twitter_card":"summary_large_image","twitter_misc":{"Ber\u00e4knad l\u00e4stid":"2 minuter"},"schema":{"@context":"https:\/\/schema.org","@graph":[{"@type":"WebPage","@id":"https:\/\/www.toisenlainenlahja.fi\/sv\/produkt\/vattenpump\/","url":"https:\/\/www.toisenlainenlahja.fi\/sv\/produkt\/vattenpump\/","name":"Vattenpump - Annorlunda G\u00e5va","isPartOf":{"@id":"https:\/\/www.toisenlainenlahja.fi\/#website"},"primaryImageOfPage":{"@id":"https:\/\/www.toisenlainenlahja.fi\/sv\/produkt\/vattenpump\/#primaryimage"},"image":{"@id":"https:\/\/www.toisenlainenlahja.fi\/sv\/produkt\/vattenpump\/#primaryimage"},"thumbnailUrl":"https:\/\/www.toisenlainenlahja.fi\/wp-content\/uploads\/2013\/09\/TL_vesipumppu_600.png","datePublished":"2013-09-10T05:52:01+00:00","dateModified":"2025-11-21T04:44:57+00:00","description":"Ge en vattenpump till en brunn. Det \u00e4r ofta dyrt att bygga brunnar i u-l\u00e4nder, eftersom vattnet kan ligga djupt i jorden.","breadcrumb":{"@id":"https:\/\/www.toisenlainenlahja.fi\/sv\/produkt\/vattenpump\/#breadcrumb"},"inLanguage":"sv-SE","potentialAction":[{"@type":"ReadAction","target":["https:\/\/www.toisenlainenlahja.fi\/sv\/produkt\/vattenpump\/"]}]},{"@type":"ImageObject","inLanguage":"sv-SE","@id":"https:\/\/www.toisenlainenlahja.fi\/sv\/produkt\/vattenpump\/#primaryimage","url":"https:\/\/www.toisenlainenlahja.fi\/wp-content\/uploads\/2013\/09\/TL_vesipumppu_600.png","contentUrl":"https:\/\/www.toisenlainenlahja.fi\/wp-content\/uploads\/2013\/09\/TL_vesipumppu_600.png","width":600,"height":600},{"@type":"BreadcrumbList","@id":"https:\/\/www.toisenlainenlahja.fi\/sv\/produkt\/vattenpump\/#breadcrumb","itemListElement":[{"@type":"ListItem","position":1,"name":"G\u00e5vor","item":"https:\/\/www.toisenlainenlahja.fi\/sv\/gavor\/"},{"@type":"ListItem","position":2,"name":"Vattenpump"}]},{"@type":"WebSite","@id":"https:\/\/www.toisenlainenlahja.fi\/#website","url":"https:\/\/www.toisenlainenlahja.fi\/","name":"Annorlunda G\u00e5va","description":"","publisher":{"@id":"https:\/\/www.toisenlainenlahja.fi\/#organization"},"potentialAction":[{"@type":"SearchAction","target":{"@type":"EntryPoint","urlTemplate":"https:\/\/www.toisenlainenlahja.fi\/?s={search_term_string}"},"query-input":{"@type":"PropertyValueSpecification","valueRequired":true,"valueName":"search_term_string"}}],"inLanguage":"sv-SE"},{"@type":"Organization","@id":"https:\/\/www.toisenlainenlahja.fi\/#organization","name":"Annorlunda G\u00e5va","url":"https:\/\/www.toisenlainenlahja.fi\/","logo":{"@type":"ImageObject","inLanguage":"sv-SE","@id":"https:\/\/www.toisenlainenlahja.fi\/#\/schema\/logo\/image\/","url":"https:\/\/www.toisenlainenlahja.fi\/wp-content\/uploads\/2021\/10\/logo-tl-sv-1.svg","contentUrl":"https:\/\/www.toisenlainenlahja.fi\/wp-content\/uploads\/2021\/10\/logo-tl-sv-1.svg","width":277,"height":30,"caption":"Annorlunda G\u00e5va"},"image":{"@id":"https:\/\/www.toisenlainenlahja.fi\/#\/schema\/logo\/image\/"}}]}},"_links":{"self":[{"href":"https:\/\/www.toisenlainenlahja.fi\/sv\/wp-json\/wp\/v2\/product\/2321","targetHints":{"allow":["GET"]}}],"collection":[{"href":"https:\/\/www.toisenlainenlahja.fi\/sv\/wp-json\/wp\/v2\/product"}],"about":[{"href":"https:\/\/www.toisenlainenlahja.fi\/sv\/wp-json\/wp\/v2\/types\/product"}],"replies":[{"embeddable":true,"href":"https:\/\/www.toisenlainenlahja.fi\/sv\/wp-json\/wp\/v2\/comments?post=2321"}],"wp:featuredmedia":[{"embeddable":true,"href":"https:\/\/www.toisenlainenlahja.fi\/sv\/wp-json\/wp\/v2\/media\/4611"}],"wp:attachment":[{"href":"https:\/\/www.toisenlainenlahja.fi\/sv\/wp-json\/wp\/v2\/media?parent=2321"}],"wp:term":[{"taxonomy":"product_brand","embeddable":true,"href":"https:\/\/www.toisenlainenlahja.fi\/sv\/wp-json\/wp\/v2\/product_brand?post=2321"},{"taxonomy":"product_cat","embeddable":true,"href":"https:\/\/www.toisenlainenlahja.fi\/sv\/wp-json\/wp\/v2\/product_cat?post=2321"},{"taxonomy":"product_tag","embeddable":true,"href":"https:\/\/www.toisenlainenlahja.fi\/sv\/wp-json\/wp\/v2\/product_tag?post=2321"}],"curies":[{"name":"wp","href":"https:\/\/api.w.org\/{rel}","templated":true}]}}