{"id":2335,"date":"2014-04-14T06:17:52","date_gmt":"2014-04-14T03:17:52","guid":{"rendered":"https:\/\/www.toisenlainenlahja.fi\/tuote\/larare-till-barnen\/"},"modified":"2025-11-21T06:38:44","modified_gmt":"2025-11-21T04:38:44","slug":"larare-till-barnen","status":"publish","type":"product","link":"https:\/\/www.toisenlainenlahja.fi\/sv\/produkt\/larare-till-barnen\/","title":{"rendered":"L\u00e4rare"},"content":{"rendered":"<p>Dagens fattiga och outbildade barn \u00e4r morgondagens fattiga och outbildade vuxna. Om barnet f\u00e5r utbildning \u00f6ppnas m\u00f6jligheter att ta sig ur fattigdomen.<\/p>\n<p>Det r\u00e5der skriande brist p\u00e5 l\u00e4rare i utvecklingsl\u00e4nderna. I synnerhet p\u00e5 beh\u00f6riga l\u00e4rare. Uppemot h\u00e4lften av barnen som g\u00e5r ut grundskolan i utvecklingsl\u00e4nderna, kan inte l\u00e4sa en enda mening. Orsakerna \u00e4r flera. Eftersom det inte finns tillr\u00e4ckligt med l\u00e4rare, kan elevantalet per klass sv\u00e4lla till rentav 100 elever. D\u00e5 \u00e4r det sv\u00e5rt att se \u00e4nda fram till tavlan eller h\u00f6ra vad l\u00e4raren s\u00e4ger.<\/p>\n<p>Det h\u00e4nder att outbildade l\u00e4rare anv\u00e4nder bristf\u00e4lliga undervisningsmetoder. Barnen f\u00f6rst\u00e5r inte vad de l\u00e4rt sig. Det h\u00e4nder \u00e4ven att l\u00e4rarna inte lyckas skapa ordning i klassen utan att ta till v\u00e5ld eller skicka hem barnen mitt under skoldagen.<\/p>\n<p>Med g\u00e5van L\u00e4rare, hj\u00e4lper du barnen att f\u00e5 god utbildning. Den \u00f6ppnar d\u00f6rrarna till ett ordentligt yrke i framtiden. Med din hj\u00e4lp kan vi st\u00f6dja l\u00e4rarnas fortbildning i utvecklingsl\u00e4nderna. Det g\u00f6r vi bland annat genom att dela med oss av finl\u00e4ndskt kunnande i utbildningsfr\u00e5gor.<\/p>\n","protected":false},"excerpt":{"rendered":"<p>Skolan har b\u00f6rjat! N\u00e4r du skaffar g\u00e5van L\u00e4rare till barnen, f\u00e5r ett barn m\u00f6jlighet till god utbildning och ett yrke i framtiden.<\/p>\n","protected":false},"featured_media":18101,"comment_status":"closed","ping_status":"closed","template":"","meta":{"_acf_changed":false},"product_brand":[],"product_cat":[81,92,85,89],"product_tag":[],"class_list":{"0":"post-2335","1":"product","2":"type-product","3":"status-publish","4":"has-post-thumbnail","6":"product_cat-jul","7":"product_cat-levebrod","8":"product_cat-mors-dag","9":"product_cat-traning","11":"first","12":"instock","13":"purchasable","14":"product-type-simple"},"acf":[],"yoast_head":"<!-- This site is optimized with the Yoast SEO plugin v27.5 - https:\/\/yoast.com\/product\/yoast-seo-wordpress\/ -->\n<title>L\u00e4rare - Annorlunda G\u00e5va<\/title>\n<meta name=\"description\" content=\"Genom att utbilda en l\u00e4rare utbildar du ett barn. Med g\u00e5van L\u00e4rare till barnen hj\u00e4lper du barnen att f\u00e5 god utbildning.\" \/>\n<meta name=\"robots\" content=\"index, follow, max-snippet:-1, max-image-preview:large, max-video-preview:-1\" \/>\n<link rel=\"canonical\" href=\"https:\/\/www.toisenlainenlahja.fi\/sv\/produkt\/larare-till-barnen\/\" \/>\n<meta property=\"og:locale\" content=\"sv_SE\" \/>\n<meta property=\"og:type\" content=\"article\" \/>\n<meta property=\"og:title\" content=\"L\u00e4rare - Annorlunda G\u00e5va\" \/>\n<meta property=\"og:description\" content=\"Genom att utbilda en l\u00e4rare utbildar du ett barn. Med g\u00e5van L\u00e4rare till barnen hj\u00e4lper du barnen att f\u00e5 god utbildning.\" \/>\n<meta property=\"og:url\" content=\"https:\/\/www.toisenlainenlahja.fi\/sv\/produkt\/larare-till-barnen\/\" \/>\n<meta property=\"og:site_name\" content=\"Annorlunda G\u00e5va\" \/>\n<meta property=\"article:modified_time\" content=\"2025-11-21T04:38:44+00:00\" \/>\n<meta property=\"og:image\" content=\"https:\/\/www.toisenlainenlahja.fi\/wp-content\/uploads\/2014\/04\/TL-Opettaja_600x600_080923-1.png\" \/>\n\t<meta property=\"og:image:width\" content=\"600\" \/>\n\t<meta property=\"og:image:height\" content=\"600\" \/>\n\t<meta property=\"og:image:type\" content=\"image\/png\" \/>\n<meta name=\"twitter:card\" content=\"summary_large_image\" \/>\n<meta name=\"twitter:label1\" content=\"Ber\u00e4knad l\u00e4stid\" \/>\n\t<meta name=\"twitter:data1\" content=\"3 minuter\" \/>\n<script type=\"application\/ld+json\" class=\"yoast-schema-graph\">{\"@context\":\"https:\\\/\\\/schema.org\",\"@graph\":[{\"@type\":\"WebPage\",\"@id\":\"https:\\\/\\\/www.toisenlainenlahja.fi\\\/sv\\\/produkt\\\/larare-till-barnen\\\/\",\"url\":\"https:\\\/\\\/www.toisenlainenlahja.fi\\\/sv\\\/produkt\\\/larare-till-barnen\\\/\",\"name\":\"L\u00e4rare - Annorlunda G\u00e5va\",\"isPartOf\":{\"@id\":\"https:\\\/\\\/www.toisenlainenlahja.fi\\\/#website\"},\"primaryImageOfPage\":{\"@id\":\"https:\\\/\\\/www.toisenlainenlahja.fi\\\/sv\\\/produkt\\\/larare-till-barnen\\\/#primaryimage\"},\"image\":{\"@id\":\"https:\\\/\\\/www.toisenlainenlahja.fi\\\/sv\\\/produkt\\\/larare-till-barnen\\\/#primaryimage\"},\"thumbnailUrl\":\"https:\\\/\\\/www.toisenlainenlahja.fi\\\/wp-content\\\/uploads\\\/2014\\\/04\\\/TL-Opettaja_600x600_080923-1.png\",\"datePublished\":\"2014-04-14T03:17:52+00:00\",\"dateModified\":\"2025-11-21T04:38:44+00:00\",\"description\":\"Genom att utbilda en l\u00e4rare utbildar du ett barn. Med g\u00e5van L\u00e4rare till barnen hj\u00e4lper du barnen att f\u00e5 god utbildning.\",\"breadcrumb\":{\"@id\":\"https:\\\/\\\/www.toisenlainenlahja.fi\\\/sv\\\/produkt\\\/larare-till-barnen\\\/#breadcrumb\"},\"inLanguage\":\"sv-SE\",\"potentialAction\":[{\"@type\":\"ReadAction\",\"target\":[\"https:\\\/\\\/www.toisenlainenlahja.fi\\\/sv\\\/produkt\\\/larare-till-barnen\\\/\"]}]},{\"@type\":\"ImageObject\",\"inLanguage\":\"sv-SE\",\"@id\":\"https:\\\/\\\/www.toisenlainenlahja.fi\\\/sv\\\/produkt\\\/larare-till-barnen\\\/#primaryimage\",\"url\":\"https:\\\/\\\/www.toisenlainenlahja.fi\\\/wp-content\\\/uploads\\\/2014\\\/04\\\/TL-Opettaja_600x600_080923-1.png\",\"contentUrl\":\"https:\\\/\\\/www.toisenlainenlahja.fi\\\/wp-content\\\/uploads\\\/2014\\\/04\\\/TL-Opettaja_600x600_080923-1.png\",\"width\":600,\"height\":600},{\"@type\":\"BreadcrumbList\",\"@id\":\"https:\\\/\\\/www.toisenlainenlahja.fi\\\/sv\\\/produkt\\\/larare-till-barnen\\\/#breadcrumb\",\"itemListElement\":[{\"@type\":\"ListItem\",\"position\":1,\"name\":\"G\u00e5vor\",\"item\":\"https:\\\/\\\/www.toisenlainenlahja.fi\\\/sv\\\/gavor\\\/\"},{\"@type\":\"ListItem\",\"position\":2,\"name\":\"L\u00e4rare\"}]},{\"@type\":\"WebSite\",\"@id\":\"https:\\\/\\\/www.toisenlainenlahja.fi\\\/#website\",\"url\":\"https:\\\/\\\/www.toisenlainenlahja.fi\\\/\",\"name\":\"Annorlunda G\u00e5va\",\"description\":\"\",\"publisher\":{\"@id\":\"https:\\\/\\\/www.toisenlainenlahja.fi\\\/#organization\"},\"potentialAction\":[{\"@type\":\"SearchAction\",\"target\":{\"@type\":\"EntryPoint\",\"urlTemplate\":\"https:\\\/\\\/www.toisenlainenlahja.fi\\\/?s={search_term_string}\"},\"query-input\":{\"@type\":\"PropertyValueSpecification\",\"valueRequired\":true,\"valueName\":\"search_term_string\"}}],\"inLanguage\":\"sv-SE\"},{\"@type\":\"Organization\",\"@id\":\"https:\\\/\\\/www.toisenlainenlahja.fi\\\/#organization\",\"name\":\"Toisenlainen Lahja\",\"url\":\"https:\\\/\\\/www.toisenlainenlahja.fi\\\/\",\"logo\":{\"@type\":\"ImageObject\",\"inLanguage\":\"sv-SE\",\"@id\":\"https:\\\/\\\/www.toisenlainenlahja.fi\\\/#\\\/schema\\\/logo\\\/image\\\/\",\"url\":\"https:\\\/\\\/www.toisenlainenlahja.fi\\\/wp-content\\\/uploads\\\/2021\\\/10\\\/logo-tl-sv-1.svg\",\"contentUrl\":\"https:\\\/\\\/www.toisenlainenlahja.fi\\\/wp-content\\\/uploads\\\/2021\\\/10\\\/logo-tl-sv-1.svg\",\"width\":277,\"height\":30,\"caption\":\"Toisenlainen Lahja\"},\"image\":{\"@id\":\"https:\\\/\\\/www.toisenlainenlahja.fi\\\/#\\\/schema\\\/logo\\\/image\\\/\"}}]}<\/script>\n<!-- \/ Yoast SEO plugin. -->","yoast_head_json":{"title":"L\u00e4rare - Annorlunda G\u00e5va","description":"Genom att utbilda en l\u00e4rare utbildar du ett barn. Med g\u00e5van L\u00e4rare till barnen hj\u00e4lper du barnen att f\u00e5 god utbildning.","robots":{"index":"index","follow":"follow","max-snippet":"max-snippet:-1","max-image-preview":"max-image-preview:large","max-video-preview":"max-video-preview:-1"},"canonical":"https:\/\/www.toisenlainenlahja.fi\/sv\/produkt\/larare-till-barnen\/","og_locale":"sv_SE","og_type":"article","og_title":"L\u00e4rare - Annorlunda G\u00e5va","og_description":"Genom att utbilda en l\u00e4rare utbildar du ett barn. Med g\u00e5van L\u00e4rare till barnen hj\u00e4lper du barnen att f\u00e5 god utbildning.","og_url":"https:\/\/www.toisenlainenlahja.fi\/sv\/produkt\/larare-till-barnen\/","og_site_name":"Annorlunda G\u00e5va","article_modified_time":"2025-11-21T04:38:44+00:00","og_image":[{"width":600,"height":600,"url":"https:\/\/www.toisenlainenlahja.fi\/wp-content\/uploads\/2014\/04\/TL-Opettaja_600x600_080923-1.png","type":"image\/png"}],"twitter_card":"summary_large_image","twitter_misc":{"Ber\u00e4knad l\u00e4stid":"3 minuter"},"schema":{"@context":"https:\/\/schema.org","@graph":[{"@type":"WebPage","@id":"https:\/\/www.toisenlainenlahja.fi\/sv\/produkt\/larare-till-barnen\/","url":"https:\/\/www.toisenlainenlahja.fi\/sv\/produkt\/larare-till-barnen\/","name":"L\u00e4rare - Annorlunda G\u00e5va","isPartOf":{"@id":"https:\/\/www.toisenlainenlahja.fi\/#website"},"primaryImageOfPage":{"@id":"https:\/\/www.toisenlainenlahja.fi\/sv\/produkt\/larare-till-barnen\/#primaryimage"},"image":{"@id":"https:\/\/www.toisenlainenlahja.fi\/sv\/produkt\/larare-till-barnen\/#primaryimage"},"thumbnailUrl":"https:\/\/www.toisenlainenlahja.fi\/wp-content\/uploads\/2014\/04\/TL-Opettaja_600x600_080923-1.png","datePublished":"2014-04-14T03:17:52+00:00","dateModified":"2025-11-21T04:38:44+00:00","description":"Genom att utbilda en l\u00e4rare utbildar du ett barn. Med g\u00e5van L\u00e4rare till barnen hj\u00e4lper du barnen att f\u00e5 god utbildning.","breadcrumb":{"@id":"https:\/\/www.toisenlainenlahja.fi\/sv\/produkt\/larare-till-barnen\/#breadcrumb"},"inLanguage":"sv-SE","potentialAction":[{"@type":"ReadAction","target":["https:\/\/www.toisenlainenlahja.fi\/sv\/produkt\/larare-till-barnen\/"]}]},{"@type":"ImageObject","inLanguage":"sv-SE","@id":"https:\/\/www.toisenlainenlahja.fi\/sv\/produkt\/larare-till-barnen\/#primaryimage","url":"https:\/\/www.toisenlainenlahja.fi\/wp-content\/uploads\/2014\/04\/TL-Opettaja_600x600_080923-1.png","contentUrl":"https:\/\/www.toisenlainenlahja.fi\/wp-content\/uploads\/2014\/04\/TL-Opettaja_600x600_080923-1.png","width":600,"height":600},{"@type":"BreadcrumbList","@id":"https:\/\/www.toisenlainenlahja.fi\/sv\/produkt\/larare-till-barnen\/#breadcrumb","itemListElement":[{"@type":"ListItem","position":1,"name":"G\u00e5vor","item":"https:\/\/www.toisenlainenlahja.fi\/sv\/gavor\/"},{"@type":"ListItem","position":2,"name":"L\u00e4rare"}]},{"@type":"WebSite","@id":"https:\/\/www.toisenlainenlahja.fi\/#website","url":"https:\/\/www.toisenlainenlahja.fi\/","name":"Annorlunda G\u00e5va","description":"","publisher":{"@id":"https:\/\/www.toisenlainenlahja.fi\/#organization"},"potentialAction":[{"@type":"SearchAction","target":{"@type":"EntryPoint","urlTemplate":"https:\/\/www.toisenlainenlahja.fi\/?s={search_term_string}"},"query-input":{"@type":"PropertyValueSpecification","valueRequired":true,"valueName":"search_term_string"}}],"inLanguage":"sv-SE"},{"@type":"Organization","@id":"https:\/\/www.toisenlainenlahja.fi\/#organization","name":"Toisenlainen Lahja","url":"https:\/\/www.toisenlainenlahja.fi\/","logo":{"@type":"ImageObject","inLanguage":"sv-SE","@id":"https:\/\/www.toisenlainenlahja.fi\/#\/schema\/logo\/image\/","url":"https:\/\/www.toisenlainenlahja.fi\/wp-content\/uploads\/2021\/10\/logo-tl-sv-1.svg","contentUrl":"https:\/\/www.toisenlainenlahja.fi\/wp-content\/uploads\/2021\/10\/logo-tl-sv-1.svg","width":277,"height":30,"caption":"Toisenlainen Lahja"},"image":{"@id":"https:\/\/www.toisenlainenlahja.fi\/#\/schema\/logo\/image\/"}}]}},"_links":{"self":[{"href":"https:\/\/www.toisenlainenlahja.fi\/sv\/wp-json\/wp\/v2\/product\/2335","targetHints":{"allow":["GET"]}}],"collection":[{"href":"https:\/\/www.toisenlainenlahja.fi\/sv\/wp-json\/wp\/v2\/product"}],"about":[{"href":"https:\/\/www.toisenlainenlahja.fi\/sv\/wp-json\/wp\/v2\/types\/product"}],"replies":[{"embeddable":true,"href":"https:\/\/www.toisenlainenlahja.fi\/sv\/wp-json\/wp\/v2\/comments?post=2335"}],"wp:featuredmedia":[{"embeddable":true,"href":"https:\/\/www.toisenlainenlahja.fi\/sv\/wp-json\/wp\/v2\/media\/18101"}],"wp:attachment":[{"href":"https:\/\/www.toisenlainenlahja.fi\/sv\/wp-json\/wp\/v2\/media?parent=2335"}],"wp:term":[{"taxonomy":"product_brand","embeddable":true,"href":"https:\/\/www.toisenlainenlahja.fi\/sv\/wp-json\/wp\/v2\/product_brand?post=2335"},{"taxonomy":"product_cat","embeddable":true,"href":"https:\/\/www.toisenlainenlahja.fi\/sv\/wp-json\/wp\/v2\/product_cat?post=2335"},{"taxonomy":"product_tag","embeddable":true,"href":"https:\/\/www.toisenlainenlahja.fi\/sv\/wp-json\/wp\/v2\/product_tag?post=2335"}],"curies":[{"name":"wp","href":"https:\/\/api.w.org\/{rel}","templated":true}]}}