{"id":2336,"date":"2014-10-13T10:22:38","date_gmt":"2014-10-13T07:22:38","guid":{"rendered":"https:\/\/www.toisenlainenlahja.fi\/tuote\/bikupa\/"},"modified":"2025-11-21T06:37:41","modified_gmt":"2025-11-21T04:37:41","slug":"bikupa","status":"publish","type":"product","link":"https:\/\/www.toisenlainenlahja.fi\/sv\/produkt\/bikupa\/","title":{"rendered":"Bikupa"},"content":{"rendered":"<p>Bikupan hj\u00e4lper u-l\u00e4ndernas allra fattigaste att skaffa sig en utkomst.<\/p>\n<p>Bikupan \u00e4r en ekologisk g\u00e5va f\u00f6r m\u00e4nniskor i utvecklingsl\u00e4nder. Genom att ge denna g\u00e5va st\u00f6der du arbetet mot fattigdom och hj\u00e4lper de allra svagaste i utvecklingsl\u00e4nderna. Familjer som f\u00e5r en bikupa utbildas ocks\u00e5 i att ta hand om bina. P\u00e5 s\u00e5 s\u00e4tt f\u00e5r de ut det mesta av bikupan.<\/p>\n<p>En fattig familj f\u00e5r viktiga inkomster av att s\u00e4lja honung. Dessutom medf\u00f6r honungen variation i den ensidiga kosten och \u00e4r \u00e4ven utm\u00e4rkt f\u00f6r att sk\u00f6ta sm\u00e5 s\u00e5r och lindra hosta.<\/p>\n<p>N\u00e4r du ger en bikupa fr\u00e4mjar du de allra fattigastes utkomstm\u00f6jligheter!<\/p>\n","protected":false},"excerpt":{"rendered":"<p>Att s\u00e4lja honung \u00e4r en viktig utkomstm\u00f6jlighet f\u00f6r de fattiga. Dessutom fungerar de flitiga bina som pollinerare!<\/p>\n","protected":false},"featured_media":4551,"comment_status":"closed","ping_status":"closed","template":"","meta":{"_acf_changed":false},"product_brand":[],"product_cat":[79,87,92],"product_tag":[],"class_list":{"0":"post-2336","1":"product","2":"type-product","3":"status-publish","4":"has-post-thumbnail","6":"product_cat-brollop","7":"product_cat-klimat","8":"product_cat-levebrod","10":"first","11":"instock","12":"purchasable","13":"product-type-simple"},"acf":[],"yoast_head":"<!-- This site is optimized with the Yoast SEO plugin v27.1.1 - https:\/\/yoast.com\/product\/yoast-seo-wordpress\/ -->\n<title>Bikupa - Annorlunda G\u00e5va<\/title>\n<meta name=\"description\" content=\"Den honung som samlas in fr\u00e5n bikupan blir en del av familjens utkomst. Ge en bikupa i g\u00e5va till en familj i ett utvecklingsland!\" \/>\n<meta name=\"robots\" content=\"index, follow, max-snippet:-1, max-image-preview:large, max-video-preview:-1\" \/>\n<link rel=\"canonical\" href=\"https:\/\/www.toisenlainenlahja.fi\/sv\/produkt\/bikupa\/\" \/>\n<meta property=\"og:locale\" content=\"sv_SE\" \/>\n<meta property=\"og:type\" content=\"article\" \/>\n<meta property=\"og:title\" content=\"Bikupa - Annorlunda G\u00e5va\" \/>\n<meta property=\"og:description\" content=\"Den honung som samlas in fr\u00e5n bikupan blir en del av familjens utkomst. Ge en bikupa i g\u00e5va till en familj i ett utvecklingsland!\" \/>\n<meta property=\"og:url\" content=\"https:\/\/www.toisenlainenlahja.fi\/sv\/produkt\/bikupa\/\" \/>\n<meta property=\"og:site_name\" content=\"Annorlunda G\u00e5va\" \/>\n<meta property=\"article:modified_time\" content=\"2025-11-21T04:37:41+00:00\" \/>\n<meta property=\"og:image\" content=\"https:\/\/www.toisenlainenlahja.fi\/wp-content\/uploads\/2013\/09\/TL_mehilaispesa\u2560e_600.png\" \/>\n\t<meta property=\"og:image:width\" content=\"600\" \/>\n\t<meta property=\"og:image:height\" content=\"600\" \/>\n\t<meta property=\"og:image:type\" content=\"image\/png\" \/>\n<meta name=\"twitter:card\" content=\"summary_large_image\" \/>\n<meta name=\"twitter:label1\" content=\"Ber\u00e4knad l\u00e4stid\" \/>\n\t<meta name=\"twitter:data1\" content=\"2 minuter\" \/>\n<script type=\"application\/ld+json\" class=\"yoast-schema-graph\">{\"@context\":\"https:\/\/schema.org\",\"@graph\":[{\"@type\":\"WebPage\",\"@id\":\"https:\/\/www.toisenlainenlahja.fi\/sv\/produkt\/bikupa\/\",\"url\":\"https:\/\/www.toisenlainenlahja.fi\/sv\/produkt\/bikupa\/\",\"name\":\"Bikupa - Annorlunda G\u00e5va\",\"isPartOf\":{\"@id\":\"https:\/\/www.toisenlainenlahja.fi\/#website\"},\"primaryImageOfPage\":{\"@id\":\"https:\/\/www.toisenlainenlahja.fi\/sv\/produkt\/bikupa\/#primaryimage\"},\"image\":{\"@id\":\"https:\/\/www.toisenlainenlahja.fi\/sv\/produkt\/bikupa\/#primaryimage\"},\"thumbnailUrl\":\"https:\/\/www.toisenlainenlahja.fi\/wp-content\/uploads\/2013\/09\/TL_mehilaispesa\u2560e_600.png\",\"datePublished\":\"2014-10-13T07:22:38+00:00\",\"dateModified\":\"2025-11-21T04:37:41+00:00\",\"description\":\"Den honung som samlas in fr\u00e5n bikupan blir en del av familjens utkomst. Ge en bikupa i g\u00e5va till en familj i ett utvecklingsland!\",\"breadcrumb\":{\"@id\":\"https:\/\/www.toisenlainenlahja.fi\/sv\/produkt\/bikupa\/#breadcrumb\"},\"inLanguage\":\"sv-SE\",\"potentialAction\":[{\"@type\":\"ReadAction\",\"target\":[\"https:\/\/www.toisenlainenlahja.fi\/sv\/produkt\/bikupa\/\"]}]},{\"@type\":\"ImageObject\",\"inLanguage\":\"sv-SE\",\"@id\":\"https:\/\/www.toisenlainenlahja.fi\/sv\/produkt\/bikupa\/#primaryimage\",\"url\":\"https:\/\/www.toisenlainenlahja.fi\/wp-content\/uploads\/2013\/09\/TL_mehilaispesa\u2560e_600.png\",\"contentUrl\":\"https:\/\/www.toisenlainenlahja.fi\/wp-content\/uploads\/2013\/09\/TL_mehilaispesa\u2560e_600.png\",\"width\":600,\"height\":600},{\"@type\":\"BreadcrumbList\",\"@id\":\"https:\/\/www.toisenlainenlahja.fi\/sv\/produkt\/bikupa\/#breadcrumb\",\"itemListElement\":[{\"@type\":\"ListItem\",\"position\":1,\"name\":\"G\u00e5vor\",\"item\":\"https:\/\/www.toisenlainenlahja.fi\/sv\/gavor\/\"},{\"@type\":\"ListItem\",\"position\":2,\"name\":\"Bikupa\"}]},{\"@type\":\"WebSite\",\"@id\":\"https:\/\/www.toisenlainenlahja.fi\/#website\",\"url\":\"https:\/\/www.toisenlainenlahja.fi\/\",\"name\":\"Annorlunda G\u00e5va\",\"description\":\"\",\"publisher\":{\"@id\":\"https:\/\/www.toisenlainenlahja.fi\/#organization\"},\"potentialAction\":[{\"@type\":\"SearchAction\",\"target\":{\"@type\":\"EntryPoint\",\"urlTemplate\":\"https:\/\/www.toisenlainenlahja.fi\/?s={search_term_string}\"},\"query-input\":{\"@type\":\"PropertyValueSpecification\",\"valueRequired\":true,\"valueName\":\"search_term_string\"}}],\"inLanguage\":\"sv-SE\"},{\"@type\":\"Organization\",\"@id\":\"https:\/\/www.toisenlainenlahja.fi\/#organization\",\"name\":\"Annorlunda G\u00e5va\",\"url\":\"https:\/\/www.toisenlainenlahja.fi\/\",\"logo\":{\"@type\":\"ImageObject\",\"inLanguage\":\"sv-SE\",\"@id\":\"https:\/\/www.toisenlainenlahja.fi\/#\/schema\/logo\/image\/\",\"url\":\"https:\/\/www.toisenlainenlahja.fi\/wp-content\/uploads\/2021\/10\/logo-tl-sv-1.svg\",\"contentUrl\":\"https:\/\/www.toisenlainenlahja.fi\/wp-content\/uploads\/2021\/10\/logo-tl-sv-1.svg\",\"width\":277,\"height\":30,\"caption\":\"Annorlunda G\u00e5va\"},\"image\":{\"@id\":\"https:\/\/www.toisenlainenlahja.fi\/#\/schema\/logo\/image\/\"}}]}<\/script>\n<!-- \/ Yoast SEO plugin. -->","yoast_head_json":{"title":"Bikupa - Annorlunda G\u00e5va","description":"Den honung som samlas in fr\u00e5n bikupan blir en del av familjens utkomst. Ge en bikupa i g\u00e5va till en familj i ett utvecklingsland!","robots":{"index":"index","follow":"follow","max-snippet":"max-snippet:-1","max-image-preview":"max-image-preview:large","max-video-preview":"max-video-preview:-1"},"canonical":"https:\/\/www.toisenlainenlahja.fi\/sv\/produkt\/bikupa\/","og_locale":"sv_SE","og_type":"article","og_title":"Bikupa - Annorlunda G\u00e5va","og_description":"Den honung som samlas in fr\u00e5n bikupan blir en del av familjens utkomst. Ge en bikupa i g\u00e5va till en familj i ett utvecklingsland!","og_url":"https:\/\/www.toisenlainenlahja.fi\/sv\/produkt\/bikupa\/","og_site_name":"Annorlunda G\u00e5va","article_modified_time":"2025-11-21T04:37:41+00:00","og_image":[{"width":600,"height":600,"url":"https:\/\/www.toisenlainenlahja.fi\/wp-content\/uploads\/2013\/09\/TL_mehilaispesa\u2560e_600.png","type":"image\/png"}],"twitter_card":"summary_large_image","twitter_misc":{"Ber\u00e4knad l\u00e4stid":"2 minuter"},"schema":{"@context":"https:\/\/schema.org","@graph":[{"@type":"WebPage","@id":"https:\/\/www.toisenlainenlahja.fi\/sv\/produkt\/bikupa\/","url":"https:\/\/www.toisenlainenlahja.fi\/sv\/produkt\/bikupa\/","name":"Bikupa - Annorlunda G\u00e5va","isPartOf":{"@id":"https:\/\/www.toisenlainenlahja.fi\/#website"},"primaryImageOfPage":{"@id":"https:\/\/www.toisenlainenlahja.fi\/sv\/produkt\/bikupa\/#primaryimage"},"image":{"@id":"https:\/\/www.toisenlainenlahja.fi\/sv\/produkt\/bikupa\/#primaryimage"},"thumbnailUrl":"https:\/\/www.toisenlainenlahja.fi\/wp-content\/uploads\/2013\/09\/TL_mehilaispesa\u2560e_600.png","datePublished":"2014-10-13T07:22:38+00:00","dateModified":"2025-11-21T04:37:41+00:00","description":"Den honung som samlas in fr\u00e5n bikupan blir en del av familjens utkomst. Ge en bikupa i g\u00e5va till en familj i ett utvecklingsland!","breadcrumb":{"@id":"https:\/\/www.toisenlainenlahja.fi\/sv\/produkt\/bikupa\/#breadcrumb"},"inLanguage":"sv-SE","potentialAction":[{"@type":"ReadAction","target":["https:\/\/www.toisenlainenlahja.fi\/sv\/produkt\/bikupa\/"]}]},{"@type":"ImageObject","inLanguage":"sv-SE","@id":"https:\/\/www.toisenlainenlahja.fi\/sv\/produkt\/bikupa\/#primaryimage","url":"https:\/\/www.toisenlainenlahja.fi\/wp-content\/uploads\/2013\/09\/TL_mehilaispesa\u2560e_600.png","contentUrl":"https:\/\/www.toisenlainenlahja.fi\/wp-content\/uploads\/2013\/09\/TL_mehilaispesa\u2560e_600.png","width":600,"height":600},{"@type":"BreadcrumbList","@id":"https:\/\/www.toisenlainenlahja.fi\/sv\/produkt\/bikupa\/#breadcrumb","itemListElement":[{"@type":"ListItem","position":1,"name":"G\u00e5vor","item":"https:\/\/www.toisenlainenlahja.fi\/sv\/gavor\/"},{"@type":"ListItem","position":2,"name":"Bikupa"}]},{"@type":"WebSite","@id":"https:\/\/www.toisenlainenlahja.fi\/#website","url":"https:\/\/www.toisenlainenlahja.fi\/","name":"Annorlunda G\u00e5va","description":"","publisher":{"@id":"https:\/\/www.toisenlainenlahja.fi\/#organization"},"potentialAction":[{"@type":"SearchAction","target":{"@type":"EntryPoint","urlTemplate":"https:\/\/www.toisenlainenlahja.fi\/?s={search_term_string}"},"query-input":{"@type":"PropertyValueSpecification","valueRequired":true,"valueName":"search_term_string"}}],"inLanguage":"sv-SE"},{"@type":"Organization","@id":"https:\/\/www.toisenlainenlahja.fi\/#organization","name":"Annorlunda G\u00e5va","url":"https:\/\/www.toisenlainenlahja.fi\/","logo":{"@type":"ImageObject","inLanguage":"sv-SE","@id":"https:\/\/www.toisenlainenlahja.fi\/#\/schema\/logo\/image\/","url":"https:\/\/www.toisenlainenlahja.fi\/wp-content\/uploads\/2021\/10\/logo-tl-sv-1.svg","contentUrl":"https:\/\/www.toisenlainenlahja.fi\/wp-content\/uploads\/2021\/10\/logo-tl-sv-1.svg","width":277,"height":30,"caption":"Annorlunda G\u00e5va"},"image":{"@id":"https:\/\/www.toisenlainenlahja.fi\/#\/schema\/logo\/image\/"}}]}},"_links":{"self":[{"href":"https:\/\/www.toisenlainenlahja.fi\/sv\/wp-json\/wp\/v2\/product\/2336","targetHints":{"allow":["GET"]}}],"collection":[{"href":"https:\/\/www.toisenlainenlahja.fi\/sv\/wp-json\/wp\/v2\/product"}],"about":[{"href":"https:\/\/www.toisenlainenlahja.fi\/sv\/wp-json\/wp\/v2\/types\/product"}],"replies":[{"embeddable":true,"href":"https:\/\/www.toisenlainenlahja.fi\/sv\/wp-json\/wp\/v2\/comments?post=2336"}],"wp:featuredmedia":[{"embeddable":true,"href":"https:\/\/www.toisenlainenlahja.fi\/sv\/wp-json\/wp\/v2\/media\/4551"}],"wp:attachment":[{"href":"https:\/\/www.toisenlainenlahja.fi\/sv\/wp-json\/wp\/v2\/media?parent=2336"}],"wp:term":[{"taxonomy":"product_brand","embeddable":true,"href":"https:\/\/www.toisenlainenlahja.fi\/sv\/wp-json\/wp\/v2\/product_brand?post=2336"},{"taxonomy":"product_cat","embeddable":true,"href":"https:\/\/www.toisenlainenlahja.fi\/sv\/wp-json\/wp\/v2\/product_cat?post=2336"},{"taxonomy":"product_tag","embeddable":true,"href":"https:\/\/www.toisenlainenlahja.fi\/sv\/wp-json\/wp\/v2\/product_tag?post=2336"}],"curies":[{"name":"wp","href":"https:\/\/api.w.org\/{rel}","templated":true}]}}