{"id":2338,"date":"2015-09-01T12:24:36","date_gmt":"2015-09-01T09:24:36","guid":{"rendered":"https:\/\/www.toisenlainenlahja.fi\/tuote\/nodhjalpsforpackning\/"},"modified":"2025-11-21T06:37:14","modified_gmt":"2025-11-21T04:37:14","slug":"nodhjalpsforpackning","status":"publish","type":"product","link":"https:\/\/www.toisenlainenlahja.fi\/sv\/produkt\/nodhjalpsforpackning\/","title":{"rendered":"N\u00f6dhj\u00e4lpsf\u00f6rpackning"},"content":{"rendered":"<p>N\u00e4r katastrofen intr\u00e4ffar \u00e4r n\u00f6den stor och hj\u00e4lpbehovet \u00e4r omedelbart. Familjens hem kan vara totalf\u00f6rst\u00f6rt och alla \u00e4godelar har g\u00e5tt f\u00f6rlorade.\u00a0 D\u00e5 kan ett provisoriskt skydd och en varm filt f\u00f6r de kalla n\u00e4tterna vara rentav livsviktiga.<\/p>\n<p>Med denna etiska g\u00e5va hj\u00e4lper du dem som drabbats av en katastrof. De f\u00e5r n\u00f6dhj\u00e4lp s\u00e5som filtar, kastruller, matlagningsredskap och provisoriska skydd. Det hj\u00e4lper dem att klara den akuta krisen.<\/p>\n<p>Med g\u00e5van ger vi humanit\u00e4r hj\u00e4lp ocks\u00e5 efter den v\u00e4rsta n\u00f6den tills familjernas liv kan \u00e5terg\u00e5 till en normal vardag.<\/p>\n","protected":false},"excerpt":{"rendered":"<p>N\u00e4r en katastrof intr\u00e4ffar beh\u00f6ver familjerna snabbt f\u00e5 skydd och f\u00f6rn\u00f6denheter. Med denna etiska g\u00e5va hj\u00e4lper du dem att f\u00e5 n\u00f6dhj\u00e4lp.<\/p>\n","protected":false},"featured_media":4475,"comment_status":"closed","ping_status":"closed","template":"","meta":{"_acf_changed":false},"product_brand":[],"product_cat":[88],"product_tag":[],"class_list":{"0":"post-2338","1":"product","2":"type-product","3":"status-publish","4":"has-post-thumbnail","6":"product_cat-katastrofhjalpen","8":"first","9":"instock","10":"purchasable","11":"product-type-simple"},"acf":[],"yoast_head":"<!-- This site is optimized with the Yoast SEO plugin v27.5 - https:\/\/yoast.com\/product\/yoast-seo-wordpress\/ -->\n<title>N\u00f6dhj\u00e4lpsf\u00f6rpackning - Annorlunda G\u00e5va<\/title>\n<meta name=\"description\" content=\"N\u00e4r en katastrof intr\u00e4ffar beh\u00f6vs snabba hj\u00e4lpinsatser. N\u00f6dhj\u00e4lpen best\u00e5r bl.a. av filtar, matlagningsredskap och provisoriska skydd till de drabbade.\" \/>\n<meta name=\"robots\" content=\"index, follow, max-snippet:-1, max-image-preview:large, max-video-preview:-1\" \/>\n<link rel=\"canonical\" href=\"https:\/\/www.toisenlainenlahja.fi\/sv\/produkt\/nodhjalpsforpackning\/\" \/>\n<meta property=\"og:locale\" content=\"sv_SE\" \/>\n<meta property=\"og:type\" content=\"article\" \/>\n<meta property=\"og:title\" content=\"N\u00f6dhj\u00e4lpsf\u00f6rpackning - Annorlunda G\u00e5va\" \/>\n<meta property=\"og:description\" content=\"N\u00e4r en katastrof intr\u00e4ffar beh\u00f6vs snabba hj\u00e4lpinsatser. N\u00f6dhj\u00e4lpen best\u00e5r bl.a. av filtar, matlagningsredskap och provisoriska skydd till de drabbade.\" \/>\n<meta property=\"og:url\" content=\"https:\/\/www.toisenlainenlahja.fi\/sv\/produkt\/nodhjalpsforpackning\/\" \/>\n<meta property=\"og:site_name\" content=\"Annorlunda G\u00e5va\" \/>\n<meta property=\"article:modified_time\" content=\"2025-11-21T04:37:14+00:00\" \/>\n<meta property=\"og:image\" content=\"https:\/\/www.toisenlainenlahja.fi\/wp-content\/uploads\/2013\/09\/TL_ha\u2560eta\u2560eapupaketti_600.png\" \/>\n\t<meta property=\"og:image:width\" content=\"600\" \/>\n\t<meta property=\"og:image:height\" content=\"600\" \/>\n\t<meta property=\"og:image:type\" content=\"image\/png\" \/>\n<meta name=\"twitter:card\" content=\"summary_large_image\" \/>\n<meta name=\"twitter:label1\" content=\"Ber\u00e4knad l\u00e4stid\" \/>\n\t<meta name=\"twitter:data1\" content=\"2 minuter\" \/>\n<script type=\"application\/ld+json\" class=\"yoast-schema-graph\">{\"@context\":\"https:\\\/\\\/schema.org\",\"@graph\":[{\"@type\":\"WebPage\",\"@id\":\"https:\\\/\\\/www.toisenlainenlahja.fi\\\/sv\\\/produkt\\\/nodhjalpsforpackning\\\/\",\"url\":\"https:\\\/\\\/www.toisenlainenlahja.fi\\\/sv\\\/produkt\\\/nodhjalpsforpackning\\\/\",\"name\":\"N\u00f6dhj\u00e4lpsf\u00f6rpackning - Annorlunda G\u00e5va\",\"isPartOf\":{\"@id\":\"https:\\\/\\\/www.toisenlainenlahja.fi\\\/#website\"},\"primaryImageOfPage\":{\"@id\":\"https:\\\/\\\/www.toisenlainenlahja.fi\\\/sv\\\/produkt\\\/nodhjalpsforpackning\\\/#primaryimage\"},\"image\":{\"@id\":\"https:\\\/\\\/www.toisenlainenlahja.fi\\\/sv\\\/produkt\\\/nodhjalpsforpackning\\\/#primaryimage\"},\"thumbnailUrl\":\"https:\\\/\\\/www.toisenlainenlahja.fi\\\/wp-content\\\/uploads\\\/2013\\\/09\\\/TL_ha\u2560eta\u2560eapupaketti_600.png\",\"datePublished\":\"2015-09-01T09:24:36+00:00\",\"dateModified\":\"2025-11-21T04:37:14+00:00\",\"description\":\"N\u00e4r en katastrof intr\u00e4ffar beh\u00f6vs snabba hj\u00e4lpinsatser. N\u00f6dhj\u00e4lpen best\u00e5r bl.a. av filtar, matlagningsredskap och provisoriska skydd till de drabbade.\",\"breadcrumb\":{\"@id\":\"https:\\\/\\\/www.toisenlainenlahja.fi\\\/sv\\\/produkt\\\/nodhjalpsforpackning\\\/#breadcrumb\"},\"inLanguage\":\"sv-SE\",\"potentialAction\":[{\"@type\":\"ReadAction\",\"target\":[\"https:\\\/\\\/www.toisenlainenlahja.fi\\\/sv\\\/produkt\\\/nodhjalpsforpackning\\\/\"]}]},{\"@type\":\"ImageObject\",\"inLanguage\":\"sv-SE\",\"@id\":\"https:\\\/\\\/www.toisenlainenlahja.fi\\\/sv\\\/produkt\\\/nodhjalpsforpackning\\\/#primaryimage\",\"url\":\"https:\\\/\\\/www.toisenlainenlahja.fi\\\/wp-content\\\/uploads\\\/2013\\\/09\\\/TL_ha\u2560eta\u2560eapupaketti_600.png\",\"contentUrl\":\"https:\\\/\\\/www.toisenlainenlahja.fi\\\/wp-content\\\/uploads\\\/2013\\\/09\\\/TL_ha\u2560eta\u2560eapupaketti_600.png\",\"width\":600,\"height\":600},{\"@type\":\"BreadcrumbList\",\"@id\":\"https:\\\/\\\/www.toisenlainenlahja.fi\\\/sv\\\/produkt\\\/nodhjalpsforpackning\\\/#breadcrumb\",\"itemListElement\":[{\"@type\":\"ListItem\",\"position\":1,\"name\":\"G\u00e5vor\",\"item\":\"https:\\\/\\\/www.toisenlainenlahja.fi\\\/sv\\\/gavor\\\/\"},{\"@type\":\"ListItem\",\"position\":2,\"name\":\"N\u00f6dhj\u00e4lpsf\u00f6rpackning\"}]},{\"@type\":\"WebSite\",\"@id\":\"https:\\\/\\\/www.toisenlainenlahja.fi\\\/#website\",\"url\":\"https:\\\/\\\/www.toisenlainenlahja.fi\\\/\",\"name\":\"Annorlunda G\u00e5va\",\"description\":\"\",\"publisher\":{\"@id\":\"https:\\\/\\\/www.toisenlainenlahja.fi\\\/#organization\"},\"potentialAction\":[{\"@type\":\"SearchAction\",\"target\":{\"@type\":\"EntryPoint\",\"urlTemplate\":\"https:\\\/\\\/www.toisenlainenlahja.fi\\\/?s={search_term_string}\"},\"query-input\":{\"@type\":\"PropertyValueSpecification\",\"valueRequired\":true,\"valueName\":\"search_term_string\"}}],\"inLanguage\":\"sv-SE\"},{\"@type\":\"Organization\",\"@id\":\"https:\\\/\\\/www.toisenlainenlahja.fi\\\/#organization\",\"name\":\"Toisenlainen Lahja\",\"url\":\"https:\\\/\\\/www.toisenlainenlahja.fi\\\/\",\"logo\":{\"@type\":\"ImageObject\",\"inLanguage\":\"sv-SE\",\"@id\":\"https:\\\/\\\/www.toisenlainenlahja.fi\\\/#\\\/schema\\\/logo\\\/image\\\/\",\"url\":\"https:\\\/\\\/www.toisenlainenlahja.fi\\\/wp-content\\\/uploads\\\/2021\\\/10\\\/logo-tl-sv-1.svg\",\"contentUrl\":\"https:\\\/\\\/www.toisenlainenlahja.fi\\\/wp-content\\\/uploads\\\/2021\\\/10\\\/logo-tl-sv-1.svg\",\"width\":277,\"height\":30,\"caption\":\"Toisenlainen Lahja\"},\"image\":{\"@id\":\"https:\\\/\\\/www.toisenlainenlahja.fi\\\/#\\\/schema\\\/logo\\\/image\\\/\"}}]}<\/script>\n<!-- \/ Yoast SEO plugin. -->","yoast_head_json":{"title":"N\u00f6dhj\u00e4lpsf\u00f6rpackning - Annorlunda G\u00e5va","description":"N\u00e4r en katastrof intr\u00e4ffar beh\u00f6vs snabba hj\u00e4lpinsatser. N\u00f6dhj\u00e4lpen best\u00e5r bl.a. av filtar, matlagningsredskap och provisoriska skydd till de drabbade.","robots":{"index":"index","follow":"follow","max-snippet":"max-snippet:-1","max-image-preview":"max-image-preview:large","max-video-preview":"max-video-preview:-1"},"canonical":"https:\/\/www.toisenlainenlahja.fi\/sv\/produkt\/nodhjalpsforpackning\/","og_locale":"sv_SE","og_type":"article","og_title":"N\u00f6dhj\u00e4lpsf\u00f6rpackning - Annorlunda G\u00e5va","og_description":"N\u00e4r en katastrof intr\u00e4ffar beh\u00f6vs snabba hj\u00e4lpinsatser. N\u00f6dhj\u00e4lpen best\u00e5r bl.a. av filtar, matlagningsredskap och provisoriska skydd till de drabbade.","og_url":"https:\/\/www.toisenlainenlahja.fi\/sv\/produkt\/nodhjalpsforpackning\/","og_site_name":"Annorlunda G\u00e5va","article_modified_time":"2025-11-21T04:37:14+00:00","og_image":[{"width":600,"height":600,"url":"https:\/\/www.toisenlainenlahja.fi\/wp-content\/uploads\/2013\/09\/TL_ha\u2560eta\u2560eapupaketti_600.png","type":"image\/png"}],"twitter_card":"summary_large_image","twitter_misc":{"Ber\u00e4knad l\u00e4stid":"2 minuter"},"schema":{"@context":"https:\/\/schema.org","@graph":[{"@type":"WebPage","@id":"https:\/\/www.toisenlainenlahja.fi\/sv\/produkt\/nodhjalpsforpackning\/","url":"https:\/\/www.toisenlainenlahja.fi\/sv\/produkt\/nodhjalpsforpackning\/","name":"N\u00f6dhj\u00e4lpsf\u00f6rpackning - Annorlunda G\u00e5va","isPartOf":{"@id":"https:\/\/www.toisenlainenlahja.fi\/#website"},"primaryImageOfPage":{"@id":"https:\/\/www.toisenlainenlahja.fi\/sv\/produkt\/nodhjalpsforpackning\/#primaryimage"},"image":{"@id":"https:\/\/www.toisenlainenlahja.fi\/sv\/produkt\/nodhjalpsforpackning\/#primaryimage"},"thumbnailUrl":"https:\/\/www.toisenlainenlahja.fi\/wp-content\/uploads\/2013\/09\/TL_ha\u2560eta\u2560eapupaketti_600.png","datePublished":"2015-09-01T09:24:36+00:00","dateModified":"2025-11-21T04:37:14+00:00","description":"N\u00e4r en katastrof intr\u00e4ffar beh\u00f6vs snabba hj\u00e4lpinsatser. N\u00f6dhj\u00e4lpen best\u00e5r bl.a. av filtar, matlagningsredskap och provisoriska skydd till de drabbade.","breadcrumb":{"@id":"https:\/\/www.toisenlainenlahja.fi\/sv\/produkt\/nodhjalpsforpackning\/#breadcrumb"},"inLanguage":"sv-SE","potentialAction":[{"@type":"ReadAction","target":["https:\/\/www.toisenlainenlahja.fi\/sv\/produkt\/nodhjalpsforpackning\/"]}]},{"@type":"ImageObject","inLanguage":"sv-SE","@id":"https:\/\/www.toisenlainenlahja.fi\/sv\/produkt\/nodhjalpsforpackning\/#primaryimage","url":"https:\/\/www.toisenlainenlahja.fi\/wp-content\/uploads\/2013\/09\/TL_ha\u2560eta\u2560eapupaketti_600.png","contentUrl":"https:\/\/www.toisenlainenlahja.fi\/wp-content\/uploads\/2013\/09\/TL_ha\u2560eta\u2560eapupaketti_600.png","width":600,"height":600},{"@type":"BreadcrumbList","@id":"https:\/\/www.toisenlainenlahja.fi\/sv\/produkt\/nodhjalpsforpackning\/#breadcrumb","itemListElement":[{"@type":"ListItem","position":1,"name":"G\u00e5vor","item":"https:\/\/www.toisenlainenlahja.fi\/sv\/gavor\/"},{"@type":"ListItem","position":2,"name":"N\u00f6dhj\u00e4lpsf\u00f6rpackning"}]},{"@type":"WebSite","@id":"https:\/\/www.toisenlainenlahja.fi\/#website","url":"https:\/\/www.toisenlainenlahja.fi\/","name":"Annorlunda G\u00e5va","description":"","publisher":{"@id":"https:\/\/www.toisenlainenlahja.fi\/#organization"},"potentialAction":[{"@type":"SearchAction","target":{"@type":"EntryPoint","urlTemplate":"https:\/\/www.toisenlainenlahja.fi\/?s={search_term_string}"},"query-input":{"@type":"PropertyValueSpecification","valueRequired":true,"valueName":"search_term_string"}}],"inLanguage":"sv-SE"},{"@type":"Organization","@id":"https:\/\/www.toisenlainenlahja.fi\/#organization","name":"Toisenlainen Lahja","url":"https:\/\/www.toisenlainenlahja.fi\/","logo":{"@type":"ImageObject","inLanguage":"sv-SE","@id":"https:\/\/www.toisenlainenlahja.fi\/#\/schema\/logo\/image\/","url":"https:\/\/www.toisenlainenlahja.fi\/wp-content\/uploads\/2021\/10\/logo-tl-sv-1.svg","contentUrl":"https:\/\/www.toisenlainenlahja.fi\/wp-content\/uploads\/2021\/10\/logo-tl-sv-1.svg","width":277,"height":30,"caption":"Toisenlainen Lahja"},"image":{"@id":"https:\/\/www.toisenlainenlahja.fi\/#\/schema\/logo\/image\/"}}]}},"_links":{"self":[{"href":"https:\/\/www.toisenlainenlahja.fi\/sv\/wp-json\/wp\/v2\/product\/2338","targetHints":{"allow":["GET"]}}],"collection":[{"href":"https:\/\/www.toisenlainenlahja.fi\/sv\/wp-json\/wp\/v2\/product"}],"about":[{"href":"https:\/\/www.toisenlainenlahja.fi\/sv\/wp-json\/wp\/v2\/types\/product"}],"replies":[{"embeddable":true,"href":"https:\/\/www.toisenlainenlahja.fi\/sv\/wp-json\/wp\/v2\/comments?post=2338"}],"wp:featuredmedia":[{"embeddable":true,"href":"https:\/\/www.toisenlainenlahja.fi\/sv\/wp-json\/wp\/v2\/media\/4475"}],"wp:attachment":[{"href":"https:\/\/www.toisenlainenlahja.fi\/sv\/wp-json\/wp\/v2\/media?parent=2338"}],"wp:term":[{"taxonomy":"product_brand","embeddable":true,"href":"https:\/\/www.toisenlainenlahja.fi\/sv\/wp-json\/wp\/v2\/product_brand?post=2338"},{"taxonomy":"product_cat","embeddable":true,"href":"https:\/\/www.toisenlainenlahja.fi\/sv\/wp-json\/wp\/v2\/product_cat?post=2338"},{"taxonomy":"product_tag","embeddable":true,"href":"https:\/\/www.toisenlainenlahja.fi\/sv\/wp-json\/wp\/v2\/product_tag?post=2338"}],"curies":[{"name":"wp","href":"https:\/\/api.w.org\/{rel}","templated":true}]}}