{"id":2341,"date":"2016-09-15T07:04:33","date_gmt":"2016-09-15T04:04:33","guid":{"rendered":"https:\/\/www.toisenlainenlahja.fi\/tuote\/skola-och-trygghet\/"},"modified":"2025-11-21T06:36:08","modified_gmt":"2025-11-21T04:36:08","slug":"skola-och-trygghet","status":"publish","type":"product","link":"https:\/\/www.toisenlainenlahja.fi\/sv\/produkt\/skola-och-trygghet\/","title":{"rendered":"Skola och trygghet"},"content":{"rendered":"<p>Skola och trygghet till katastrofdrabbade barn!<\/p>\n<p>Katastrofer och utdragna kriser inverkar p\u00e5 uppemot 65 miljoner barns liv. Barn som tvingats fly p\u00e5 grund av krig eller en katastrof, lider ofta av mardr\u00f6mmar, \u00e5ngest och r\u00e4dslor. En del av dem har aldrig upplevt en normal barndom.<\/p>\n<p>I flyktingl\u00e4gret eller efter en naturkatastrof \u00e4r det viktigt att kunna \u00e5teruppta skolg\u00e5ngen s\u00e5 fort som m\u00f6jligt och f\u00e5 trygga rutiner i vardagen. Med din hj\u00e4lp kan vi underst\u00f6dja barnens skolg\u00e5ng och erbjuda dem meningsfulla fritidsaktiviteter s\u00e5som sport och konstfostran. P\u00e5 katastrofomr\u00e5den bygger vi d\u00e4rtill trygga skollokaliteter och barnv\u00e4nliga rum d\u00e4r barnen kan leka, l\u00e4ra och \u00e5terh\u00e4mta sig fr\u00e5n sina sv\u00e5ra upplevelser under de vuxnas ledning.<\/p>\n<p>N\u00e4r du ger Annorlunda G\u00e5vor hj\u00e4lper du katastrofdrabbade barn att g\u00e5 i skolan och att \u00e5terh\u00e4mta sig. N\u00e4r skolan kan forts\u00e4tta, forts\u00e4tter ocks\u00e5 livet!<\/p>\n<p>&nbsp;<\/p>\n","protected":false},"excerpt":{"rendered":"<p>Med g\u00e5van Skola och trygghet underst\u00f6djer du barnets skolg\u00e5ng i humanit\u00e4ra n\u00f6dsituationer och bidrar till barnets k\u00e4nsla av trygghet i vardagen.<\/p>\n","protected":false},"featured_media":4527,"comment_status":"closed","ping_status":"closed","template":"","meta":{"_acf_changed":false},"product_brand":[],"product_cat":[80,83,88,85,89],"product_tag":[],"class_list":{"0":"post-2341","1":"product","2":"type-product","3":"status-publish","4":"has-post-thumbnail","6":"product_cat-fars-dag","7":"product_cat-gradering","8":"product_cat-katastrofhjalpen","9":"product_cat-mors-dag","10":"product_cat-traning","12":"first","13":"instock","14":"purchasable","15":"product-type-simple"},"acf":[],"yoast_head":"<!-- This site is optimized with the Yoast SEO plugin v27.3 - https:\/\/yoast.com\/product\/yoast-seo-wordpress\/ -->\n<title>Skola och trygghet - Annorlunda G\u00e5va<\/title>\n<meta name=\"description\" content=\"Med g\u00e5van Skola och trygghet underst\u00f6djer vi barnens skolg\u00e5ng i humanit\u00e4ra n\u00f6dsituationer och erbjuder dem fritidsaktiviteter s\u00e5som sport och konstfostran.\" \/>\n<meta name=\"robots\" content=\"index, follow, max-snippet:-1, max-image-preview:large, max-video-preview:-1\" \/>\n<link rel=\"canonical\" href=\"https:\/\/www.toisenlainenlahja.fi\/sv\/produkt\/skola-och-trygghet\/\" \/>\n<meta property=\"og:locale\" content=\"sv_SE\" \/>\n<meta property=\"og:type\" content=\"article\" \/>\n<meta property=\"og:title\" content=\"Skola och trygghet - Annorlunda G\u00e5va\" \/>\n<meta property=\"og:description\" content=\"Med g\u00e5van Skola och trygghet underst\u00f6djer vi barnens skolg\u00e5ng i humanit\u00e4ra n\u00f6dsituationer och erbjuder dem fritidsaktiviteter s\u00e5som sport och konstfostran.\" \/>\n<meta property=\"og:url\" content=\"https:\/\/www.toisenlainenlahja.fi\/sv\/produkt\/skola-och-trygghet\/\" \/>\n<meta property=\"og:site_name\" content=\"Annorlunda G\u00e5va\" \/>\n<meta property=\"article:modified_time\" content=\"2025-11-21T04:36:08+00:00\" \/>\n<meta property=\"og:image\" content=\"https:\/\/www.toisenlainenlahja.fi\/wp-content\/uploads\/2013\/09\/TL_koulua_ja_turvaa_600.png\" \/>\n\t<meta property=\"og:image:width\" content=\"600\" \/>\n\t<meta property=\"og:image:height\" content=\"600\" \/>\n\t<meta property=\"og:image:type\" content=\"image\/png\" \/>\n<meta name=\"twitter:card\" content=\"summary_large_image\" \/>\n<meta name=\"twitter:label1\" content=\"Ber\u00e4knad l\u00e4stid\" \/>\n\t<meta name=\"twitter:data1\" content=\"3 minuter\" \/>\n<script type=\"application\/ld+json\" class=\"yoast-schema-graph\">{\"@context\":\"https:\\\/\\\/schema.org\",\"@graph\":[{\"@type\":\"WebPage\",\"@id\":\"https:\\\/\\\/www.toisenlainenlahja.fi\\\/sv\\\/produkt\\\/skola-och-trygghet\\\/\",\"url\":\"https:\\\/\\\/www.toisenlainenlahja.fi\\\/sv\\\/produkt\\\/skola-och-trygghet\\\/\",\"name\":\"Skola och trygghet - Annorlunda G\u00e5va\",\"isPartOf\":{\"@id\":\"https:\\\/\\\/www.toisenlainenlahja.fi\\\/#website\"},\"primaryImageOfPage\":{\"@id\":\"https:\\\/\\\/www.toisenlainenlahja.fi\\\/sv\\\/produkt\\\/skola-och-trygghet\\\/#primaryimage\"},\"image\":{\"@id\":\"https:\\\/\\\/www.toisenlainenlahja.fi\\\/sv\\\/produkt\\\/skola-och-trygghet\\\/#primaryimage\"},\"thumbnailUrl\":\"https:\\\/\\\/www.toisenlainenlahja.fi\\\/wp-content\\\/uploads\\\/2013\\\/09\\\/TL_koulua_ja_turvaa_600.png\",\"datePublished\":\"2016-09-15T04:04:33+00:00\",\"dateModified\":\"2025-11-21T04:36:08+00:00\",\"description\":\"Med g\u00e5van Skola och trygghet underst\u00f6djer vi barnens skolg\u00e5ng i humanit\u00e4ra n\u00f6dsituationer och erbjuder dem fritidsaktiviteter s\u00e5som sport och konstfostran.\",\"breadcrumb\":{\"@id\":\"https:\\\/\\\/www.toisenlainenlahja.fi\\\/sv\\\/produkt\\\/skola-och-trygghet\\\/#breadcrumb\"},\"inLanguage\":\"sv-SE\",\"potentialAction\":[{\"@type\":\"ReadAction\",\"target\":[\"https:\\\/\\\/www.toisenlainenlahja.fi\\\/sv\\\/produkt\\\/skola-och-trygghet\\\/\"]}]},{\"@type\":\"ImageObject\",\"inLanguage\":\"sv-SE\",\"@id\":\"https:\\\/\\\/www.toisenlainenlahja.fi\\\/sv\\\/produkt\\\/skola-och-trygghet\\\/#primaryimage\",\"url\":\"https:\\\/\\\/www.toisenlainenlahja.fi\\\/wp-content\\\/uploads\\\/2013\\\/09\\\/TL_koulua_ja_turvaa_600.png\",\"contentUrl\":\"https:\\\/\\\/www.toisenlainenlahja.fi\\\/wp-content\\\/uploads\\\/2013\\\/09\\\/TL_koulua_ja_turvaa_600.png\",\"width\":600,\"height\":600},{\"@type\":\"BreadcrumbList\",\"@id\":\"https:\\\/\\\/www.toisenlainenlahja.fi\\\/sv\\\/produkt\\\/skola-och-trygghet\\\/#breadcrumb\",\"itemListElement\":[{\"@type\":\"ListItem\",\"position\":1,\"name\":\"G\u00e5vor\",\"item\":\"https:\\\/\\\/www.toisenlainenlahja.fi\\\/sv\\\/gavor\\\/\"},{\"@type\":\"ListItem\",\"position\":2,\"name\":\"Skola och trygghet\"}]},{\"@type\":\"WebSite\",\"@id\":\"https:\\\/\\\/www.toisenlainenlahja.fi\\\/#website\",\"url\":\"https:\\\/\\\/www.toisenlainenlahja.fi\\\/\",\"name\":\"Annorlunda G\u00e5va\",\"description\":\"\",\"publisher\":{\"@id\":\"https:\\\/\\\/www.toisenlainenlahja.fi\\\/#organization\"},\"potentialAction\":[{\"@type\":\"SearchAction\",\"target\":{\"@type\":\"EntryPoint\",\"urlTemplate\":\"https:\\\/\\\/www.toisenlainenlahja.fi\\\/?s={search_term_string}\"},\"query-input\":{\"@type\":\"PropertyValueSpecification\",\"valueRequired\":true,\"valueName\":\"search_term_string\"}}],\"inLanguage\":\"sv-SE\"},{\"@type\":\"Organization\",\"@id\":\"https:\\\/\\\/www.toisenlainenlahja.fi\\\/#organization\",\"name\":\"Annorlunda G\u00e5va\",\"url\":\"https:\\\/\\\/www.toisenlainenlahja.fi\\\/\",\"logo\":{\"@type\":\"ImageObject\",\"inLanguage\":\"sv-SE\",\"@id\":\"https:\\\/\\\/www.toisenlainenlahja.fi\\\/#\\\/schema\\\/logo\\\/image\\\/\",\"url\":\"https:\\\/\\\/www.toisenlainenlahja.fi\\\/wp-content\\\/uploads\\\/2021\\\/10\\\/logo-tl-sv-1.svg\",\"contentUrl\":\"https:\\\/\\\/www.toisenlainenlahja.fi\\\/wp-content\\\/uploads\\\/2021\\\/10\\\/logo-tl-sv-1.svg\",\"width\":277,\"height\":30,\"caption\":\"Annorlunda G\u00e5va\"},\"image\":{\"@id\":\"https:\\\/\\\/www.toisenlainenlahja.fi\\\/#\\\/schema\\\/logo\\\/image\\\/\"}}]}<\/script>\n<!-- \/ Yoast SEO plugin. -->","yoast_head_json":{"title":"Skola och trygghet - Annorlunda G\u00e5va","description":"Med g\u00e5van Skola och trygghet underst\u00f6djer vi barnens skolg\u00e5ng i humanit\u00e4ra n\u00f6dsituationer och erbjuder dem fritidsaktiviteter s\u00e5som sport och konstfostran.","robots":{"index":"index","follow":"follow","max-snippet":"max-snippet:-1","max-image-preview":"max-image-preview:large","max-video-preview":"max-video-preview:-1"},"canonical":"https:\/\/www.toisenlainenlahja.fi\/sv\/produkt\/skola-och-trygghet\/","og_locale":"sv_SE","og_type":"article","og_title":"Skola och trygghet - Annorlunda G\u00e5va","og_description":"Med g\u00e5van Skola och trygghet underst\u00f6djer vi barnens skolg\u00e5ng i humanit\u00e4ra n\u00f6dsituationer och erbjuder dem fritidsaktiviteter s\u00e5som sport och konstfostran.","og_url":"https:\/\/www.toisenlainenlahja.fi\/sv\/produkt\/skola-och-trygghet\/","og_site_name":"Annorlunda G\u00e5va","article_modified_time":"2025-11-21T04:36:08+00:00","og_image":[{"width":600,"height":600,"url":"https:\/\/www.toisenlainenlahja.fi\/wp-content\/uploads\/2013\/09\/TL_koulua_ja_turvaa_600.png","type":"image\/png"}],"twitter_card":"summary_large_image","twitter_misc":{"Ber\u00e4knad l\u00e4stid":"3 minuter"},"schema":{"@context":"https:\/\/schema.org","@graph":[{"@type":"WebPage","@id":"https:\/\/www.toisenlainenlahja.fi\/sv\/produkt\/skola-och-trygghet\/","url":"https:\/\/www.toisenlainenlahja.fi\/sv\/produkt\/skola-och-trygghet\/","name":"Skola och trygghet - Annorlunda G\u00e5va","isPartOf":{"@id":"https:\/\/www.toisenlainenlahja.fi\/#website"},"primaryImageOfPage":{"@id":"https:\/\/www.toisenlainenlahja.fi\/sv\/produkt\/skola-och-trygghet\/#primaryimage"},"image":{"@id":"https:\/\/www.toisenlainenlahja.fi\/sv\/produkt\/skola-och-trygghet\/#primaryimage"},"thumbnailUrl":"https:\/\/www.toisenlainenlahja.fi\/wp-content\/uploads\/2013\/09\/TL_koulua_ja_turvaa_600.png","datePublished":"2016-09-15T04:04:33+00:00","dateModified":"2025-11-21T04:36:08+00:00","description":"Med g\u00e5van Skola och trygghet underst\u00f6djer vi barnens skolg\u00e5ng i humanit\u00e4ra n\u00f6dsituationer och erbjuder dem fritidsaktiviteter s\u00e5som sport och konstfostran.","breadcrumb":{"@id":"https:\/\/www.toisenlainenlahja.fi\/sv\/produkt\/skola-och-trygghet\/#breadcrumb"},"inLanguage":"sv-SE","potentialAction":[{"@type":"ReadAction","target":["https:\/\/www.toisenlainenlahja.fi\/sv\/produkt\/skola-och-trygghet\/"]}]},{"@type":"ImageObject","inLanguage":"sv-SE","@id":"https:\/\/www.toisenlainenlahja.fi\/sv\/produkt\/skola-och-trygghet\/#primaryimage","url":"https:\/\/www.toisenlainenlahja.fi\/wp-content\/uploads\/2013\/09\/TL_koulua_ja_turvaa_600.png","contentUrl":"https:\/\/www.toisenlainenlahja.fi\/wp-content\/uploads\/2013\/09\/TL_koulua_ja_turvaa_600.png","width":600,"height":600},{"@type":"BreadcrumbList","@id":"https:\/\/www.toisenlainenlahja.fi\/sv\/produkt\/skola-och-trygghet\/#breadcrumb","itemListElement":[{"@type":"ListItem","position":1,"name":"G\u00e5vor","item":"https:\/\/www.toisenlainenlahja.fi\/sv\/gavor\/"},{"@type":"ListItem","position":2,"name":"Skola och trygghet"}]},{"@type":"WebSite","@id":"https:\/\/www.toisenlainenlahja.fi\/#website","url":"https:\/\/www.toisenlainenlahja.fi\/","name":"Annorlunda G\u00e5va","description":"","publisher":{"@id":"https:\/\/www.toisenlainenlahja.fi\/#organization"},"potentialAction":[{"@type":"SearchAction","target":{"@type":"EntryPoint","urlTemplate":"https:\/\/www.toisenlainenlahja.fi\/?s={search_term_string}"},"query-input":{"@type":"PropertyValueSpecification","valueRequired":true,"valueName":"search_term_string"}}],"inLanguage":"sv-SE"},{"@type":"Organization","@id":"https:\/\/www.toisenlainenlahja.fi\/#organization","name":"Annorlunda G\u00e5va","url":"https:\/\/www.toisenlainenlahja.fi\/","logo":{"@type":"ImageObject","inLanguage":"sv-SE","@id":"https:\/\/www.toisenlainenlahja.fi\/#\/schema\/logo\/image\/","url":"https:\/\/www.toisenlainenlahja.fi\/wp-content\/uploads\/2021\/10\/logo-tl-sv-1.svg","contentUrl":"https:\/\/www.toisenlainenlahja.fi\/wp-content\/uploads\/2021\/10\/logo-tl-sv-1.svg","width":277,"height":30,"caption":"Annorlunda G\u00e5va"},"image":{"@id":"https:\/\/www.toisenlainenlahja.fi\/#\/schema\/logo\/image\/"}}]}},"_links":{"self":[{"href":"https:\/\/www.toisenlainenlahja.fi\/sv\/wp-json\/wp\/v2\/product\/2341","targetHints":{"allow":["GET"]}}],"collection":[{"href":"https:\/\/www.toisenlainenlahja.fi\/sv\/wp-json\/wp\/v2\/product"}],"about":[{"href":"https:\/\/www.toisenlainenlahja.fi\/sv\/wp-json\/wp\/v2\/types\/product"}],"replies":[{"embeddable":true,"href":"https:\/\/www.toisenlainenlahja.fi\/sv\/wp-json\/wp\/v2\/comments?post=2341"}],"wp:featuredmedia":[{"embeddable":true,"href":"https:\/\/www.toisenlainenlahja.fi\/sv\/wp-json\/wp\/v2\/media\/4527"}],"wp:attachment":[{"href":"https:\/\/www.toisenlainenlahja.fi\/sv\/wp-json\/wp\/v2\/media?parent=2341"}],"wp:term":[{"taxonomy":"product_brand","embeddable":true,"href":"https:\/\/www.toisenlainenlahja.fi\/sv\/wp-json\/wp\/v2\/product_brand?post=2341"},{"taxonomy":"product_cat","embeddable":true,"href":"https:\/\/www.toisenlainenlahja.fi\/sv\/wp-json\/wp\/v2\/product_cat?post=2341"},{"taxonomy":"product_tag","embeddable":true,"href":"https:\/\/www.toisenlainenlahja.fi\/sv\/wp-json\/wp\/v2\/product_tag?post=2341"}],"curies":[{"name":"wp","href":"https:\/\/api.w.org\/{rel}","templated":true}]}}