{"id":2346,"date":"2013-09-10T12:04:05","date_gmt":"2013-09-10T09:04:05","guid":{"rendered":"https:\/\/www.toisenlainenlahja.fi\/tuote\/filtar-till-barnen-i-en-by\/"},"modified":"2025-11-21T06:43:07","modified_gmt":"2025-11-21T04:43:07","slug":"filtar-till-barnen-i-en-by","status":"publish","type":"product","link":"https:\/\/www.toisenlainenlahja.fi\/sv\/produkt\/filtar-till-barnen-i-en-by\/","title":{"rendered":"Filtar till barnen i en by"},"content":{"rendered":"<p>Krig och naturkatastrofer kommer oinbjudna och \u00f6verraskande. N\u00e4r katastrofen sl\u00e5r till \u00e4r n\u00f6den enorm.<\/p>\n<p>I kalla f\u00f6rh\u00e5llanden \u00e4r en filt livsviktig och kan r\u00e4dda liv. G\u00e5van Filtar till barnen i en by g\u00f6r det m\u00f6jligt att sk\u00e4nka hundra varma filtar till m\u00e4nniskor i katastrofomr\u00e5den. Dessutom f\u00f6rser Kyrkans Utlandshj\u00e4lp katastrofernas offer med bland annat skydd, rent vatten och mediciner.<\/p>\n<p>Tack vare denna g\u00e5va kan Kyrkans Utlandshj\u00e4lp hj\u00e4lpa b\u00e5de under den akuta n\u00f6den och efter\u00e5t, tills livet \u00e5ter kommer p\u00e5 r\u00e4tt k\u00f6l.<\/p>\n","protected":false},"excerpt":{"rendered":"<p>Filtarna skyddar barnen fr\u00e5n k\u00f6lden i katastrofomr\u00e5den och flyktingl\u00e4ger. Du v\u00e4rmer barnen mitt i n\u00f6den.<\/p>\n","protected":false},"featured_media":4491,"comment_status":"closed","ping_status":"closed","template":"","meta":{"_acf_changed":false},"product_brand":[],"product_cat":[94,88],"product_tag":[],"class_list":{"0":"post-2346","1":"product","2":"type-product","3":"status-publish","4":"has-post-thumbnail","6":"product_cat-foretagsgavor","7":"product_cat-katastrofhjalpen","9":"first","10":"instock","11":"purchasable","12":"product-type-simple"},"acf":[],"yoast_head":"<!-- This site is optimized with the Yoast SEO plugin v27.1.1 - https:\/\/yoast.com\/product\/yoast-seo-wordpress\/ -->\n<title>Filtar till barnen i en by - Annorlunda G\u00e5va<\/title>\n<meta name=\"description\" content=\"Tack vare denna g\u00e5va kan Kyrkans Utlandshj\u00e4lp hj\u00e4lpa b\u00e5de under den akuta n\u00f6den och efter\u00e5t, tills livet \u00e5ter kommer p\u00e5 r\u00e4tt k\u00f6l.\" \/>\n<meta name=\"robots\" content=\"index, follow, max-snippet:-1, max-image-preview:large, max-video-preview:-1\" \/>\n<link rel=\"canonical\" href=\"https:\/\/www.toisenlainenlahja.fi\/sv\/produkt\/filtar-till-barnen-i-en-by\/\" \/>\n<meta property=\"og:locale\" content=\"sv_SE\" \/>\n<meta property=\"og:type\" content=\"article\" \/>\n<meta property=\"og:title\" content=\"Filtar till barnen i en by - Annorlunda G\u00e5va\" \/>\n<meta property=\"og:description\" content=\"Tack vare denna g\u00e5va kan Kyrkans Utlandshj\u00e4lp hj\u00e4lpa b\u00e5de under den akuta n\u00f6den och efter\u00e5t, tills livet \u00e5ter kommer p\u00e5 r\u00e4tt k\u00f6l.\" \/>\n<meta property=\"og:url\" content=\"https:\/\/www.toisenlainenlahja.fi\/sv\/produkt\/filtar-till-barnen-i-en-by\/\" \/>\n<meta property=\"og:site_name\" content=\"Annorlunda G\u00e5va\" \/>\n<meta property=\"article:modified_time\" content=\"2025-11-21T04:43:07+00:00\" \/>\n<meta property=\"og:image\" content=\"https:\/\/www.toisenlainenlahja.fi\/wp-content\/uploads\/2013\/09\/TL_huovat_kyla\u2560en_lapsille_600.png\" \/>\n\t<meta property=\"og:image:width\" content=\"600\" \/>\n\t<meta property=\"og:image:height\" content=\"600\" \/>\n\t<meta property=\"og:image:type\" content=\"image\/png\" \/>\n<meta name=\"twitter:card\" content=\"summary_large_image\" \/>\n<meta name=\"twitter:label1\" content=\"Ber\u00e4knad l\u00e4stid\" \/>\n\t<meta name=\"twitter:data1\" content=\"2 minuter\" \/>\n<script type=\"application\/ld+json\" class=\"yoast-schema-graph\">{\"@context\":\"https:\/\/schema.org\",\"@graph\":[{\"@type\":\"WebPage\",\"@id\":\"https:\/\/www.toisenlainenlahja.fi\/sv\/produkt\/filtar-till-barnen-i-en-by\/\",\"url\":\"https:\/\/www.toisenlainenlahja.fi\/sv\/produkt\/filtar-till-barnen-i-en-by\/\",\"name\":\"Filtar till barnen i en by - Annorlunda G\u00e5va\",\"isPartOf\":{\"@id\":\"https:\/\/www.toisenlainenlahja.fi\/#website\"},\"primaryImageOfPage\":{\"@id\":\"https:\/\/www.toisenlainenlahja.fi\/sv\/produkt\/filtar-till-barnen-i-en-by\/#primaryimage\"},\"image\":{\"@id\":\"https:\/\/www.toisenlainenlahja.fi\/sv\/produkt\/filtar-till-barnen-i-en-by\/#primaryimage\"},\"thumbnailUrl\":\"https:\/\/www.toisenlainenlahja.fi\/wp-content\/uploads\/2013\/09\/TL_huovat_kyla\u2560en_lapsille_600.png\",\"datePublished\":\"2013-09-10T09:04:05+00:00\",\"dateModified\":\"2025-11-21T04:43:07+00:00\",\"description\":\"Tack vare denna g\u00e5va kan Kyrkans Utlandshj\u00e4lp hj\u00e4lpa b\u00e5de under den akuta n\u00f6den och efter\u00e5t, tills livet \u00e5ter kommer p\u00e5 r\u00e4tt k\u00f6l.\",\"breadcrumb\":{\"@id\":\"https:\/\/www.toisenlainenlahja.fi\/sv\/produkt\/filtar-till-barnen-i-en-by\/#breadcrumb\"},\"inLanguage\":\"sv-SE\",\"potentialAction\":[{\"@type\":\"ReadAction\",\"target\":[\"https:\/\/www.toisenlainenlahja.fi\/sv\/produkt\/filtar-till-barnen-i-en-by\/\"]}]},{\"@type\":\"ImageObject\",\"inLanguage\":\"sv-SE\",\"@id\":\"https:\/\/www.toisenlainenlahja.fi\/sv\/produkt\/filtar-till-barnen-i-en-by\/#primaryimage\",\"url\":\"https:\/\/www.toisenlainenlahja.fi\/wp-content\/uploads\/2013\/09\/TL_huovat_kyla\u2560en_lapsille_600.png\",\"contentUrl\":\"https:\/\/www.toisenlainenlahja.fi\/wp-content\/uploads\/2013\/09\/TL_huovat_kyla\u2560en_lapsille_600.png\",\"width\":600,\"height\":600},{\"@type\":\"BreadcrumbList\",\"@id\":\"https:\/\/www.toisenlainenlahja.fi\/sv\/produkt\/filtar-till-barnen-i-en-by\/#breadcrumb\",\"itemListElement\":[{\"@type\":\"ListItem\",\"position\":1,\"name\":\"G\u00e5vor\",\"item\":\"https:\/\/www.toisenlainenlahja.fi\/sv\/gavor\/\"},{\"@type\":\"ListItem\",\"position\":2,\"name\":\"Filtar till barnen i en by\"}]},{\"@type\":\"WebSite\",\"@id\":\"https:\/\/www.toisenlainenlahja.fi\/#website\",\"url\":\"https:\/\/www.toisenlainenlahja.fi\/\",\"name\":\"Annorlunda G\u00e5va\",\"description\":\"\",\"publisher\":{\"@id\":\"https:\/\/www.toisenlainenlahja.fi\/#organization\"},\"potentialAction\":[{\"@type\":\"SearchAction\",\"target\":{\"@type\":\"EntryPoint\",\"urlTemplate\":\"https:\/\/www.toisenlainenlahja.fi\/?s={search_term_string}\"},\"query-input\":{\"@type\":\"PropertyValueSpecification\",\"valueRequired\":true,\"valueName\":\"search_term_string\"}}],\"inLanguage\":\"sv-SE\"},{\"@type\":\"Organization\",\"@id\":\"https:\/\/www.toisenlainenlahja.fi\/#organization\",\"name\":\"Annorlunda G\u00e5va\",\"url\":\"https:\/\/www.toisenlainenlahja.fi\/\",\"logo\":{\"@type\":\"ImageObject\",\"inLanguage\":\"sv-SE\",\"@id\":\"https:\/\/www.toisenlainenlahja.fi\/#\/schema\/logo\/image\/\",\"url\":\"https:\/\/www.toisenlainenlahja.fi\/wp-content\/uploads\/2021\/10\/logo-tl-sv-1.svg\",\"contentUrl\":\"https:\/\/www.toisenlainenlahja.fi\/wp-content\/uploads\/2021\/10\/logo-tl-sv-1.svg\",\"width\":277,\"height\":30,\"caption\":\"Annorlunda G\u00e5va\"},\"image\":{\"@id\":\"https:\/\/www.toisenlainenlahja.fi\/#\/schema\/logo\/image\/\"}}]}<\/script>\n<!-- \/ Yoast SEO plugin. -->","yoast_head_json":{"title":"Filtar till barnen i en by - Annorlunda G\u00e5va","description":"Tack vare denna g\u00e5va kan Kyrkans Utlandshj\u00e4lp hj\u00e4lpa b\u00e5de under den akuta n\u00f6den och efter\u00e5t, tills livet \u00e5ter kommer p\u00e5 r\u00e4tt k\u00f6l.","robots":{"index":"index","follow":"follow","max-snippet":"max-snippet:-1","max-image-preview":"max-image-preview:large","max-video-preview":"max-video-preview:-1"},"canonical":"https:\/\/www.toisenlainenlahja.fi\/sv\/produkt\/filtar-till-barnen-i-en-by\/","og_locale":"sv_SE","og_type":"article","og_title":"Filtar till barnen i en by - Annorlunda G\u00e5va","og_description":"Tack vare denna g\u00e5va kan Kyrkans Utlandshj\u00e4lp hj\u00e4lpa b\u00e5de under den akuta n\u00f6den och efter\u00e5t, tills livet \u00e5ter kommer p\u00e5 r\u00e4tt k\u00f6l.","og_url":"https:\/\/www.toisenlainenlahja.fi\/sv\/produkt\/filtar-till-barnen-i-en-by\/","og_site_name":"Annorlunda G\u00e5va","article_modified_time":"2025-11-21T04:43:07+00:00","og_image":[{"width":600,"height":600,"url":"https:\/\/www.toisenlainenlahja.fi\/wp-content\/uploads\/2013\/09\/TL_huovat_kyla\u2560en_lapsille_600.png","type":"image\/png"}],"twitter_card":"summary_large_image","twitter_misc":{"Ber\u00e4knad l\u00e4stid":"2 minuter"},"schema":{"@context":"https:\/\/schema.org","@graph":[{"@type":"WebPage","@id":"https:\/\/www.toisenlainenlahja.fi\/sv\/produkt\/filtar-till-barnen-i-en-by\/","url":"https:\/\/www.toisenlainenlahja.fi\/sv\/produkt\/filtar-till-barnen-i-en-by\/","name":"Filtar till barnen i en by - Annorlunda G\u00e5va","isPartOf":{"@id":"https:\/\/www.toisenlainenlahja.fi\/#website"},"primaryImageOfPage":{"@id":"https:\/\/www.toisenlainenlahja.fi\/sv\/produkt\/filtar-till-barnen-i-en-by\/#primaryimage"},"image":{"@id":"https:\/\/www.toisenlainenlahja.fi\/sv\/produkt\/filtar-till-barnen-i-en-by\/#primaryimage"},"thumbnailUrl":"https:\/\/www.toisenlainenlahja.fi\/wp-content\/uploads\/2013\/09\/TL_huovat_kyla\u2560en_lapsille_600.png","datePublished":"2013-09-10T09:04:05+00:00","dateModified":"2025-11-21T04:43:07+00:00","description":"Tack vare denna g\u00e5va kan Kyrkans Utlandshj\u00e4lp hj\u00e4lpa b\u00e5de under den akuta n\u00f6den och efter\u00e5t, tills livet \u00e5ter kommer p\u00e5 r\u00e4tt k\u00f6l.","breadcrumb":{"@id":"https:\/\/www.toisenlainenlahja.fi\/sv\/produkt\/filtar-till-barnen-i-en-by\/#breadcrumb"},"inLanguage":"sv-SE","potentialAction":[{"@type":"ReadAction","target":["https:\/\/www.toisenlainenlahja.fi\/sv\/produkt\/filtar-till-barnen-i-en-by\/"]}]},{"@type":"ImageObject","inLanguage":"sv-SE","@id":"https:\/\/www.toisenlainenlahja.fi\/sv\/produkt\/filtar-till-barnen-i-en-by\/#primaryimage","url":"https:\/\/www.toisenlainenlahja.fi\/wp-content\/uploads\/2013\/09\/TL_huovat_kyla\u2560en_lapsille_600.png","contentUrl":"https:\/\/www.toisenlainenlahja.fi\/wp-content\/uploads\/2013\/09\/TL_huovat_kyla\u2560en_lapsille_600.png","width":600,"height":600},{"@type":"BreadcrumbList","@id":"https:\/\/www.toisenlainenlahja.fi\/sv\/produkt\/filtar-till-barnen-i-en-by\/#breadcrumb","itemListElement":[{"@type":"ListItem","position":1,"name":"G\u00e5vor","item":"https:\/\/www.toisenlainenlahja.fi\/sv\/gavor\/"},{"@type":"ListItem","position":2,"name":"Filtar till barnen i en by"}]},{"@type":"WebSite","@id":"https:\/\/www.toisenlainenlahja.fi\/#website","url":"https:\/\/www.toisenlainenlahja.fi\/","name":"Annorlunda G\u00e5va","description":"","publisher":{"@id":"https:\/\/www.toisenlainenlahja.fi\/#organization"},"potentialAction":[{"@type":"SearchAction","target":{"@type":"EntryPoint","urlTemplate":"https:\/\/www.toisenlainenlahja.fi\/?s={search_term_string}"},"query-input":{"@type":"PropertyValueSpecification","valueRequired":true,"valueName":"search_term_string"}}],"inLanguage":"sv-SE"},{"@type":"Organization","@id":"https:\/\/www.toisenlainenlahja.fi\/#organization","name":"Annorlunda G\u00e5va","url":"https:\/\/www.toisenlainenlahja.fi\/","logo":{"@type":"ImageObject","inLanguage":"sv-SE","@id":"https:\/\/www.toisenlainenlahja.fi\/#\/schema\/logo\/image\/","url":"https:\/\/www.toisenlainenlahja.fi\/wp-content\/uploads\/2021\/10\/logo-tl-sv-1.svg","contentUrl":"https:\/\/www.toisenlainenlahja.fi\/wp-content\/uploads\/2021\/10\/logo-tl-sv-1.svg","width":277,"height":30,"caption":"Annorlunda G\u00e5va"},"image":{"@id":"https:\/\/www.toisenlainenlahja.fi\/#\/schema\/logo\/image\/"}}]}},"_links":{"self":[{"href":"https:\/\/www.toisenlainenlahja.fi\/sv\/wp-json\/wp\/v2\/product\/2346","targetHints":{"allow":["GET"]}}],"collection":[{"href":"https:\/\/www.toisenlainenlahja.fi\/sv\/wp-json\/wp\/v2\/product"}],"about":[{"href":"https:\/\/www.toisenlainenlahja.fi\/sv\/wp-json\/wp\/v2\/types\/product"}],"replies":[{"embeddable":true,"href":"https:\/\/www.toisenlainenlahja.fi\/sv\/wp-json\/wp\/v2\/comments?post=2346"}],"wp:featuredmedia":[{"embeddable":true,"href":"https:\/\/www.toisenlainenlahja.fi\/sv\/wp-json\/wp\/v2\/media\/4491"}],"wp:attachment":[{"href":"https:\/\/www.toisenlainenlahja.fi\/sv\/wp-json\/wp\/v2\/media?parent=2346"}],"wp:term":[{"taxonomy":"product_brand","embeddable":true,"href":"https:\/\/www.toisenlainenlahja.fi\/sv\/wp-json\/wp\/v2\/product_brand?post=2346"},{"taxonomy":"product_cat","embeddable":true,"href":"https:\/\/www.toisenlainenlahja.fi\/sv\/wp-json\/wp\/v2\/product_cat?post=2346"},{"taxonomy":"product_tag","embeddable":true,"href":"https:\/\/www.toisenlainenlahja.fi\/sv\/wp-json\/wp\/v2\/product_tag?post=2346"}],"curies":[{"name":"wp","href":"https:\/\/api.w.org\/{rel}","templated":true}]}}