{"id":2347,"date":"2013-09-10T12:17:49","date_gmt":"2013-09-10T09:17:49","guid":{"rendered":"https:\/\/www.toisenlainenlahja.fi\/tuote\/200-honor\/"},"modified":"2025-11-21T06:42:19","modified_gmt":"2025-11-21T04:42:19","slug":"200-honor","status":"publish","type":"product","link":"https:\/\/www.toisenlainenlahja.fi\/sv\/produkt\/200-honor\/","title":{"rendered":"200 h\u00f6nor"},"content":{"rendered":"<p>I utvecklingsl\u00e4nderna ansvarar kvinnorna f\u00f6r hush\u00e5llet och inf\u00f6rskaffandet av mat. De dagliga sysslorna s\u00e5som att h\u00e4mta vatten och ved, st\u00e4da hemmet samt matlagning tar en stor del av kvinnans dag. H\u00f6nsuppf\u00f6dning \u00e4r dock l\u00e4tt och l\u00e4mnar tid \u00f6ver f\u00f6r de andra g\u00f6rom\u00e5len.<\/p>\n<p>H\u00f6nsuppf\u00f6dningen och -sk\u00f6tseln medf\u00f6r inga stora utgifter eftersom h\u00f6nsfoder \u00e4r relativt billig. Uppf\u00f6dningen ger \u00f6kade inkomster d\u00e5 familjen kan s\u00e4lja \u00e4gg och h\u00f6nor. H\u00f6norna och \u00e4ggen ger ocks\u00e5 familjerna sj\u00e4lva n\u00e4ringsrik mat.<\/p>\n<p>Med en Annorlunda G\u00e5va hj\u00e4lper du fattiga familjer att f\u00e5 en utkomstm\u00f6jlighet.<\/p>\n","protected":false},"excerpt":{"rendered":"<p>H\u00f6nsuppf\u00f6dning \u00e4r ett bra och enkelt s\u00e4tt f\u00f6r kvinnor att skaffa sig en utkomst. St\u00f6d u-landskvinnor och deras familjer genom att sk\u00e4nka 200 h\u00f6nor.<\/p>\n","protected":false},"featured_media":4459,"comment_status":"closed","ping_status":"closed","template":"","meta":{"_acf_changed":false},"product_brand":[],"product_cat":[94,92],"product_tag":[],"class_list":{"0":"post-2347","1":"product","2":"type-product","3":"status-publish","4":"has-post-thumbnail","6":"product_cat-foretagsgavor","7":"product_cat-levebrod","9":"first","10":"instock","11":"purchasable","12":"product-type-simple"},"acf":[],"yoast_head":"<!-- This site is optimized with the Yoast SEO plugin v27.3 - https:\/\/yoast.com\/product\/yoast-seo-wordpress\/ -->\n<title>200 h\u00f6nor - Annorlunda G\u00e5va<\/title>\n<meta name=\"description\" content=\"Med en Annorlunda G\u00e5va hj\u00e4lper du fattiga familjer att f\u00e5 en utkomstm\u00f6jlighet.\" \/>\n<meta name=\"robots\" content=\"index, follow, max-snippet:-1, max-image-preview:large, max-video-preview:-1\" \/>\n<link rel=\"canonical\" href=\"https:\/\/www.toisenlainenlahja.fi\/sv\/produkt\/200-honor\/\" \/>\n<meta property=\"og:locale\" content=\"sv_SE\" \/>\n<meta property=\"og:type\" content=\"article\" \/>\n<meta property=\"og:title\" content=\"200 h\u00f6nor - Annorlunda G\u00e5va\" \/>\n<meta property=\"og:description\" content=\"Med en Annorlunda G\u00e5va hj\u00e4lper du fattiga familjer att f\u00e5 en utkomstm\u00f6jlighet.\" \/>\n<meta property=\"og:url\" content=\"https:\/\/www.toisenlainenlahja.fi\/sv\/produkt\/200-honor\/\" \/>\n<meta property=\"og:site_name\" content=\"Annorlunda G\u00e5va\" \/>\n<meta property=\"article:modified_time\" content=\"2025-11-21T04:42:19+00:00\" \/>\n<meta property=\"og:image\" content=\"https:\/\/www.toisenlainenlahja.fi\/wp-content\/uploads\/2013\/09\/TL_200_kanaa_600.png\" \/>\n\t<meta property=\"og:image:width\" content=\"600\" \/>\n\t<meta property=\"og:image:height\" content=\"600\" \/>\n\t<meta property=\"og:image:type\" content=\"image\/png\" \/>\n<meta name=\"twitter:card\" content=\"summary_large_image\" \/>\n<meta name=\"twitter:label1\" content=\"Ber\u00e4knad l\u00e4stid\" \/>\n\t<meta name=\"twitter:data1\" content=\"2 minuter\" \/>\n<script type=\"application\/ld+json\" class=\"yoast-schema-graph\">{\"@context\":\"https:\\\/\\\/schema.org\",\"@graph\":[{\"@type\":\"WebPage\",\"@id\":\"https:\\\/\\\/www.toisenlainenlahja.fi\\\/sv\\\/produkt\\\/200-honor\\\/\",\"url\":\"https:\\\/\\\/www.toisenlainenlahja.fi\\\/sv\\\/produkt\\\/200-honor\\\/\",\"name\":\"200 h\u00f6nor - Annorlunda G\u00e5va\",\"isPartOf\":{\"@id\":\"https:\\\/\\\/www.toisenlainenlahja.fi\\\/#website\"},\"primaryImageOfPage\":{\"@id\":\"https:\\\/\\\/www.toisenlainenlahja.fi\\\/sv\\\/produkt\\\/200-honor\\\/#primaryimage\"},\"image\":{\"@id\":\"https:\\\/\\\/www.toisenlainenlahja.fi\\\/sv\\\/produkt\\\/200-honor\\\/#primaryimage\"},\"thumbnailUrl\":\"https:\\\/\\\/www.toisenlainenlahja.fi\\\/wp-content\\\/uploads\\\/2013\\\/09\\\/TL_200_kanaa_600.png\",\"datePublished\":\"2013-09-10T09:17:49+00:00\",\"dateModified\":\"2025-11-21T04:42:19+00:00\",\"description\":\"Med en Annorlunda G\u00e5va hj\u00e4lper du fattiga familjer att f\u00e5 en utkomstm\u00f6jlighet.\",\"breadcrumb\":{\"@id\":\"https:\\\/\\\/www.toisenlainenlahja.fi\\\/sv\\\/produkt\\\/200-honor\\\/#breadcrumb\"},\"inLanguage\":\"sv-SE\",\"potentialAction\":[{\"@type\":\"ReadAction\",\"target\":[\"https:\\\/\\\/www.toisenlainenlahja.fi\\\/sv\\\/produkt\\\/200-honor\\\/\"]}]},{\"@type\":\"ImageObject\",\"inLanguage\":\"sv-SE\",\"@id\":\"https:\\\/\\\/www.toisenlainenlahja.fi\\\/sv\\\/produkt\\\/200-honor\\\/#primaryimage\",\"url\":\"https:\\\/\\\/www.toisenlainenlahja.fi\\\/wp-content\\\/uploads\\\/2013\\\/09\\\/TL_200_kanaa_600.png\",\"contentUrl\":\"https:\\\/\\\/www.toisenlainenlahja.fi\\\/wp-content\\\/uploads\\\/2013\\\/09\\\/TL_200_kanaa_600.png\",\"width\":600,\"height\":600},{\"@type\":\"BreadcrumbList\",\"@id\":\"https:\\\/\\\/www.toisenlainenlahja.fi\\\/sv\\\/produkt\\\/200-honor\\\/#breadcrumb\",\"itemListElement\":[{\"@type\":\"ListItem\",\"position\":1,\"name\":\"G\u00e5vor\",\"item\":\"https:\\\/\\\/www.toisenlainenlahja.fi\\\/sv\\\/gavor\\\/\"},{\"@type\":\"ListItem\",\"position\":2,\"name\":\"200 h\u00f6nor\"}]},{\"@type\":\"WebSite\",\"@id\":\"https:\\\/\\\/www.toisenlainenlahja.fi\\\/#website\",\"url\":\"https:\\\/\\\/www.toisenlainenlahja.fi\\\/\",\"name\":\"Annorlunda G\u00e5va\",\"description\":\"\",\"publisher\":{\"@id\":\"https:\\\/\\\/www.toisenlainenlahja.fi\\\/#organization\"},\"potentialAction\":[{\"@type\":\"SearchAction\",\"target\":{\"@type\":\"EntryPoint\",\"urlTemplate\":\"https:\\\/\\\/www.toisenlainenlahja.fi\\\/?s={search_term_string}\"},\"query-input\":{\"@type\":\"PropertyValueSpecification\",\"valueRequired\":true,\"valueName\":\"search_term_string\"}}],\"inLanguage\":\"sv-SE\"},{\"@type\":\"Organization\",\"@id\":\"https:\\\/\\\/www.toisenlainenlahja.fi\\\/#organization\",\"name\":\"Annorlunda G\u00e5va\",\"url\":\"https:\\\/\\\/www.toisenlainenlahja.fi\\\/\",\"logo\":{\"@type\":\"ImageObject\",\"inLanguage\":\"sv-SE\",\"@id\":\"https:\\\/\\\/www.toisenlainenlahja.fi\\\/#\\\/schema\\\/logo\\\/image\\\/\",\"url\":\"https:\\\/\\\/www.toisenlainenlahja.fi\\\/wp-content\\\/uploads\\\/2021\\\/10\\\/logo-tl-sv-1.svg\",\"contentUrl\":\"https:\\\/\\\/www.toisenlainenlahja.fi\\\/wp-content\\\/uploads\\\/2021\\\/10\\\/logo-tl-sv-1.svg\",\"width\":277,\"height\":30,\"caption\":\"Annorlunda G\u00e5va\"},\"image\":{\"@id\":\"https:\\\/\\\/www.toisenlainenlahja.fi\\\/#\\\/schema\\\/logo\\\/image\\\/\"}}]}<\/script>\n<!-- \/ Yoast SEO plugin. -->","yoast_head_json":{"title":"200 h\u00f6nor - Annorlunda G\u00e5va","description":"Med en Annorlunda G\u00e5va hj\u00e4lper du fattiga familjer att f\u00e5 en utkomstm\u00f6jlighet.","robots":{"index":"index","follow":"follow","max-snippet":"max-snippet:-1","max-image-preview":"max-image-preview:large","max-video-preview":"max-video-preview:-1"},"canonical":"https:\/\/www.toisenlainenlahja.fi\/sv\/produkt\/200-honor\/","og_locale":"sv_SE","og_type":"article","og_title":"200 h\u00f6nor - Annorlunda G\u00e5va","og_description":"Med en Annorlunda G\u00e5va hj\u00e4lper du fattiga familjer att f\u00e5 en utkomstm\u00f6jlighet.","og_url":"https:\/\/www.toisenlainenlahja.fi\/sv\/produkt\/200-honor\/","og_site_name":"Annorlunda G\u00e5va","article_modified_time":"2025-11-21T04:42:19+00:00","og_image":[{"width":600,"height":600,"url":"https:\/\/www.toisenlainenlahja.fi\/wp-content\/uploads\/2013\/09\/TL_200_kanaa_600.png","type":"image\/png"}],"twitter_card":"summary_large_image","twitter_misc":{"Ber\u00e4knad l\u00e4stid":"2 minuter"},"schema":{"@context":"https:\/\/schema.org","@graph":[{"@type":"WebPage","@id":"https:\/\/www.toisenlainenlahja.fi\/sv\/produkt\/200-honor\/","url":"https:\/\/www.toisenlainenlahja.fi\/sv\/produkt\/200-honor\/","name":"200 h\u00f6nor - Annorlunda G\u00e5va","isPartOf":{"@id":"https:\/\/www.toisenlainenlahja.fi\/#website"},"primaryImageOfPage":{"@id":"https:\/\/www.toisenlainenlahja.fi\/sv\/produkt\/200-honor\/#primaryimage"},"image":{"@id":"https:\/\/www.toisenlainenlahja.fi\/sv\/produkt\/200-honor\/#primaryimage"},"thumbnailUrl":"https:\/\/www.toisenlainenlahja.fi\/wp-content\/uploads\/2013\/09\/TL_200_kanaa_600.png","datePublished":"2013-09-10T09:17:49+00:00","dateModified":"2025-11-21T04:42:19+00:00","description":"Med en Annorlunda G\u00e5va hj\u00e4lper du fattiga familjer att f\u00e5 en utkomstm\u00f6jlighet.","breadcrumb":{"@id":"https:\/\/www.toisenlainenlahja.fi\/sv\/produkt\/200-honor\/#breadcrumb"},"inLanguage":"sv-SE","potentialAction":[{"@type":"ReadAction","target":["https:\/\/www.toisenlainenlahja.fi\/sv\/produkt\/200-honor\/"]}]},{"@type":"ImageObject","inLanguage":"sv-SE","@id":"https:\/\/www.toisenlainenlahja.fi\/sv\/produkt\/200-honor\/#primaryimage","url":"https:\/\/www.toisenlainenlahja.fi\/wp-content\/uploads\/2013\/09\/TL_200_kanaa_600.png","contentUrl":"https:\/\/www.toisenlainenlahja.fi\/wp-content\/uploads\/2013\/09\/TL_200_kanaa_600.png","width":600,"height":600},{"@type":"BreadcrumbList","@id":"https:\/\/www.toisenlainenlahja.fi\/sv\/produkt\/200-honor\/#breadcrumb","itemListElement":[{"@type":"ListItem","position":1,"name":"G\u00e5vor","item":"https:\/\/www.toisenlainenlahja.fi\/sv\/gavor\/"},{"@type":"ListItem","position":2,"name":"200 h\u00f6nor"}]},{"@type":"WebSite","@id":"https:\/\/www.toisenlainenlahja.fi\/#website","url":"https:\/\/www.toisenlainenlahja.fi\/","name":"Annorlunda G\u00e5va","description":"","publisher":{"@id":"https:\/\/www.toisenlainenlahja.fi\/#organization"},"potentialAction":[{"@type":"SearchAction","target":{"@type":"EntryPoint","urlTemplate":"https:\/\/www.toisenlainenlahja.fi\/?s={search_term_string}"},"query-input":{"@type":"PropertyValueSpecification","valueRequired":true,"valueName":"search_term_string"}}],"inLanguage":"sv-SE"},{"@type":"Organization","@id":"https:\/\/www.toisenlainenlahja.fi\/#organization","name":"Annorlunda G\u00e5va","url":"https:\/\/www.toisenlainenlahja.fi\/","logo":{"@type":"ImageObject","inLanguage":"sv-SE","@id":"https:\/\/www.toisenlainenlahja.fi\/#\/schema\/logo\/image\/","url":"https:\/\/www.toisenlainenlahja.fi\/wp-content\/uploads\/2021\/10\/logo-tl-sv-1.svg","contentUrl":"https:\/\/www.toisenlainenlahja.fi\/wp-content\/uploads\/2021\/10\/logo-tl-sv-1.svg","width":277,"height":30,"caption":"Annorlunda G\u00e5va"},"image":{"@id":"https:\/\/www.toisenlainenlahja.fi\/#\/schema\/logo\/image\/"}}]}},"_links":{"self":[{"href":"https:\/\/www.toisenlainenlahja.fi\/sv\/wp-json\/wp\/v2\/product\/2347","targetHints":{"allow":["GET"]}}],"collection":[{"href":"https:\/\/www.toisenlainenlahja.fi\/sv\/wp-json\/wp\/v2\/product"}],"about":[{"href":"https:\/\/www.toisenlainenlahja.fi\/sv\/wp-json\/wp\/v2\/types\/product"}],"replies":[{"embeddable":true,"href":"https:\/\/www.toisenlainenlahja.fi\/sv\/wp-json\/wp\/v2\/comments?post=2347"}],"wp:featuredmedia":[{"embeddable":true,"href":"https:\/\/www.toisenlainenlahja.fi\/sv\/wp-json\/wp\/v2\/media\/4459"}],"wp:attachment":[{"href":"https:\/\/www.toisenlainenlahja.fi\/sv\/wp-json\/wp\/v2\/media?parent=2347"}],"wp:term":[{"taxonomy":"product_brand","embeddable":true,"href":"https:\/\/www.toisenlainenlahja.fi\/sv\/wp-json\/wp\/v2\/product_brand?post=2347"},{"taxonomy":"product_cat","embeddable":true,"href":"https:\/\/www.toisenlainenlahja.fi\/sv\/wp-json\/wp\/v2\/product_cat?post=2347"},{"taxonomy":"product_tag","embeddable":true,"href":"https:\/\/www.toisenlainenlahja.fi\/sv\/wp-json\/wp\/v2\/product_tag?post=2347"}],"curies":[{"name":"wp","href":"https:\/\/api.w.org\/{rel}","templated":true}]}}