{"id":2349,"date":"2020-10-13T08:54:34","date_gmt":"2020-10-13T05:54:34","guid":{"rendered":"https:\/\/www.toisenlainenlahja.fi\/tuote\/tvalar-till-hela-byn\/"},"modified":"2025-11-21T06:34:10","modified_gmt":"2025-11-21T04:34:10","slug":"tvalar-till-hela-byn","status":"publish","type":"product","link":"https:\/\/www.toisenlainenlahja.fi\/sv\/produkt\/tvalar-till-hela-byn\/","title":{"rendered":"Tv\u00e5lar till hela byn"},"content":{"rendered":"<p data-favro-document-key=\"5f476faad8c24d3cb33100ec\" data-pm-slice=\"1 1 []\"><span class=\"author\" data-authorid=\"6ksjnGeq5wce8mYSr\">Handtv\u00e4tt med tv\u00e5l \u00e4r det enklaste och mest effektiva s\u00e4ttet att h\u00e5lla sjukdomar borta!<\/span><\/p>\n<p><span class=\"author\" data-authorid=\"6ksjnGeq5wce8mYSr\">M\u00e5nga smittsamma sjukdomar sprider sig via h\u00e4nderna. Handtv\u00e4tt med tv\u00e5l och rent vatten \u00e4r ingen sj\u00e4lvklarhet i de allra fattigaste l\u00e4nderna. <\/span><\/p>\n<p><span class=\"author\" data-authorid=\"6ksjnGeq5wce8mYSr\">Med hj\u00e4lp av tv\u00e5lg\u00e5van byggs stationer f\u00f6r handtv\u00e4tt i byar och skolor i u-l\u00e4nderna. Det ges ocks\u00e5 utbildning i god handhygien och delas ut tv\u00e5l till familjer. God handhygien och regelbunden handtv\u00e4tt bidrar till att undvika smittor.<\/span><\/p>\n","protected":false},"excerpt":{"rendered":"<p>M\u00e5nga sjukdomar smittar via h\u00e4nderna. Handtv\u00e4tt med tv\u00e5l \u00e4r det enklaste och mest effektiva s\u00e4ttet att h\u00e5lla sjukdomar borta!<\/p>\n","protected":false},"featured_media":4587,"comment_status":"closed","ping_status":"closed","template":"","meta":{"_acf_changed":false},"product_brand":[],"product_cat":[88,90],"product_tag":[],"class_list":{"0":"post-2349","1":"product","2":"type-product","3":"status-publish","4":"has-post-thumbnail","6":"product_cat-katastrofhjalpen","7":"product_cat-rent-vatten-och-hygien","9":"first","10":"instock","11":"purchasable","12":"product-type-simple"},"acf":[],"yoast_head":"<!-- This site is optimized with the Yoast SEO plugin v27.1.1 - https:\/\/yoast.com\/product\/yoast-seo-wordpress\/ -->\n<title>Tv\u00e5lar till hela byn - Annorlunda G\u00e5va<\/title>\n<meta name=\"description\" content=\"Med hj\u00e4lp av tv\u00e5lg\u00e5van byggs stationer f\u00f6r handtv\u00e4tt i byar och skolor i u-l\u00e4nderna.\" \/>\n<meta name=\"robots\" content=\"index, follow, max-snippet:-1, max-image-preview:large, max-video-preview:-1\" \/>\n<link rel=\"canonical\" href=\"https:\/\/www.toisenlainenlahja.fi\/sv\/produkt\/tvalar-till-hela-byn\/\" \/>\n<meta property=\"og:locale\" content=\"sv_SE\" \/>\n<meta property=\"og:type\" content=\"article\" \/>\n<meta property=\"og:title\" content=\"Tv\u00e5lar till hela byn - Annorlunda G\u00e5va\" \/>\n<meta property=\"og:description\" content=\"Med hj\u00e4lp av tv\u00e5lg\u00e5van byggs stationer f\u00f6r handtv\u00e4tt i byar och skolor i u-l\u00e4nderna.\" \/>\n<meta property=\"og:url\" content=\"https:\/\/www.toisenlainenlahja.fi\/sv\/produkt\/tvalar-till-hela-byn\/\" \/>\n<meta property=\"og:site_name\" content=\"Annorlunda G\u00e5va\" \/>\n<meta property=\"article:modified_time\" content=\"2025-11-21T04:34:10+00:00\" \/>\n<meta property=\"og:image\" content=\"https:\/\/www.toisenlainenlahja.fi\/wp-content\/uploads\/2013\/09\/TL_saippuat_koko_kyla\u2560elle_600.png\" \/>\n\t<meta property=\"og:image:width\" content=\"600\" \/>\n\t<meta property=\"og:image:height\" content=\"600\" \/>\n\t<meta property=\"og:image:type\" content=\"image\/png\" \/>\n<meta name=\"twitter:card\" content=\"summary_large_image\" \/>\n<meta name=\"twitter:label1\" content=\"Ber\u00e4knad l\u00e4stid\" \/>\n\t<meta name=\"twitter:data1\" content=\"2 minuter\" \/>\n<script type=\"application\/ld+json\" class=\"yoast-schema-graph\">{\"@context\":\"https:\/\/schema.org\",\"@graph\":[{\"@type\":\"WebPage\",\"@id\":\"https:\/\/www.toisenlainenlahja.fi\/sv\/produkt\/tvalar-till-hela-byn\/\",\"url\":\"https:\/\/www.toisenlainenlahja.fi\/sv\/produkt\/tvalar-till-hela-byn\/\",\"name\":\"Tv\u00e5lar till hela byn - Annorlunda G\u00e5va\",\"isPartOf\":{\"@id\":\"https:\/\/www.toisenlainenlahja.fi\/#website\"},\"primaryImageOfPage\":{\"@id\":\"https:\/\/www.toisenlainenlahja.fi\/sv\/produkt\/tvalar-till-hela-byn\/#primaryimage\"},\"image\":{\"@id\":\"https:\/\/www.toisenlainenlahja.fi\/sv\/produkt\/tvalar-till-hela-byn\/#primaryimage\"},\"thumbnailUrl\":\"https:\/\/www.toisenlainenlahja.fi\/wp-content\/uploads\/2013\/09\/TL_saippuat_koko_kyla\u2560elle_600.png\",\"datePublished\":\"2020-10-13T05:54:34+00:00\",\"dateModified\":\"2025-11-21T04:34:10+00:00\",\"description\":\"Med hj\u00e4lp av tv\u00e5lg\u00e5van byggs stationer f\u00f6r handtv\u00e4tt i byar och skolor i u-l\u00e4nderna.\",\"breadcrumb\":{\"@id\":\"https:\/\/www.toisenlainenlahja.fi\/sv\/produkt\/tvalar-till-hela-byn\/#breadcrumb\"},\"inLanguage\":\"sv-SE\",\"potentialAction\":[{\"@type\":\"ReadAction\",\"target\":[\"https:\/\/www.toisenlainenlahja.fi\/sv\/produkt\/tvalar-till-hela-byn\/\"]}]},{\"@type\":\"ImageObject\",\"inLanguage\":\"sv-SE\",\"@id\":\"https:\/\/www.toisenlainenlahja.fi\/sv\/produkt\/tvalar-till-hela-byn\/#primaryimage\",\"url\":\"https:\/\/www.toisenlainenlahja.fi\/wp-content\/uploads\/2013\/09\/TL_saippuat_koko_kyla\u2560elle_600.png\",\"contentUrl\":\"https:\/\/www.toisenlainenlahja.fi\/wp-content\/uploads\/2013\/09\/TL_saippuat_koko_kyla\u2560elle_600.png\",\"width\":600,\"height\":600},{\"@type\":\"BreadcrumbList\",\"@id\":\"https:\/\/www.toisenlainenlahja.fi\/sv\/produkt\/tvalar-till-hela-byn\/#breadcrumb\",\"itemListElement\":[{\"@type\":\"ListItem\",\"position\":1,\"name\":\"G\u00e5vor\",\"item\":\"https:\/\/www.toisenlainenlahja.fi\/sv\/gavor\/\"},{\"@type\":\"ListItem\",\"position\":2,\"name\":\"Tv\u00e5lar till hela byn\"}]},{\"@type\":\"WebSite\",\"@id\":\"https:\/\/www.toisenlainenlahja.fi\/#website\",\"url\":\"https:\/\/www.toisenlainenlahja.fi\/\",\"name\":\"Annorlunda G\u00e5va\",\"description\":\"\",\"publisher\":{\"@id\":\"https:\/\/www.toisenlainenlahja.fi\/#organization\"},\"potentialAction\":[{\"@type\":\"SearchAction\",\"target\":{\"@type\":\"EntryPoint\",\"urlTemplate\":\"https:\/\/www.toisenlainenlahja.fi\/?s={search_term_string}\"},\"query-input\":{\"@type\":\"PropertyValueSpecification\",\"valueRequired\":true,\"valueName\":\"search_term_string\"}}],\"inLanguage\":\"sv-SE\"},{\"@type\":\"Organization\",\"@id\":\"https:\/\/www.toisenlainenlahja.fi\/#organization\",\"name\":\"Annorlunda G\u00e5va\",\"url\":\"https:\/\/www.toisenlainenlahja.fi\/\",\"logo\":{\"@type\":\"ImageObject\",\"inLanguage\":\"sv-SE\",\"@id\":\"https:\/\/www.toisenlainenlahja.fi\/#\/schema\/logo\/image\/\",\"url\":\"https:\/\/www.toisenlainenlahja.fi\/wp-content\/uploads\/2021\/10\/logo-tl-sv-1.svg\",\"contentUrl\":\"https:\/\/www.toisenlainenlahja.fi\/wp-content\/uploads\/2021\/10\/logo-tl-sv-1.svg\",\"width\":277,\"height\":30,\"caption\":\"Annorlunda G\u00e5va\"},\"image\":{\"@id\":\"https:\/\/www.toisenlainenlahja.fi\/#\/schema\/logo\/image\/\"}}]}<\/script>\n<!-- \/ Yoast SEO plugin. -->","yoast_head_json":{"title":"Tv\u00e5lar till hela byn - Annorlunda G\u00e5va","description":"Med hj\u00e4lp av tv\u00e5lg\u00e5van byggs stationer f\u00f6r handtv\u00e4tt i byar och skolor i u-l\u00e4nderna.","robots":{"index":"index","follow":"follow","max-snippet":"max-snippet:-1","max-image-preview":"max-image-preview:large","max-video-preview":"max-video-preview:-1"},"canonical":"https:\/\/www.toisenlainenlahja.fi\/sv\/produkt\/tvalar-till-hela-byn\/","og_locale":"sv_SE","og_type":"article","og_title":"Tv\u00e5lar till hela byn - Annorlunda G\u00e5va","og_description":"Med hj\u00e4lp av tv\u00e5lg\u00e5van byggs stationer f\u00f6r handtv\u00e4tt i byar och skolor i u-l\u00e4nderna.","og_url":"https:\/\/www.toisenlainenlahja.fi\/sv\/produkt\/tvalar-till-hela-byn\/","og_site_name":"Annorlunda G\u00e5va","article_modified_time":"2025-11-21T04:34:10+00:00","og_image":[{"width":600,"height":600,"url":"https:\/\/www.toisenlainenlahja.fi\/wp-content\/uploads\/2013\/09\/TL_saippuat_koko_kyla\u2560elle_600.png","type":"image\/png"}],"twitter_card":"summary_large_image","twitter_misc":{"Ber\u00e4knad l\u00e4stid":"2 minuter"},"schema":{"@context":"https:\/\/schema.org","@graph":[{"@type":"WebPage","@id":"https:\/\/www.toisenlainenlahja.fi\/sv\/produkt\/tvalar-till-hela-byn\/","url":"https:\/\/www.toisenlainenlahja.fi\/sv\/produkt\/tvalar-till-hela-byn\/","name":"Tv\u00e5lar till hela byn - Annorlunda G\u00e5va","isPartOf":{"@id":"https:\/\/www.toisenlainenlahja.fi\/#website"},"primaryImageOfPage":{"@id":"https:\/\/www.toisenlainenlahja.fi\/sv\/produkt\/tvalar-till-hela-byn\/#primaryimage"},"image":{"@id":"https:\/\/www.toisenlainenlahja.fi\/sv\/produkt\/tvalar-till-hela-byn\/#primaryimage"},"thumbnailUrl":"https:\/\/www.toisenlainenlahja.fi\/wp-content\/uploads\/2013\/09\/TL_saippuat_koko_kyla\u2560elle_600.png","datePublished":"2020-10-13T05:54:34+00:00","dateModified":"2025-11-21T04:34:10+00:00","description":"Med hj\u00e4lp av tv\u00e5lg\u00e5van byggs stationer f\u00f6r handtv\u00e4tt i byar och skolor i u-l\u00e4nderna.","breadcrumb":{"@id":"https:\/\/www.toisenlainenlahja.fi\/sv\/produkt\/tvalar-till-hela-byn\/#breadcrumb"},"inLanguage":"sv-SE","potentialAction":[{"@type":"ReadAction","target":["https:\/\/www.toisenlainenlahja.fi\/sv\/produkt\/tvalar-till-hela-byn\/"]}]},{"@type":"ImageObject","inLanguage":"sv-SE","@id":"https:\/\/www.toisenlainenlahja.fi\/sv\/produkt\/tvalar-till-hela-byn\/#primaryimage","url":"https:\/\/www.toisenlainenlahja.fi\/wp-content\/uploads\/2013\/09\/TL_saippuat_koko_kyla\u2560elle_600.png","contentUrl":"https:\/\/www.toisenlainenlahja.fi\/wp-content\/uploads\/2013\/09\/TL_saippuat_koko_kyla\u2560elle_600.png","width":600,"height":600},{"@type":"BreadcrumbList","@id":"https:\/\/www.toisenlainenlahja.fi\/sv\/produkt\/tvalar-till-hela-byn\/#breadcrumb","itemListElement":[{"@type":"ListItem","position":1,"name":"G\u00e5vor","item":"https:\/\/www.toisenlainenlahja.fi\/sv\/gavor\/"},{"@type":"ListItem","position":2,"name":"Tv\u00e5lar till hela byn"}]},{"@type":"WebSite","@id":"https:\/\/www.toisenlainenlahja.fi\/#website","url":"https:\/\/www.toisenlainenlahja.fi\/","name":"Annorlunda G\u00e5va","description":"","publisher":{"@id":"https:\/\/www.toisenlainenlahja.fi\/#organization"},"potentialAction":[{"@type":"SearchAction","target":{"@type":"EntryPoint","urlTemplate":"https:\/\/www.toisenlainenlahja.fi\/?s={search_term_string}"},"query-input":{"@type":"PropertyValueSpecification","valueRequired":true,"valueName":"search_term_string"}}],"inLanguage":"sv-SE"},{"@type":"Organization","@id":"https:\/\/www.toisenlainenlahja.fi\/#organization","name":"Annorlunda G\u00e5va","url":"https:\/\/www.toisenlainenlahja.fi\/","logo":{"@type":"ImageObject","inLanguage":"sv-SE","@id":"https:\/\/www.toisenlainenlahja.fi\/#\/schema\/logo\/image\/","url":"https:\/\/www.toisenlainenlahja.fi\/wp-content\/uploads\/2021\/10\/logo-tl-sv-1.svg","contentUrl":"https:\/\/www.toisenlainenlahja.fi\/wp-content\/uploads\/2021\/10\/logo-tl-sv-1.svg","width":277,"height":30,"caption":"Annorlunda G\u00e5va"},"image":{"@id":"https:\/\/www.toisenlainenlahja.fi\/#\/schema\/logo\/image\/"}}]}},"_links":{"self":[{"href":"https:\/\/www.toisenlainenlahja.fi\/sv\/wp-json\/wp\/v2\/product\/2349","targetHints":{"allow":["GET"]}}],"collection":[{"href":"https:\/\/www.toisenlainenlahja.fi\/sv\/wp-json\/wp\/v2\/product"}],"about":[{"href":"https:\/\/www.toisenlainenlahja.fi\/sv\/wp-json\/wp\/v2\/types\/product"}],"replies":[{"embeddable":true,"href":"https:\/\/www.toisenlainenlahja.fi\/sv\/wp-json\/wp\/v2\/comments?post=2349"}],"wp:featuredmedia":[{"embeddable":true,"href":"https:\/\/www.toisenlainenlahja.fi\/sv\/wp-json\/wp\/v2\/media\/4587"}],"wp:attachment":[{"href":"https:\/\/www.toisenlainenlahja.fi\/sv\/wp-json\/wp\/v2\/media?parent=2349"}],"wp:term":[{"taxonomy":"product_brand","embeddable":true,"href":"https:\/\/www.toisenlainenlahja.fi\/sv\/wp-json\/wp\/v2\/product_brand?post=2349"},{"taxonomy":"product_cat","embeddable":true,"href":"https:\/\/www.toisenlainenlahja.fi\/sv\/wp-json\/wp\/v2\/product_cat?post=2349"},{"taxonomy":"product_tag","embeddable":true,"href":"https:\/\/www.toisenlainenlahja.fi\/sv\/wp-json\/wp\/v2\/product_tag?post=2349"}],"curies":[{"name":"wp","href":"https:\/\/api.w.org\/{rel}","templated":true}]}}